{"id":26627,"date":"2025-10-16T18:22:47","date_gmt":"2025-10-16T21:22:47","guid":{"rendered":"https:\/\/hificlub.com.br\/loja\/?post_type=product&#038;p=26627"},"modified":"2026-03-03T22:15:12","modified_gmt":"2026-03-04T01:15:12","slug":"marantz-cd-50n-leitor-de-cd-reprodutor-de-rede-pre-amplificador-digital-com-heos-integrado-apple-airplay-2-e-bluetooth","status":"publish","type":"product","link":"https:\/\/hificlub.com.br\/loja\/produto\/marantz-cd-50n-leitor-de-cd-reprodutor-de-rede-pre-amplificador-digital-com-heos-integrado-apple-airplay-2-e-bluetooth\/","title":{"rendered":"MARANTZ CD 50N &#8211; Leitor de Cd, Reprodutor de Rede, Pr\u00e9-Amplificador Digital Com Heos\u00ae Integrado, Apple Airplay\u00ae 2 e Bluetooth\u00ae"},"content":{"rendered":"<p>O <b>Marantz CD 50n<\/b> \u00e9 um player de \u00e1udio digital multifuncional de alto n\u00edvel, que combina um <b>Leitor de CD premium<\/b> e um <b>Streamer de Rede (Network Audio Player)<\/b> avan\u00e7ado. Ele faz parte da prestigiada S\u00e9rie 50 da Marantz, sendo ajustado pelo <i>Marantz Sound Master<\/i> para entregar o que a empresa chama de <i>Most Musical Sound<\/i>.<\/p>\n<p><strong>Funcionalidade e Posicionamento<\/strong><\/p>\n<p>O CD 50n \u00e9 um componente extremamente vers\u00e1til, projetado para ser o centro de uma moderna fonte digital:<\/p>\n<ul>\n<li>Leitor de CD Elite: Possui um mecanismo de CD de alta qualidade que revela detalhes precisos de cole\u00e7\u00f5es de CDs padr\u00e3o.<\/li>\n<li>Streamer Completo: Incorpora a plataforma HEOS Built-in, dando acesso a servi\u00e7os de <i>streaming<\/i> (Spotify Connect, Tidal, Deezer, etc.), R\u00e1dio na Internet e funcionalidades <i>multiroom<\/i>. \u00c9 tamb\u00e9m Roon Tested.<\/li>\n<li>Pr\u00e9-Amplificador Digital: Oferece sa\u00eddas RCA est\u00e9reo Vari\u00e1veis e Fixas, permitindo que o usu\u00e1rio o conecte diretamente a um amplificador de pot\u00eancia (atuando como um pr\u00e9-amplificador digital).<\/li>\n<\/ul>\n<p><strong>Conectividade e Recursos Adicionais<\/strong><\/p>\n<ul>\n<li>Entrada HDMI ARC: Inclui uma entrada HDMI ARC (Audio Return Channel), o que \u00e9 incomum em players est\u00e9reo, mas permite conectar o \u00e1udio da TV, filmes e jogos ao sistema de \u00e1udio Hi-Fi atrav\u00e9s de um \u00fanico cabo.<\/li>\n<li>Entradas Digitais: Conta com entradas Coaxial, \u00d3ptica e USB-B para a fun\u00e7\u00e3o DAC.<\/li>\n<li>Wireless: Wi-Fi dual-band (<span class=\"math-inline\" data-math=\"2,4\\text{ GHz}\">$2,4\\text{ GHz}$<\/span> e <span class=\"math-inline\" data-math=\"5\\text{ GHz}\">$5\\text{ GHz}$<\/span>) e Bluetooth.<\/li>\n<li>Headphone: Sa\u00edda de fone de ouvido de <span class=\"math-inline\" data-math=\"1\/4&quot;\">$1\/4&#8243;$<\/span> com circuito amplificador HDAM SA2 dedicado.<\/li>\n<\/ul>\n<p>&nbsp;<\/p>\n","protected":false},"excerpt":{"rendered":"<p>O Marantz CD 50n \u00e9 um player de \u00e1udio digital multifuncional de alto n\u00edvel, que combina um Leitor de CD premium e um Streamer de Rede (Network Audio Player) avan\u00e7ado. Ele faz parte da prestigiada S\u00e9rie 50 da Marantz, sendo ajustado pelo Marantz Sound Master para entregar o que a empresa chama de Most Musical [&hellip;]<\/p>\n","protected":false},"featured_media":26628,"template":"","meta":{"_acf_changed":false},"product_brand":[],"product_cat":[42,41,92],"product_tag":[],"class_list":{"0":"post-26627","1":"product","2":"type-product","3":"status-publish","4":"has-post-thumbnail","6":"product_cat-cd-players","7":"product_cat-digital","8":"product_cat-marantz","10":"first","11":"instock","12":"sold-individually","13":"shipping-taxable","14":"purchasable","15":"product-type-simple"},"acf":[],"aioseo_notices":[],"_links":{"self":[{"href":"https:\/\/hificlub.com.br\/loja\/wp-json\/wp\/v2\/product\/26627","targetHints":{"allow":["GET"]}}],"collection":[{"href":"https:\/\/hificlub.com.br\/loja\/wp-json\/wp\/v2\/product"}],"about":[{"href":"https:\/\/hificlub.com.br\/loja\/wp-json\/wp\/v2\/types\/product"}],"wp:featuredmedia":[{"embeddable":true,"href":"https:\/\/hificlub.com.br\/loja\/wp-json\/wp\/v2\/media\/26628"}],"wp:attachment":[{"href":"https:\/\/hificlub.com.br\/loja\/wp-json\/wp\/v2\/media?parent=26627"}],"wp:term":[{"taxonomy":"product_brand","embeddable":true,"href":"https:\/\/hificlub.com.br\/loja\/wp-json\/wp\/v2\/product_brand?post=26627"},{"taxonomy":"product_cat","embeddable":true,"href":"https:\/\/hificlub.com.br\/loja\/wp-json\/wp\/v2\/product_cat?post=26627"},{"taxonomy":"product_tag","embeddable":true,"href":"https:\/\/hificlub.com.br\/loja\/wp-json\/wp\/v2\/product_tag?post=26627"}],"curies":[{"name":"wp","href":"https:\/\/api.w.org\/{rel}","templated":true}]}}