{"id":26599,"date":"2025-10-15T22:07:22","date_gmt":"2025-10-16T01:07:22","guid":{"rendered":"https:\/\/hificlub.com.br\/loja\/?post_type=product&#038;p=26599"},"modified":"2026-02-10T08:37:58","modified_gmt":"2026-02-10T11:37:58","slug":"ps-audio-perfectwave-directstream-bridge-ii-dac-conversor-digital-para-analogico","status":"publish","type":"product","link":"https:\/\/hificlub.com.br\/loja\/produto\/ps-audio-perfectwave-directstream-bridge-ii-dac-conversor-digital-para-analogico\/","title":{"rendered":"PS AUDIO PerfectWave DirectStream DAC com Network Bridge II"},"content":{"rendered":"<p>O <b>PS Audio PerfectWave DirectStream Bridge II<\/b> n\u00e3o \u00e9 um DAC (Digital-to-Analog Converter) em si, mas sim um m\u00f3dulo de expans\u00e3o de rede (Network Card) projetado para se integrar e aprimorar o desempenho do DAC <b>PS Audio DirectStream<\/b>.<\/p>\n<p>Em outras palavras, o Bridge II transforma o DAC DirectStream em um <b>streamer de \u00e1udio<\/b> completo e de alta resolu\u00e7\u00e3o.<\/p>\n<p>O Bridge II \u00e9 uma <b>placa plug-in<\/b> que se insere no slot de expans\u00e3o traseiro do DAC PS Audio DirectStream (e, historicamente, do PerfectWave DAC original). Sua fun\u00e7\u00e3o principal \u00e9 fornecer conectividade de rede (Ethernet ou Wi-Fi) para que o DAC possa receber sinais de \u00e1udio digital diretamente de uma rede dom\u00e9stica ou da Internet, ignorando a necessidade de uma entrada USB separada ou de um <i>streamer<\/i> externo.<\/p>\n<p><strong>Recursos e Funcionalidade<\/strong><\/p>\n<ol start=\"1\">\n<li>Conectividade de Rede: Permite que o DAC se conecte \u00e0 rede dom\u00e9stica via Ethernet (preferencial) ou Wi-Fi (opcional), permitindo que ele atue como um <i>end-point<\/i> (ponto final) de rede.<\/li>\n<li>Streaming de Alta Resolu\u00e7\u00e3o: Suporta taxas de amostragem de at\u00e9 <span class=\"math-inline\"><span class=\"katex\"><span class=\"katex-html\" aria-hidden=\"true\"><span class=\"base\"><span class=\"mord\">192<\/span><span class=\"mord text\"><span class=\"mord\">kHz<\/span><\/span><span class=\"mord\">\/32<\/span><span class=\"mord text\"><span class=\"mord\">\u00a0bits<\/span><\/span><\/span><\/span><\/span><\/span> em formatos PCM e DSD (DSD64).<\/li>\n<li>Compatibilidade com Servi\u00e7os: Atua como o gateway para servi\u00e7os de streaming populares e protocolos de rede:\n<ul>\n<li>Roon Ready: Totalmente compat\u00edvel com o sistema Roon, sendo frequentemente elogiado por sua estabilidade e qualidade de som neste modo.<\/li>\n<li>Tidal, Spotify, Qobuz: Permite o streaming de m\u00fasica diretamente desses servi\u00e7os (geralmente via UPnP ou um aplicativo controlador).<\/li>\n<\/ul>\n<\/li>\n<li>Decodifica\u00e7\u00e3o MQA (Unfolding): O Bridge II realiza o primeiro n\u00edvel de decodifica\u00e7\u00e3o (Unfolding) de arquivos codificados em MQA, o que permite reproduzir o arquivo na sua taxa de amostragem original (e geralmente soa melhor do que a vers\u00e3o n\u00e3o-MQA). No entanto, o Bridge II n\u00e3o oferece a decodifica\u00e7\u00e3o MQA completa (<i>full decoding<\/i>).<\/li>\n<li>Qualidade de Som (Jitter): Uma das principais vantagens do Bridge II \u00e9 a sua arquitetura de baixo <i>jitter<\/i>. Ao alimentar o DAC diretamente pela rede, ele otimiza o <i>timing<\/i> do sinal digital antes que ele chegue ao cora\u00e7\u00e3o do DirectStream, frequentemente resultando em um som superior em compara\u00e7\u00e3o com a conex\u00e3o USB do computador.<\/li>\n<li>Gapless Playback: Suporta reprodu\u00e7\u00e3o sem pausas (<i>gapless playback) ao usar a rede.<\/i><\/li>\n<li><\/li>\n<\/ol>\n","protected":false},"excerpt":{"rendered":"<p>O PS Audio PerfectWave DirectStream Bridge II n\u00e3o \u00e9 um DAC (Digital-to-Analog Converter) em si, mas sim um m\u00f3dulo de expans\u00e3o de rede (Network Card) projetado para se integrar e aprimorar o desempenho do DAC PS Audio DirectStream. Em outras palavras, o Bridge II transforma o DAC DirectStream em um streamer de \u00e1udio completo e [&hellip;]<\/p>\n","protected":false},"featured_media":26600,"template":"","meta":{"_acf_changed":false},"product_brand":[],"product_cat":[43,41,54,142],"product_tag":[],"class_list":{"0":"post-26599","1":"product","2":"type-product","3":"status-publish","4":"has-post-thumbnail","6":"product_cat-dac","7":"product_cat-digital","8":"product_cat-ps-audio","9":"product_cat-streamers","11":"first","12":"instock","13":"sold-individually","14":"shipping-taxable","15":"purchasable","16":"product-type-simple"},"acf":[],"aioseo_notices":[],"_links":{"self":[{"href":"https:\/\/hificlub.com.br\/loja\/wp-json\/wp\/v2\/product\/26599","targetHints":{"allow":["GET"]}}],"collection":[{"href":"https:\/\/hificlub.com.br\/loja\/wp-json\/wp\/v2\/product"}],"about":[{"href":"https:\/\/hificlub.com.br\/loja\/wp-json\/wp\/v2\/types\/product"}],"wp:featuredmedia":[{"embeddable":true,"href":"https:\/\/hificlub.com.br\/loja\/wp-json\/wp\/v2\/media\/26600"}],"wp:attachment":[{"href":"https:\/\/hificlub.com.br\/loja\/wp-json\/wp\/v2\/media?parent=26599"}],"wp:term":[{"taxonomy":"product_brand","embeddable":true,"href":"https:\/\/hificlub.com.br\/loja\/wp-json\/wp\/v2\/product_brand?post=26599"},{"taxonomy":"product_cat","embeddable":true,"href":"https:\/\/hificlub.com.br\/loja\/wp-json\/wp\/v2\/product_cat?post=26599"},{"taxonomy":"product_tag","embeddable":true,"href":"https:\/\/hificlub.com.br\/loja\/wp-json\/wp\/v2\/product_tag?post=26599"}],"curies":[{"name":"wp","href":"https:\/\/api.w.org\/{rel}","templated":true}]}}