{"id":26584,"date":"2025-10-15T21:26:32","date_gmt":"2025-10-16T00:26:32","guid":{"rendered":"https:\/\/hificlub.com.br\/loja\/?post_type=product&#038;p=26584"},"modified":"2025-10-17T05:25:51","modified_gmt":"2025-10-17T08:25:51","slug":"etsuro-bordeaux-capsula-de-bobina-movel","status":"publish","type":"product","link":"https:\/\/hificlub.com.br\/loja\/produto\/etsuro-bordeaux-capsula-de-bobina-movel\/","title":{"rendered":"ETSURO URUSHI Bordeaux &#8211; C\u00e1psula MC High End"},"content":{"rendered":"<p>A <b>C\u00e1psula Etsuro Bordeaux<\/b> (nome completo: <b>Etsuro-Urushi Bordeaux<\/b>) \u00e9 uma c\u00e1psula de <b>bobina m\u00f3vel (Moving Coil &#8211; MC)<\/b> de ultra <i>high-end<\/i>, fabricada no Jap\u00e3o e conhecida por sua constru\u00e7\u00e3o meticulosa, materiais ex\u00f3ticos e qualidade sonora de refer\u00eancia.<\/p>\n<p>O nome &#8220;Urushi&#8221; refere-se \u00e0 laca japonesa tradicional aplicada \u00e0 sua carca\u00e7a, o que contribui tanto para a sua est\u00e9tica \u00fanica quanto para a rigidez do corpo.<\/p>\n<p>Caracter\u00edsticas F\u00edsicas e Materiais Exclusivos<\/p>\n<ul>\n<li><b>Cantilever:<\/b> Tubo de <b>Safira<\/b> de <span class=\"math-inline\"><span class=\"katex\"><span class=\"katex-html\" aria-hidden=\"true\"><span class=\"base\"><span class=\"mord\">0<\/span><span class=\"mpunct\">,<\/span><span class=\"mord\">4<\/span><span class=\"mord mathnormal\">\u03d5<\/span><\/span><\/span><\/span><\/span> (0,4mm).\n<ul>\n<li>Escolhido por sua extrema rigidez e excelente velocidade de transmiss\u00e3o de vibra\u00e7\u00e3o, minimizando a distor\u00e7\u00e3o.<\/li>\n<\/ul>\n<\/li>\n<li><b>Base da C\u00e1psula:<\/b> Placa de <b>Safira Pura<\/b> de <span class=\"math-inline\"><span class=\"katex\"><span class=\"katex-html\" aria-hidden=\"true\"><span class=\"base\"><span class=\"mord\">2<\/span><span class=\"mpunct\">,<\/span><span class=\"mord\">5<\/span><span class=\"mord text\"><span class=\"mord\">mm<\/span><\/span><\/span><\/span><\/span><\/span>.\n<ul>\n<li>Fixa a c\u00e1psula \u00e0 <i>headshell<\/i> e garante que a vibra\u00e7\u00e3o seja transmitida com o m\u00ednimo de perda de sinal e distor\u00e7\u00e3o.<\/li>\n<\/ul>\n<\/li>\n<li><b>Carca\u00e7a (Housing):<\/b> <b>Superduralum\u00ednio Extra (A7075)<\/b>.\n<ul>\n<li>Liga de alum\u00ednio de alta rigidez.<\/li>\n<\/ul>\n<\/li>\n<li><b>Acabamento da Carca\u00e7a:<\/b> Processamento Artesanal em <b>Laca Urushi de Grau Especial<\/b>.\n<ul>\n<li>A laca \u00e9 aplicada em m\u00faltiplas camadas por artes\u00e3os japoneses, aumentando a rigidez do corpo (minimizando a resson\u00e2ncia indesejada) e proporcionando o seu distintivo acabamento em cor Bordeaux.<\/li>\n<\/ul>\n<\/li>\n<li><b>Circuito Magn\u00e9tico:<\/b> Combina\u00e7\u00e3o de ferro macio eletromagn\u00e9tico e \u00edm\u00e3 de Sam\u00e1rio Cobalto.<\/li>\n<li><b>Pinos Terminais:<\/b> Banhados a <b>Ouro<\/b>.<\/li>\n<li><b>Peso da C\u00e1psula:<\/b> <span class=\"math-inline\"><span class=\"katex\"><span class=\"katex-html\" aria-hidden=\"true\"><span class=\"base\"><span class=\"mord\">9<\/span><span class=\"mpunct\">,<\/span><span class=\"mord\">0<\/span><span class=\"mord text\"><span class=\"mord\">\u00a0gramas<\/span><\/span><\/span><\/span><\/span><\/span>.<\/li>\n<\/ul>\n<p>A c\u00e1psula Etsuro Bordeaux \u00e9 reverenciada na comunidade audi\u00f3fila por sua capacidade de extrair detalhes com extrema transpar\u00eancia, fluidez e um equil\u00edbrio tonal org\u00e2nico.<\/p>\n","protected":false},"excerpt":{"rendered":"<p>A C\u00e1psula Etsuro Bordeaux (nome completo: Etsuro-Urushi Bordeaux) \u00e9 uma c\u00e1psula de bobina m\u00f3vel (Moving Coil &#8211; MC) de ultra high-end, fabricada no Jap\u00e3o e conhecida por sua constru\u00e7\u00e3o meticulosa, materiais ex\u00f3ticos e qualidade sonora de refer\u00eancia. O nome &#8220;Urushi&#8221; refere-se \u00e0 laca japonesa tradicional aplicada \u00e0 sua carca\u00e7a, o que contribui tanto para a [&hellip;]<\/p>\n","protected":false},"featured_media":26585,"template":"","meta":{"_acf_changed":false},"product_brand":[],"product_cat":[78,99,336],"product_tag":[],"class_list":{"0":"post-26584","1":"product","2":"type-product","3":"status-publish","4":"has-post-thumbnail","6":"product_cat-analogico-audio","7":"product_cat-capsulas","8":"product_cat-etsuro-urushi","10":"first","11":"instock","12":"sold-individually","13":"shipping-taxable","14":"purchasable","15":"product-type-simple"},"acf":[],"aioseo_notices":[],"_links":{"self":[{"href":"https:\/\/hificlub.com.br\/loja\/wp-json\/wp\/v2\/product\/26584","targetHints":{"allow":["GET"]}}],"collection":[{"href":"https:\/\/hificlub.com.br\/loja\/wp-json\/wp\/v2\/product"}],"about":[{"href":"https:\/\/hificlub.com.br\/loja\/wp-json\/wp\/v2\/types\/product"}],"wp:featuredmedia":[{"embeddable":true,"href":"https:\/\/hificlub.com.br\/loja\/wp-json\/wp\/v2\/media\/26585"}],"wp:attachment":[{"href":"https:\/\/hificlub.com.br\/loja\/wp-json\/wp\/v2\/media?parent=26584"}],"wp:term":[{"taxonomy":"product_brand","embeddable":true,"href":"https:\/\/hificlub.com.br\/loja\/wp-json\/wp\/v2\/product_brand?post=26584"},{"taxonomy":"product_cat","embeddable":true,"href":"https:\/\/hificlub.com.br\/loja\/wp-json\/wp\/v2\/product_cat?post=26584"},{"taxonomy":"product_tag","embeddable":true,"href":"https:\/\/hificlub.com.br\/loja\/wp-json\/wp\/v2\/product_tag?post=26584"}],"curies":[{"name":"wp","href":"https:\/\/api.w.org\/{rel}","templated":true}]}}