{"id":2656,"date":"2023-10-17T20:02:07","date_gmt":"2023-10-17T23:02:07","guid":{"rendered":"https:\/\/hificlub.com.br\/loja2\/produto\/kef-xq40-black-gloss\/"},"modified":"2026-04-05T10:03:21","modified_gmt":"2026-04-05T13:03:21","slug":"kef-xq40-black-gloss","status":"publish","type":"product","link":"https:\/\/hificlub.com.br\/loja\/produto\/kef-xq40-black-gloss\/","title":{"rendered":"KEF XQ40 Black Gloss"},"content":{"rendered":"<p>&nbsp;<\/p>\n<p>Os alto-falantes de piso KEF XQ40 usam o emparelhamento de um driver de graves de distor\u00e7\u00e3o ultra baixa com a mais recente encarna\u00e7\u00e3o da matriz de &#8216;fonte pontual&#8217; Uni-Q da KEF para as frequ\u00eancias m\u00e9dias e altas, dispersa um campo de som tridimensional atraentemente rico uniformemente em todo o \u00e1rea de escuta.\u00a0Os alto-falantes de piso KEF XQ40 usam a mesma tecnologia de crossover desenvolvida a partir da KEF Reference Series, garantindo excelente manuseio de energia, juntamente com transi\u00e7\u00f5es excepcionalmente fluidas<\/p>\n<p>As curvas org\u00e2nicas limpas dos lados do gabinete dos alto-falantes de piso KEF XQ40 s\u00e3o calculadas para maximizar a rigidez e minimizar a resson\u00e2ncia interna indesejada.\u00a0O resultado \u00e9 uma resposta aberta e natural que reproduz as complexidades da grava\u00e7\u00e3o com igual autoridade, quer voc\u00ea esteja curtindo m\u00fasicas ou trilhas sonoras de filmes.\u00a0Com tr\u00eas acabamentos contempor\u00e2neos marcantes para escolher, a est\u00e9tica \u00e9 t\u00e3o distinta quanto o som.\u00a0L\u00facido e profundamente gratificante.<\/p>\n<p>Provando que um alto-falante pode ter uma apar\u00eancia t\u00e3o boa quanto o som, os alto-falantes de piso KEF XQ40 completos v\u00eam em 3 acabamentos de alto brilho impressionantes: Piano Black, Birdseye Maple e Khaya Mahogany.<\/p>\n<div class=\"titleGroup desktop\">\n<div class=\"heading\">\n<blockquote dir=\"ltr\">\n<ul>\n<li>Disposi\u00e7\u00e3o avan\u00e7ada do driver Uni-Q de 130 mm<\/li>\n<li>Sistema de motor de ultra baixa distor\u00e7\u00e3o<\/li>\n<li>Tecnologia de guia de onda &#8216;tangerina&#8217;<\/li>\n<li>Blindado magneticamente<\/li>\n<li>Design compacto de piso de 3 vias<\/li>\n<li>Perfeito para sistemas AV de alta fidelidade ou multicanal<\/li>\n<li>3 acabamentos luxuosos de alto brilho<\/li>\n<li>\n<table id=\"product-attribute-specs-table\" class=\"data table additional-attributes\">\n<tbody>\n<tr>\n<th class=\"col label\" scope=\"row\">especifica\u00e7\u00f5es do produto<\/th>\n<td class=\"col data\" data-th=\"Product Specifications\">\n<table>\n<tbody>\n<tr>\n<td>\n<table border=\"0\">\n<tbody>\n<tr>\n<td>\n<ul>\n<li><span class=\"body\">Sensibilidade SPL\/m\/2,83V<\/span><\/li>\n<\/ul>\n<\/td>\n<td class=\"body\">90dB<\/td>\n<\/tr>\n<\/tbody>\n<\/table>\n<table border=\"0\">\n<tbody>\n<tr>\n<td>\n<ul>\n<li><span class=\"body\">Faixa de pot\u00eancia do amplificador<\/span><\/li>\n<\/ul>\n<\/td>\n<td class=\"body\">15 a 200 Watts<\/td>\n<\/tr>\n<\/tbody>\n<\/table>\n<table border=\"0\">\n<tbody>\n<tr>\n<td>\n<ul>\n<li><span class=\"body\">Dimens\u00f5es (AxLxP) em mm<\/span><\/li>\n<\/ul>\n<\/td>\n<td class=\"body\">1020x231x302<\/td>\n<\/tr>\n<\/tbody>\n<\/table>\n<table border=\"0\">\n<tbody>\n<tr>\n<td>\n<ul>\n<li><span class=\"body\">Terminar<\/span><\/li>\n<\/ul>\n<\/td>\n<td class=\"body\">Maple, Mogno, Preto<\/td>\n<\/tr>\n<\/tbody>\n<\/table>\n<table border=\"0\">\n<tbody>\n<tr>\n<td>\n<ul>\n<li><span class=\"body\">Frequencia cruzada<\/span><\/li>\n<\/ul>\n<\/td>\n<td class=\"body\">2,5KHz<\/td>\n<\/tr>\n<\/tbody>\n<\/table>\n<table border=\"0\">\n<tbody>\n<tr>\n<td>\n<ul>\n<li><span class=\"body\">Driver de baixo<\/span><\/li>\n<\/ul>\n<\/td>\n<td class=\"body\">165mm UniQ<\/td>\n<\/tr>\n<\/tbody>\n<\/table>\n<table border=\"0\">\n<tbody>\n<tr>\n<td>\n<ul>\n<li><span class=\"body\">Faixa de frequ\u00eancia em 3dB<\/span><\/li>\n<\/ul>\n<\/td>\n<td class=\"body\">45Hz &#8211; 55KHz<\/td>\n<\/tr>\n<\/tbody>\n<\/table>\n<table border=\"0\">\n<tbody>\n<tr>\n<td>\n<ul>\n<li><span class=\"body\">Driver de alta frequ\u00eancia<\/span><\/li>\n<\/ul>\n<\/td>\n<td class=\"body\">C\u00fapula de alum\u00ednio de 19 mm<\/td>\n<\/tr>\n<\/tbody>\n<\/table>\n<table border=\"0\">\n<tbody>\n<tr>\n<td>\n<ul>\n<li><span class=\"body\">Driver LF<\/span><\/li>\n<\/ul>\n<\/td>\n<td class=\"body\">2x165mm<\/td>\n<\/tr>\n<\/tbody>\n<\/table>\n<table border=\"0\">\n<tbody>\n<tr>\n<td>\n<ul>\n<li><span class=\"body\">Tipo de gabinete<\/span><\/li>\n<\/ul>\n<\/td>\n<td class=\"body\">Reflexo baixo de duas vias<\/td>\n<\/tr>\n<\/tbody>\n<\/table>\n<table border=\"0\">\n<tbody>\n<tr>\n<td>\n<ul>\n<li><span class=\"body\">Peso<\/span><\/li>\n<\/ul>\n<\/td>\n<td class=\"body\">24,3kg<\/td>\n<\/tr>\n<\/tbody>\n<\/table>\n<table border=\"0\">\n<tbody>\n<tr>\n<td>\n<ul>\n<li><span class=\"body\">Imped\u00e2ncia<\/span><\/li>\n<\/ul>\n<\/td>\n<td class=\"body\">8 Ohms<\/td>\n<\/tr>\n<\/tbody>\n<\/table>\n<\/td>\n<\/tr>\n<\/tbody>\n<\/table>\n<\/td>\n<\/tr>\n<\/tbody>\n<\/table>\n<\/li>\n<\/ul>\n<\/blockquote>\n<\/div>\n<\/div>\n","protected":false},"excerpt":{"rendered":"<p>&nbsp; Os alto-falantes de piso KEF XQ40 usam o emparelhamento de um driver de graves de distor\u00e7\u00e3o ultra baixa com a mais recente encarna\u00e7\u00e3o da matriz de &#8216;fonte pontual&#8217; Uni-Q da KEF para as frequ\u00eancias m\u00e9dias e altas, dispersa um campo de som tridimensional atraentemente rico uniformemente em todo o \u00e1rea de escuta.\u00a0Os alto-falantes de [&hellip;]<\/p>\n","protected":false},"featured_media":5635,"template":"","meta":{"_acf_changed":false},"product_brand":[],"product_cat":[17,56,18],"product_tag":[],"class_list":{"0":"post-2656","1":"product","2":"type-product","3":"status-publish","4":"has-post-thumbnail","6":"product_cat-caixas","7":"product_cat-kef","8":"product_cat-torres","10":"first","11":"instock","12":"sold-individually","13":"shipping-taxable","14":"purchasable","15":"product-type-simple"},"acf":[],"aioseo_notices":[],"_links":{"self":[{"href":"https:\/\/hificlub.com.br\/loja\/wp-json\/wp\/v2\/product\/2656","targetHints":{"allow":["GET"]}}],"collection":[{"href":"https:\/\/hificlub.com.br\/loja\/wp-json\/wp\/v2\/product"}],"about":[{"href":"https:\/\/hificlub.com.br\/loja\/wp-json\/wp\/v2\/types\/product"}],"wp:featuredmedia":[{"embeddable":true,"href":"https:\/\/hificlub.com.br\/loja\/wp-json\/wp\/v2\/media\/5635"}],"wp:attachment":[{"href":"https:\/\/hificlub.com.br\/loja\/wp-json\/wp\/v2\/media?parent=2656"}],"wp:term":[{"taxonomy":"product_brand","embeddable":true,"href":"https:\/\/hificlub.com.br\/loja\/wp-json\/wp\/v2\/product_brand?post=2656"},{"taxonomy":"product_cat","embeddable":true,"href":"https:\/\/hificlub.com.br\/loja\/wp-json\/wp\/v2\/product_cat?post=2656"},{"taxonomy":"product_tag","embeddable":true,"href":"https:\/\/hificlub.com.br\/loja\/wp-json\/wp\/v2\/product_tag?post=2656"}],"curies":[{"name":"wp","href":"https:\/\/api.w.org\/{rel}","templated":true}]}}