{"id":26539,"date":"2025-10-15T11:22:43","date_gmt":"2025-10-15T14:22:43","guid":{"rendered":"https:\/\/hificlub.com.br\/loja\/?post_type=product&#038;p=26539"},"modified":"2026-03-03T22:15:12","modified_gmt":"2026-03-04T01:15:12","slug":"denon-avr-a1h-receiver-av-8k-15-4-canais","status":"publish","type":"product","link":"https:\/\/hificlub.com.br\/loja\/produto\/denon-avr-a1h-receiver-av-8k-15-4-canais\/","title":{"rendered":"DENON AVR-A1H &#8211; Receiver AV 8K, 15.4 Canais, Powered by HEOS\u2122 com Dolby Atmos, HDR10, HDR10+, Dolby Vision e HLG, Dolby Atmos, DTS:X e DTS:X Pro, Auro-3D, IMAX Enhanced, 150 Watts"},"content":{"rendered":"<p>O <b>Denon AVR-A1H<\/b> \u00e9 o receiver\/amplificador AV <b>flagship (topo de linha)<\/b> da Denon, representando o auge do design da marca em termos de constru\u00e7\u00e3o, pot\u00eancia e recursos. \u00c9 not\u00e1vel por ser um dos primeiros receivers AV do mundo a ter <span class=\"math-inline\"><span class=\"katex\"><span class=\"katex-html\" aria-hidden=\"true\"><span class=\"base\"><span class=\"mord\">15<\/span><\/span><\/span><\/span><\/span> canais de amplifica\u00e7\u00e3o integrada.<\/p>\n<p>Aqui est\u00e3o as informa\u00e7\u00f5es e especifica\u00e7\u00f5es detalhadas sobre este modelo:<\/p>\n<ul>\n<li>Flagship: Posicionado como o modelo mais avan\u00e7ado e poderoso da Denon, constru\u00eddo nas instala\u00e7\u00f5es de Shirakawa, Jap\u00e3o, com um foco especial em componentes audi\u00f3filos e constru\u00e7\u00e3o de alta rigidez.<\/li>\n<li><span class=\"math-inline\"><span class=\"katex\"><span class=\"katex-html\" aria-hidden=\"true\"><span class=\"base\"><span class=\"mord\">15.4<\/span><\/span><\/span><\/span><\/span> Canais: \u00c9 um dos raros receivers no mercado com <span class=\"math-inline\"><span class=\"katex\"><span class=\"katex-html\" aria-hidden=\"true\"><span class=\"base\"><span class=\"mord\">15<\/span><\/span><\/span><\/span><\/span> canais de amplifica\u00e7\u00e3o em um \u00fanico chassi, permitindo configura\u00e7\u00f5es de cinema em casa totalmente imersivas (como <span class=\"math-inline\"><span class=\"katex\"><span class=\"katex-html\" aria-hidden=\"true\"><span class=\"base\"><span class=\"mord\">9.4.6<\/span><\/span><\/span><\/span><\/span>) sem a necessidade de amplificadores externos adicionais.<\/li>\n<li>Quatro Subwoofers Independentes: Possui <span class=\"math-inline\"><span class=\"katex\"><span class=\"katex-html\" aria-hidden=\"true\"><span class=\"base\"><span class=\"mord\">4<\/span><\/span><\/span><\/span><\/span> sa\u00eddas independentes para subwoofer, permitindo otimizar a distribui\u00e7\u00e3o de graves na sala.<\/li>\n<li>Dirac Live Ready: Suporta o sistema avan\u00e7ado de corre\u00e7\u00e3o de sala Dirac Live (requer licen\u00e7a paga), al\u00e9m do Audyssey MultEQ XT32 padr\u00e3o.<\/li>\n<\/ul>\n<p><strong>Sec\u00e7\u00e3o de Amplifica\u00e7\u00e3o e \u00c1udio<\/strong><\/p>\n<ul>\n<li>Canais de Amplifica\u00e7\u00e3o: <span class=\"math-inline\"><span class=\"katex\"><span class=\"katex-html\" aria-hidden=\"true\"><span class=\"base\"><span class=\"mord\">15<\/span><\/span><\/span><\/span><\/span> canais integrados (constru\u00e7\u00e3o de amplificador monol\u00edtico).<\/li>\n<li>Canais de Processamento (Pr\u00e9-out): <span class=\"math-inline\"><span class=\"katex\"><span class=\"katex-html\" aria-hidden=\"true\"><span class=\"base\"><span class=\"mord\">15.4<\/span><\/span><\/span><\/span><\/span> canais.<\/li>\n<li>Pot\u00eancia de Sa\u00edda (Est\u00e9reo): <span class=\"math-inline\"><span class=\"katex\"><span class=\"katex-html\" aria-hidden=\"true\"><span class=\"base\"><span class=\"mord\">150<\/span><span class=\"mord text\"><span class=\"mord\">W<\/span><\/span><\/span><\/span><\/span><\/span> por canal em <span class=\"math-inline\"><span class=\"katex\"><span class=\"katex-html\" aria-hidden=\"true\"><span class=\"base\"><span class=\"mord\">8\u03a9<\/span><\/span><\/span><\/span><\/span> (<span class=\"math-inline\"><span class=\"katex\"><span class=\"katex-html\" aria-hidden=\"true\"><span class=\"base\"><span class=\"mord\">20<\/span><span class=\"mord text\"><span class=\"mord\">Hz<\/span><\/span><span class=\"mbin\">\u2212<\/span><\/span><span class=\"base\"><span class=\"mord\">20<\/span><span class=\"mord text\"><span class=\"mord\">kHz<\/span><\/span><\/span><\/span><\/span><\/span>, <span class=\"math-inline\"><span class=\"katex\"><span class=\"katex-html\" aria-hidden=\"true\"><span class=\"base\"><span class=\"mord\">0<\/span><span class=\"mpunct\">,<\/span><span class=\"mord\">05%<\/span><\/span><\/span><\/span><\/span> THD, <span class=\"math-inline\"><span class=\"katex\"><span class=\"katex-html\" aria-hidden=\"true\"><span class=\"base\"><span class=\"mord\">2<\/span><span class=\"mord text\"><span class=\"mord\">\u00a0canais\u00a0acionados<\/span><\/span><\/span><\/span><\/span><\/span>).<\/li>\n<li>Imped\u00e2ncia Suportada: <span class=\"math-inline\"><span class=\"katex\"><span class=\"katex-html\" aria-hidden=\"true\"><span class=\"base\"><span class=\"mord\">4<\/span><\/span><\/span><\/span><\/span> a <span class=\"math-inline\"><span class=\"katex\"><span class=\"katex-html\" aria-hidden=\"true\"><span class=\"base\"><span class=\"mord\">16\u03a9<\/span><\/span><\/span><\/span><\/span>.<\/li>\n<li>Formatos de \u00c1udio 3D: Dolby Atmos, DTS:X, DTS:X Pro, Auro-3D, IMAX Enhanced e 360 Reality Audio.<\/li>\n<li>Calibra\u00e7\u00e3o Ac\u00fastica: Audyssey MultEQ XT32 e Dirac Live Ready.<\/li>\n<li>Conex\u00f5es de \u00c1udio Premium: Inclui uma entrada XLR (balanceada) e entrada Phono (MM).<\/li>\n<\/ul>\n<p><strong>Sec\u00e7\u00e3o de V\u00eddeo e HDMI<\/strong><\/p>\n<ul>\n<li>Resolu\u00e7\u00e3o M\u00e1xima: Suporte a <i>pass-through<\/i> e <i>upscaling<\/i> de v\u00eddeo <span class=\"math-inline\"><span class=\"katex\"><span class=\"katex-html\" aria-hidden=\"true\"><span class=\"base\"><span class=\"mord\">8<\/span><span class=\"mord text\"><span class=\"mord\">K<\/span><\/span><span class=\"mord\">@60<\/span><span class=\"mord text\"><span class=\"mord\">Hz<\/span><\/span><\/span><\/span><\/span><\/span> e <span class=\"math-inline\"><span class=\"katex\"><span class=\"katex-html\" aria-hidden=\"true\"><span class=\"base\"><span class=\"mord\">4<\/span><span class=\"mord text\"><span class=\"mord\">K<\/span><\/span><span class=\"mord\">@120<\/span><span class=\"mord text\"><span class=\"mord\">Hz<\/span><\/span><\/span><\/span><\/span><\/span> (em todas as <span class=\"math-inline\"><span class=\"katex\"><span class=\"katex-html\" aria-hidden=\"true\"><span class=\"base\"><span class=\"mord\">7<\/span><\/span><\/span><\/span><\/span> entradas HDMI).<\/li>\n<li>HDR: Suporta HDR10, HDR10+, Dolby Vision e HLG.<\/li>\n<li>Conex\u00f5es HDMI: <span class=\"math-inline\"><span class=\"katex\"><span class=\"katex-html\" aria-hidden=\"true\"><span class=\"base\"><span class=\"mord\">7<\/span><\/span><\/span><\/span><\/span> entradas HDMI \/ <span class=\"math-inline\"><span class=\"katex\"><span class=\"katex-html\" aria-hidden=\"true\"><span class=\"base\"><span class=\"mord\">3<\/span><\/span><\/span><\/span><\/span> sa\u00eddas HDMI (com eARC na sa\u00edda principal e uma sa\u00edda Zona 2).<\/li>\n<li>Recursos de Jogo: Suporte a VRR, ALLM e QFT.<\/li>\n<\/ul>\n<p><strong>Conectividade<\/strong><\/p>\n<ul>\n<li>Wireless: Wi-Fi e Bluetooth integrados.<\/li>\n<li>Multiroom: Tecnologia HEOS Built-in para streaming de \u00e1udio sem fio e controle multiroom em <span class=\"math-inline\"><span class=\"katex\"><span class=\"katex-html\" aria-hidden=\"true\"><span class=\"base\"><span class=\"mord\">3<\/span><\/span><\/span><\/span><\/span> zonas.<\/li>\n<li>Constru\u00e7\u00e3o: Chassi de tripla camada e p\u00e9s de ferro fundido para maior rigidez e prote\u00e7\u00e3o contra vibra\u00e7\u00f5es.<\/li>\n<\/ul>\n","protected":false},"excerpt":{"rendered":"<p>O Denon AVR-A1H \u00e9 o receiver\/amplificador AV flagship (topo de linha) da Denon, representando o auge do design da marca em termos de constru\u00e7\u00e3o, pot\u00eancia e recursos. \u00c9 not\u00e1vel por ser um dos primeiros receivers AV do mundo a ter 15 canais de amplifica\u00e7\u00e3o integrada. Aqui est\u00e3o as informa\u00e7\u00f5es e especifica\u00e7\u00f5es detalhadas sobre este modelo: [&hellip;]<\/p>\n","protected":false},"featured_media":26542,"template":"","meta":{"_acf_changed":false},"product_brand":[],"product_cat":[150,21,22],"product_tag":[],"class_list":{"0":"post-26539","1":"product","2":"type-product","3":"status-publish","4":"has-post-thumbnail","6":"product_cat-denon","7":"product_cat-home-theater","8":"product_cat-receivers","10":"first","11":"instock","12":"sold-individually","13":"shipping-taxable","14":"purchasable","15":"product-type-simple"},"acf":[],"aioseo_notices":[],"_links":{"self":[{"href":"https:\/\/hificlub.com.br\/loja\/wp-json\/wp\/v2\/product\/26539","targetHints":{"allow":["GET"]}}],"collection":[{"href":"https:\/\/hificlub.com.br\/loja\/wp-json\/wp\/v2\/product"}],"about":[{"href":"https:\/\/hificlub.com.br\/loja\/wp-json\/wp\/v2\/types\/product"}],"wp:featuredmedia":[{"embeddable":true,"href":"https:\/\/hificlub.com.br\/loja\/wp-json\/wp\/v2\/media\/26542"}],"wp:attachment":[{"href":"https:\/\/hificlub.com.br\/loja\/wp-json\/wp\/v2\/media?parent=26539"}],"wp:term":[{"taxonomy":"product_brand","embeddable":true,"href":"https:\/\/hificlub.com.br\/loja\/wp-json\/wp\/v2\/product_brand?post=26539"},{"taxonomy":"product_cat","embeddable":true,"href":"https:\/\/hificlub.com.br\/loja\/wp-json\/wp\/v2\/product_cat?post=26539"},{"taxonomy":"product_tag","embeddable":true,"href":"https:\/\/hificlub.com.br\/loja\/wp-json\/wp\/v2\/product_tag?post=26539"}],"curies":[{"name":"wp","href":"https:\/\/api.w.org\/{rel}","templated":true}]}}