{"id":26521,"date":"2025-10-15T10:38:16","date_gmt":"2025-10-15T13:38:16","guid":{"rendered":"https:\/\/hificlub.com.br\/loja\/?post_type=product&#038;p=26521"},"modified":"2026-03-03T22:15:12","modified_gmt":"2026-03-04T01:15:12","slug":"denon-avc-x6700h-e2-receiver-av-8k-hdr10-hdr10-dolby-vision-e-hlg-dolby-atmos-dtsx-e-dtsx-pro-auro-3d-imax-enhanced-140-watts","status":"publish","type":"product","link":"https:\/\/hificlub.com.br\/loja\/produto\/denon-avc-x6700h-e2-receiver-av-8k-hdr10-hdr10-dolby-vision-e-hlg-dolby-atmos-dtsx-e-dtsx-pro-auro-3d-imax-enhanced-140-watts\/","title":{"rendered":"DENON AVC-X6700H E2 &#8211; Receiver AV 8K, 11.2 Canais, HDR10, HDR10+, Dolby Vision e HLG, Dolby Atmos, DTS:X e DTS:X Pro, Auro-3D, IMAX Enhanced, 140 Watts"},"content":{"rendered":"<p>O <b>Denon AVC-X6700H<\/b> (e a variante <b>AVC-X6700H E2<\/b>) \u00e9 um amplificador\/receptor AV (Audio\/V\u00eddeo) <b>Premium de <span class=\"math-inline\"><span class=\"katex\"><span class=\"katex-html\" aria-hidden=\"true\"><span class=\"base\"><span class=\"mord\">11.2<\/span><\/span><\/span><\/span><\/span> canais<\/b>, lan\u00e7ado pela Denon para ser o centro de sistemas de home cinema de alto desempenho.<\/p>\n<p>A designa\u00e7\u00e3o <b>&#8220;E2&#8221;<\/b> refere-se tipicamente a uma <b>revis\u00e3o de hardware<\/b> do modelo original. Historicamente, essa revis\u00e3o (ou modelos posteriores) incorporou melhorias, como corre\u00e7\u00f5es em problemas de compatibilidade com HDMI <span class=\"math-inline\"><span class=\"katex\"><span class=\"katex-html\" aria-hidden=\"true\"><span class=\"base\"><span class=\"mord\">2.1<\/span><\/span><\/span><\/span><\/span> (como <span class=\"math-inline\"><span class=\"katex\"><span class=\"katex-html\" aria-hidden=\"true\"><span class=\"base\"><span class=\"mord\">4<\/span><span class=\"mord text\"><span class=\"mord\">K<\/span><\/span><span class=\"mord\">@120<\/span><span class=\"mord text\"><span class=\"mord\">Hz<\/span><\/span><\/span><\/span><\/span><\/span> e <span class=\"math-inline\"><span class=\"katex\"><span class=\"katex-html\" aria-hidden=\"true\"><span class=\"base\"><span class=\"mord\">8<\/span><span class=\"mord text\"><span class=\"mord\">K<\/span><\/span><span class=\"mord\">@60<\/span><span class=\"mord text\"><span class=\"mord\">Hz<\/span><\/span><\/span><\/span><\/span><\/span> em algumas unidades iniciais) e otimiza\u00e7\u00f5es de \u00e1udio (que podem ser referidas como &#8220;Updated&#8221; em algumas an\u00e1lises t\u00e9cnicas). No entanto, as especifica\u00e7\u00f5es principais permanecem as mesmas.<\/p>\n<p>O AVC-X6700H (E2) \u00e9 uma m\u00e1quina poderosa e repleta de recursos, projetada para a mais moderna experi\u00eancia de cinema em casa, oferecendo ampla pot\u00eancia e todos os formatos de \u00e1udio e v\u00eddeo 3D atuais.<\/p>\n<p><strong>V\u00eddeo e Conectividade<\/strong><\/p>\n<ul>\n<li>Suporte HDMI: Possui uma entrada HDMI <span class=\"math-inline\"><span class=\"katex\"><span class=\"katex-html\" aria-hidden=\"true\"><span class=\"base\"><span class=\"mord\">2.1<\/span><\/span><\/span><\/span><\/span> dedicada que suporta:\n<ul>\n<li><span class=\"math-inline\"><span class=\"katex\"><span class=\"katex-html\" aria-hidden=\"true\"><span class=\"base\"><span class=\"mord\">8<\/span><span class=\"mord text\"><span class=\"mord\">K<\/span><\/span><span class=\"mord\">\/60<\/span><span class=\"mord text\"><span class=\"mord\">Hz<\/span><\/span><\/span><\/span><\/span><\/span> Pass-through e Upscaling.<\/li>\n<li><span class=\"math-inline\"><span class=\"katex\"><span class=\"katex-html\" aria-hidden=\"true\"><span class=\"base\"><span class=\"mord\">4<\/span><span class=\"mord text\"><span class=\"mord\">K<\/span><\/span><span class=\"mord\">\/120<\/span><span class=\"mord text\"><span class=\"mord\">Hz<\/span><\/span><\/span><\/span><\/span><\/span> Pass-through (ideal para jogos de pr\u00f3xima gera\u00e7\u00e3o).<\/li>\n<li>HDR: HDR10, HDR10+, Dolby Vision e HLG (Hybrid Log Gamma).<\/li>\n<li>Funcionalidades de Jogo: VRR (Variable Refresh Rate), QMS (Quick Media Switching) e ALLM (Auto Low Latency Mode).<\/li>\n<\/ul>\n<\/li>\n<li>Entradas\/Sa\u00eddas HDMI: <span class=\"math-inline\"><span class=\"katex\"><span class=\"katex-html\" aria-hidden=\"true\"><span class=\"base\"><span class=\"mord\">8<\/span><\/span><\/span><\/span><\/span> entradas HDMI (incluindo <span class=\"math-inline\"><span class=\"katex\"><span class=\"katex-html\" aria-hidden=\"true\"><span class=\"base\"><span class=\"mord\">1<\/span><\/span><\/span><\/span><\/span> frontal) \/ <span class=\"math-inline\"><span class=\"katex\"><span class=\"katex-html\" aria-hidden=\"true\"><span class=\"base\"><span class=\"mord\">3<\/span><\/span><\/span><\/span><\/span> sa\u00eddas HDMI (Principal, Zona 2 e uma para eARC\/Monitor).<\/li>\n<li>eARC (Enhanced Audio Return Channel): Suporte para transmiss\u00e3o de formatos de \u00e1udio 3D (como Dolby Atmos) da TV para o receiver.<\/li>\n<\/ul>\n<p><strong>Rede e Streaming<\/strong><\/p>\n<ul>\n<li>Conectividade Wireless: Wi-Fi e Bluetooth integrados.<\/li>\n<li>Plataforma HEOS Built-in: Permite streaming de m\u00fasica sem fio e \u00e1udio multiroom para outros dispositivos HEOS.<\/li>\n<li>Servi\u00e7os de Streaming: Spotify Connect, AirPlay 2, TuneIn Internet Radio, etc.<\/li>\n<li>Controle de Voz: Compat\u00edvel com assistentes de voz (Alexa, Google Assistant, dependendo da regi\u00e3o).<\/li>\n<li>Reprodu\u00e7\u00e3o de Alta Resolu\u00e7\u00e3o: Suporta FLAC HD, WAV, ALAC at\u00e9 <span class=\"math-inline\"><span class=\"katex\"><span class=\"katex-html\" aria-hidden=\"true\"><span class=\"base\"><span class=\"mord\">192<\/span><span class=\"mord text\"><span class=\"mord\">kHz<\/span><\/span><span class=\"mord\">\/24<\/span><span class=\"mord text\"><span class=\"mord\">\u00a0bits<\/span><\/span><\/span><\/span><\/span><\/span>, e DSD (<span class=\"math-inline\"><span class=\"katex\"><span class=\"katex-html\" aria-hidden=\"true\"><span class=\"base\"><span class=\"mord\">2<\/span><span class=\"mpunct\">,<\/span><span class=\"mord\">8<\/span><span class=\"mord text\"><span class=\"mord\">MHz<\/span><\/span><span class=\"mord\">\/5<\/span><span class=\"mpunct\">,<\/span><span class=\"mord\">6<\/span><span class=\"mord text\"><span class=\"mord\">MHz<\/span><\/span><\/span><\/span><\/span><\/span>).<\/li>\n<\/ul>\n","protected":false},"excerpt":{"rendered":"<p>O Denon AVC-X6700H (e a variante AVC-X6700H E2) \u00e9 um amplificador\/receptor AV (Audio\/V\u00eddeo) Premium de 11.2 canais, lan\u00e7ado pela Denon para ser o centro de sistemas de home cinema de alto desempenho. A designa\u00e7\u00e3o &#8220;E2&#8221; refere-se tipicamente a uma revis\u00e3o de hardware do modelo original. Historicamente, essa revis\u00e3o (ou modelos posteriores) incorporou melhorias, como corre\u00e7\u00f5es [&hellip;]<\/p>\n","protected":false},"featured_media":26523,"template":"","meta":{"_acf_changed":false},"product_brand":[],"product_cat":[150,21,22],"product_tag":[],"class_list":{"0":"post-26521","1":"product","2":"type-product","3":"status-publish","4":"has-post-thumbnail","6":"product_cat-denon","7":"product_cat-home-theater","8":"product_cat-receivers","10":"first","11":"instock","12":"sold-individually","13":"shipping-taxable","14":"purchasable","15":"product-type-simple"},"acf":[],"aioseo_notices":[],"_links":{"self":[{"href":"https:\/\/hificlub.com.br\/loja\/wp-json\/wp\/v2\/product\/26521","targetHints":{"allow":["GET"]}}],"collection":[{"href":"https:\/\/hificlub.com.br\/loja\/wp-json\/wp\/v2\/product"}],"about":[{"href":"https:\/\/hificlub.com.br\/loja\/wp-json\/wp\/v2\/types\/product"}],"wp:featuredmedia":[{"embeddable":true,"href":"https:\/\/hificlub.com.br\/loja\/wp-json\/wp\/v2\/media\/26523"}],"wp:attachment":[{"href":"https:\/\/hificlub.com.br\/loja\/wp-json\/wp\/v2\/media?parent=26521"}],"wp:term":[{"taxonomy":"product_brand","embeddable":true,"href":"https:\/\/hificlub.com.br\/loja\/wp-json\/wp\/v2\/product_brand?post=26521"},{"taxonomy":"product_cat","embeddable":true,"href":"https:\/\/hificlub.com.br\/loja\/wp-json\/wp\/v2\/product_cat?post=26521"},{"taxonomy":"product_tag","embeddable":true,"href":"https:\/\/hificlub.com.br\/loja\/wp-json\/wp\/v2\/product_tag?post=26521"}],"curies":[{"name":"wp","href":"https:\/\/api.w.org\/{rel}","templated":true}]}}