{"id":26457,"date":"2025-10-13T21:09:28","date_gmt":"2025-10-14T00:09:28","guid":{"rendered":"https:\/\/hificlub.com.br\/loja\/?post_type=product&#038;p=26457"},"modified":"2026-03-30T17:42:43","modified_gmt":"2026-03-30T20:42:43","slug":"akai-gx-4000d-gravador-de-rolo","status":"publish","type":"product","link":"https:\/\/hificlub.com.br\/loja\/produto\/akai-gx-4000d-gravador-de-rolo\/","title":{"rendered":"Akai GX-4000DS MK2 &#8211; Gravador de Rolo"},"content":{"rendered":"<p>O Akai GX-4000D \u00e9 um gravador de rolo (tape deck) de alta fidelidade e sistema de 4 pistas e 2 canais (est\u00e9reo\/monoaural), popular entre os entusiastas de \u00e1udio anal\u00f3gico.<\/p>\n<p>Aqui est\u00e3o algumas de suas principais caracter\u00edsticas e especifica\u00e7\u00f5es:<\/p>\n<p><b>Caracter\u00edsticas Principais:<\/b><\/p>\n<ul>\n<li>Sistema de 3 Cabe\u00e7otes: Utiliza tr\u00eas cabe\u00e7otes separados \u2013 um de grava\u00e7\u00e3o, um de reprodu\u00e7\u00e3o e um de apagamento \u2013 o que permite a fun\u00e7\u00e3o de monitoramento da fita (ouvir o que foi gravado <i>imediatamente<\/i> ap\u00f3s a grava\u00e7\u00e3o) em tempo real.<\/li>\n<li>Cabe\u00e7otes GX (Glass &amp; Ferrite): Os cabe\u00e7otes s\u00e3o feitos de um material conhecido por sua alta durabilidade e excelente resposta de alta frequ\u00eancia, uma marca registrada da Akai.<\/li>\n<li>Sistema de 4 Pistas (Tracks): Permite a grava\u00e7\u00e3o em est\u00e9reo em ambos os sentidos da fita (pistas 1 e 3 em um sentido; pistas 2 e 4 no outro) ou grava\u00e7\u00e3o monoaural em quatro pistas separadas.<\/li>\n<li>Velocidades de Fita: Opera nas velocidades de <span class=\"math-inline\"><span class=\"katex\"><span class=\"katex-html\" aria-hidden=\"true\"><span class=\"base\"><span class=\"mord\">3<\/span><span class=\"mord\"><span class=\"mfrac\"><span class=\"vlist-t vlist-t2\"><span class=\"vlist-r\"><span class=\"vlist\"><span class=\"\"><span class=\"sizing reset-size6 size3 mtight\"><span class=\"mord mtight\">4<\/span><\/span><\/span><span class=\"\"><span class=\"sizing reset-size6 size3 mtight\"><span class=\"mord mtight\">3<\/span><\/span><\/span><\/span><span class=\"vlist-s\">\u200b<\/span><\/span><\/span><\/span><\/span><\/span><\/span><\/span><\/span> ips (polegadas por segundo) e <span class=\"math-inline\"><span class=\"katex\"><span class=\"katex-html\" aria-hidden=\"true\"><span class=\"base\"><span class=\"mord\">7<\/span><span class=\"mord\"><span class=\"mfrac\"><span class=\"vlist-t vlist-t2\"><span class=\"vlist-r\"><span class=\"vlist\"><span class=\"\"><span class=\"sizing reset-size6 size3 mtight\"><span class=\"mord mtight\">2<\/span><\/span><\/span><span class=\"\"><span class=\"sizing reset-size6 size3 mtight\"><span class=\"mord mtight\">1<\/span><\/span><\/span><\/span><span class=\"vlist-s\">\u200b<\/span><\/span><\/span><\/span><\/span><\/span><\/span><\/span><\/span> ips (polegadas por segundo). A sele\u00e7\u00e3o de velocidade \u00e9 feita com a coloca\u00e7\u00e3o ou remo\u00e7\u00e3o de um &#8220;colar&#8221; (capstan sleeve) no eixo do cabrestante.<\/li>\n<li>Capacidade do Rolo: Aceita rolos de at\u00e9 7 polegadas.<\/li>\n<li>Recursos de Grava\u00e7\u00e3o: Possui recursos como Sound-on-Sound (gravar sobre uma pista enquanto ouve a primeira) e Mixagem de Som (misturar entrada de microfone e linha simultaneamente).<\/li>\n<li>Motor: Possui 1 motor de indu\u00e7\u00e3o de 4 polos.<\/li>\n<\/ul>\n<p>O GX-4000D \u00e9 considerado um gravador <b>s\u00f3lido e robusto<\/b>, valorizado por audi\u00f3filos e entusiastas do som anal\u00f3gico por sua fidelidade e durabilidade.<\/p>\n","protected":false},"excerpt":{"rendered":"<p>O Akai GX-4000D \u00e9 um gravador de rolo (tape deck) de alta fidelidade e sistema de 4 pistas e 2 canais (est\u00e9reo\/monoaural), popular entre os entusiastas de \u00e1udio anal\u00f3gico. Aqui est\u00e3o algumas de suas principais caracter\u00edsticas e especifica\u00e7\u00f5es: Caracter\u00edsticas Principais: Sistema de 3 Cabe\u00e7otes: Utiliza tr\u00eas cabe\u00e7otes separados \u2013 um de grava\u00e7\u00e3o, um de reprodu\u00e7\u00e3o [&hellip;]<\/p>\n","protected":false},"featured_media":41980,"template":"","meta":{"_acf_changed":false},"product_brand":[],"product_cat":[330,78,332],"product_tag":[],"class_list":{"0":"post-26457","1":"product","2":"type-product","3":"status-publish","4":"has-post-thumbnail","6":"product_cat-akay","7":"product_cat-analogico-audio","8":"product_cat-gravador-de-rolo-analogico-audio","10":"first","11":"instock","12":"sold-individually","13":"shipping-taxable","14":"purchasable","15":"product-type-simple"},"acf":[],"aioseo_notices":[],"_links":{"self":[{"href":"https:\/\/hificlub.com.br\/loja\/wp-json\/wp\/v2\/product\/26457","targetHints":{"allow":["GET"]}}],"collection":[{"href":"https:\/\/hificlub.com.br\/loja\/wp-json\/wp\/v2\/product"}],"about":[{"href":"https:\/\/hificlub.com.br\/loja\/wp-json\/wp\/v2\/types\/product"}],"wp:featuredmedia":[{"embeddable":true,"href":"https:\/\/hificlub.com.br\/loja\/wp-json\/wp\/v2\/media\/41980"}],"wp:attachment":[{"href":"https:\/\/hificlub.com.br\/loja\/wp-json\/wp\/v2\/media?parent=26457"}],"wp:term":[{"taxonomy":"product_brand","embeddable":true,"href":"https:\/\/hificlub.com.br\/loja\/wp-json\/wp\/v2\/product_brand?post=26457"},{"taxonomy":"product_cat","embeddable":true,"href":"https:\/\/hificlub.com.br\/loja\/wp-json\/wp\/v2\/product_cat?post=26457"},{"taxonomy":"product_tag","embeddable":true,"href":"https:\/\/hificlub.com.br\/loja\/wp-json\/wp\/v2\/product_tag?post=26457"}],"curies":[{"name":"wp","href":"https:\/\/api.w.org\/{rel}","templated":true}]}}