{"id":26451,"date":"2025-10-13T20:53:23","date_gmt":"2025-10-13T23:53:23","guid":{"rendered":"https:\/\/hificlub.com.br\/loja\/?post_type=product&#038;p=26451"},"modified":"2025-10-13T21:00:58","modified_gmt":"2025-10-14T00:00:58","slug":"morel-octave-signature-caixa-bookshelf","status":"publish","type":"product","link":"https:\/\/hificlub.com.br\/loja\/produto\/morel-octave-signature-caixa-bookshelf\/","title":{"rendered":"Morel Octave Signature &#8211; Caixa Bookshelf, 120 Watts"},"content":{"rendered":"<p>A <b>Morel Octave Signature Bookshelf<\/b> \u00e9 uma caixa de monitor de alta fidelidade que se destaca por incorporar tecnologias de driver e um conceito de gabinete incomuns, derivados dos projetos de refer\u00eancia da Morel (como a <i>Fat Lady<\/i>), resultando em um som excepcionalmente din\u00e2mico e articulado para seu tamanho compacto.<\/p>\n<p><strong>Destaques e Inova\u00e7\u00f5es do Design<\/strong><\/p>\n<p>O que realmente define a Octave Signature Bookshelf \u00e9 a engenharia por tr\u00e1s de seus <i>drivers<\/i> e do gabinete:<\/p>\n<ol start=\"1\">\n<li><b>Driver Mid-Bass com Bobina Gigante:<\/b>\n<ul>\n<li>Tamanho do Driver: Geralmente <span class=\"math-inline\"><span class=\"katex\"><span class=\"katex-html\" aria-hidden=\"true\"><span class=\"base\"><span class=\"mord text\"><span class=\"mord\">5-1\/4&#8243;<\/span><\/span><\/span><\/span><\/span><\/span> (<span class=\"math-inline\"><span class=\"katex\"><span class=\"katex-html\" aria-hidden=\"true\"><span class=\"base\"><span class=\"mord text\"><span class=\"mord\">130\u00a0mm<\/span><\/span><\/span><\/span><\/span><\/span>) ou <span class=\"math-inline\"><span class=\"katex\"><span class=\"katex-html\" aria-hidden=\"true\"><span class=\"base\"><span class=\"mord text\"><span class=\"mord\">6&#8243;<\/span><\/span><\/span><\/span><\/span><\/span>.<\/li>\n<li>Bobina de Voz Externa (EVC): O diferencial \u00e9 a bobina de voz de <span class=\"math-inline\"><span class=\"katex\"><span class=\"katex-html\" aria-hidden=\"true\"><span class=\"base\"><span class=\"mord text\"><span class=\"mord\">3&#8243;<\/span><\/span><\/span><\/span><\/span><\/span> (<span class=\"math-inline\"><span class=\"katex\"><span class=\"katex-html\" aria-hidden=\"true\"><span class=\"base\"><span class=\"mord text\"><span class=\"mord\">75\u00a0mm<\/span><\/span><\/span><\/span><\/span><\/span>) de di\u00e2metro, que \u00e9 cerca de tr\u00eas vezes maior do que o convencional para <i>drivers<\/i> desse porte. Essa bobina superdimensionada, feita com fio de alum\u00ednio hexagonal <b>Hexatech\u2122<\/b>, permite um manuseio de alta pot\u00eancia e um controle do cone superior, resultando em graves surpreendentemente profundos e \u00e1geis.<\/li>\n<li>Cone: Geralmente de polipropileno (DPC &#8211; Damped Polymer Composite) de pe\u00e7a \u00fanica e perfil baixo.<\/li>\n<\/ul>\n<\/li>\n<li><b>Tweeter Acuflex\u2122:<\/b>\n<ul>\n<li>Tipo: C\u00fapula macia de <span class=\"math-inline\"><span class=\"katex\"><span class=\"katex-html\" aria-hidden=\"true\"><span class=\"base\"><span class=\"mord text\"><span class=\"mord\">1-1\/8&#8243;<\/span><\/span><\/span><\/span><\/span><\/span> (<span class=\"math-inline\"><span class=\"katex\"><span class=\"katex-html\" aria-hidden=\"true\"><span class=\"base\"><span class=\"mord text\"><span class=\"mord\">28\u00a0mm<\/span><\/span><\/span><\/span><\/span><\/span>), revestida com Acuflex\u2122 (o revestimento propriet\u00e1rio da Morel).<\/li>\n<li>Motor: \u00cdm\u00e3 de Neod\u00edmio duplo ventilado, que contribui para um som aberto, suave e com \u00f3tima dispers\u00e3o, minimizando distor\u00e7\u00f5es de &#8220;break up&#8221; em altas frequ\u00eancias.<\/li>\n<\/ul>\n<\/li>\n<li><b>Filosofia do Gabinete &#8220;Cantante&#8221; (Low-Damping):<\/b>\n<ul>\n<li>A caixa \u00e9 constru\u00edda em MDF revestido com pol\u00edmero e possui um design bass-reflex com porta traseira.<\/li>\n<li>Sem Amortecimento Interno: De forma incomum para caixas <i>high-end<\/i>, o gabinete \u00e9 <b>livre de amortecimento interno tradicional<\/b>. A Morel usa divis\u00f3rias verticais e aberturas ac\u00fasticas estrategicamente posicionadas para quebrar ondas estacion\u00e1rias. A ideia \u00e9 permitir que o gabinete vibre de forma controlada junto com a m\u00fasica, promovendo um som mais natural, aberto e sem a lentid\u00e3o ou a sonoridade &#8220;encaixotada&#8221; causada por materiais de amortecimento em excesso.<\/li>\n<\/ul>\n<\/li>\n<li><b>Modularidade:<\/b> A caixa foi projetada para ser combinada de forma cont\u00ednua com o <b>Octave Signature Subwoofer<\/b> (m\u00f3dulo passivo com dois <i>woofers<\/i> isobaric de <span class=\"math-inline\"><span class=\"katex\"><span class=\"katex-html\" aria-hidden=\"true\"><span class=\"base\"><span class=\"mord text\"><span class=\"mord\">9&#8243;<\/span><\/span><\/span><\/span><\/span><\/span>), transformando o sistema em uma coluna de <span class=\"math-inline\"><span class=\"katex\"><span class=\"katex-html\" aria-hidden=\"true\"><span class=\"base\"><span class=\"mord text\"><span class=\"mord\">3<\/span><\/span><\/span><\/span><\/span><\/span> vias para graves estendidos.<\/li>\n<\/ol>\n","protected":false},"excerpt":{"rendered":"<p>A Morel Octave Signature Bookshelf \u00e9 uma caixa de monitor de alta fidelidade que se destaca por incorporar tecnologias de driver e um conceito de gabinete incomuns, derivados dos projetos de refer\u00eancia da Morel (como a Fat Lady), resultando em um som excepcionalmente din\u00e2mico e articulado para seu tamanho compacto. Destaques e Inova\u00e7\u00f5es do Design [&hellip;]<\/p>\n","protected":false},"featured_media":26452,"template":"","meta":{"_acf_changed":false},"product_brand":[],"product_cat":[25,17,329],"product_tag":[],"class_list":{"0":"post-26451","1":"product","2":"type-product","3":"status-publish","4":"has-post-thumbnail","6":"product_cat-bookshelf","7":"product_cat-caixas","8":"product_cat-morel-octave","10":"first","11":"instock","12":"sold-individually","13":"shipping-taxable","14":"purchasable","15":"product-type-simple"},"acf":[],"aioseo_notices":[],"_links":{"self":[{"href":"https:\/\/hificlub.com.br\/loja\/wp-json\/wp\/v2\/product\/26451","targetHints":{"allow":["GET"]}}],"collection":[{"href":"https:\/\/hificlub.com.br\/loja\/wp-json\/wp\/v2\/product"}],"about":[{"href":"https:\/\/hificlub.com.br\/loja\/wp-json\/wp\/v2\/types\/product"}],"wp:featuredmedia":[{"embeddable":true,"href":"https:\/\/hificlub.com.br\/loja\/wp-json\/wp\/v2\/media\/26452"}],"wp:attachment":[{"href":"https:\/\/hificlub.com.br\/loja\/wp-json\/wp\/v2\/media?parent=26451"}],"wp:term":[{"taxonomy":"product_brand","embeddable":true,"href":"https:\/\/hificlub.com.br\/loja\/wp-json\/wp\/v2\/product_brand?post=26451"},{"taxonomy":"product_cat","embeddable":true,"href":"https:\/\/hificlub.com.br\/loja\/wp-json\/wp\/v2\/product_cat?post=26451"},{"taxonomy":"product_tag","embeddable":true,"href":"https:\/\/hificlub.com.br\/loja\/wp-json\/wp\/v2\/product_tag?post=26451"}],"curies":[{"name":"wp","href":"https:\/\/api.w.org\/{rel}","templated":true}]}}