{"id":2644,"date":"2023-10-17T20:02:05","date_gmt":"2023-10-17T23:02:05","guid":{"rendered":"https:\/\/hificlub.com.br\/loja2\/produto\/norstone-esse-curve-rack-av\/"},"modified":"2026-04-22T04:50:32","modified_gmt":"2026-04-22T07:50:32","slug":"norstone-esse-curve-rack-av","status":"publish","type":"product","link":"https:\/\/hificlub.com.br\/loja\/produto\/norstone-esse-curve-rack-av\/","title":{"rendered":"NORSTONE ESSE CURVE  Rack AV"},"content":{"rendered":"<p>Estado Novo<\/p>\n<div class=\"single-product\">\n<div class=\"product\">\n<div class=\"col_full nobottommargin\">\n<div id=\"tab-1\" class=\"tabs clearfix nobottommargin ui-tabs ui-widget ui-widget-content ui-corner-all\">\n<div class=\"tab-container\">\n<div id=\"tabs-1\" class=\"tab-content clearfix ui-tabs-panel ui-widget-content ui-corner-bottom\" role=\"tabpanel\">\n<p>\u00a0Norstone ESSE Curve<\/p>\n<p>A gama ESSE est\u00e1 dispon\u00edvel para continuar a ser uma gama contempor\u00e2nea de mobili\u00e1rio.\u00a0Por isso, o ESSE Curve vem para dar suporte \u00e0 nova gera\u00e7\u00e3o de telas curvas.\u00a0Especialmente projetado para este tipo de display, o ESSE Curve complementa perfeitamente a famosa linha NorStone.\u00a0Com o seu elegante acabamento em preto, o ESSE Curve re\u00fane todas as qualidades necess\u00e1rias para a instala\u00e7\u00e3o de um sistema completo de cinema em casa.\u00a0Sua arquitetura robusta suporta todos os tipos de monitores de at\u00e9 60 polegadas, e as prateleiras inferiores podem acomodar todos os seus dispositivos de \u00e1udio e v\u00eddeo.\u00a0Esta pe\u00e7a de mobili\u00e1rio combinar\u00e1 perfeitamente com o visual moderno desta nova gama de telas<\/p>\n<ul>\n<li>Acabamentos: Preto brilhante\/preto<\/li>\n<li>Estrutura: A\u00e7o revestido a p\u00f3, preto brilhante<\/li>\n<li>Prateleiras: Vidro temperado, preto<\/li>\n<\/ul>\n<p>DIMENS\u00d5ES \u00daTEIS<\/p>\n<ul>\n<li>Dimens\u00f5es externas (L x A x P): 1500 x 530 x 460<\/li>\n<li>Prateleiras (L x Dmin\/Pmax): 1440 x 400\/460 mm<\/li>\n<li>Altura entre as prateleiras: 189,5 mm<\/li>\n<li>Entregue desmontado com parafusos, desenho e ferramentas necess\u00e1rias para a montagem<\/li>\n<li>Quantidade\/caixa: 1<\/li>\n<li>Tipo: papel\u00e3o marrom<\/li>\n<li>Dimens\u00f5es (L x A x P): 1530 x 155 x 550 mm<\/li>\n<li>Peso bruto: 46,9 kg<\/li>\n<li>Peso l\u00edquido: 42,5 kg<\/li>\n<\/ul>\n<\/div>\n<\/div>\n<\/div>\n<\/div>\n<\/div>\n<\/div>\n<div class=\"clear\"><\/div>\n","protected":false},"excerpt":{"rendered":"<p>Estado Novo \u00a0Norstone ESSE Curve A gama ESSE est\u00e1 dispon\u00edvel para continuar a ser uma gama contempor\u00e2nea de mobili\u00e1rio.\u00a0Por isso, o ESSE Curve vem para dar suporte \u00e0 nova gera\u00e7\u00e3o de telas curvas.\u00a0Especialmente projetado para este tipo de display, o ESSE Curve complementa perfeitamente a famosa linha NorStone.\u00a0Com o seu elegante acabamento em preto, o [&hellip;]<\/p>\n","protected":false},"featured_media":2640,"template":"","meta":{"_acf_changed":false},"product_brand":[],"product_cat":[89,321,104],"product_tag":[],"class_list":{"0":"post-2644","1":"product","2":"type-product","3":"status-publish","4":"has-post-thumbnail","6":"product_cat-acessorios","7":"product_cat-norstone","8":"product_cat-racks-e-pedestais","10":"first","11":"instock","12":"sold-individually","13":"shipping-taxable","14":"purchasable","15":"product-type-simple"},"acf":[],"aioseo_notices":[],"_links":{"self":[{"href":"https:\/\/hificlub.com.br\/loja\/wp-json\/wp\/v2\/product\/2644","targetHints":{"allow":["GET"]}}],"collection":[{"href":"https:\/\/hificlub.com.br\/loja\/wp-json\/wp\/v2\/product"}],"about":[{"href":"https:\/\/hificlub.com.br\/loja\/wp-json\/wp\/v2\/types\/product"}],"wp:featuredmedia":[{"embeddable":true,"href":"https:\/\/hificlub.com.br\/loja\/wp-json\/wp\/v2\/media\/2640"}],"wp:attachment":[{"href":"https:\/\/hificlub.com.br\/loja\/wp-json\/wp\/v2\/media?parent=2644"}],"wp:term":[{"taxonomy":"product_brand","embeddable":true,"href":"https:\/\/hificlub.com.br\/loja\/wp-json\/wp\/v2\/product_brand?post=2644"},{"taxonomy":"product_cat","embeddable":true,"href":"https:\/\/hificlub.com.br\/loja\/wp-json\/wp\/v2\/product_cat?post=2644"},{"taxonomy":"product_tag","embeddable":true,"href":"https:\/\/hificlub.com.br\/loja\/wp-json\/wp\/v2\/product_tag?post=2644"}],"curies":[{"name":"wp","href":"https:\/\/api.w.org\/{rel}","templated":true}]}}