{"id":26242,"date":"2025-09-26T06:15:39","date_gmt":"2025-09-26T09:15:39","guid":{"rendered":"https:\/\/hificlub.com.br\/loja\/?post_type=product&#038;p=26242"},"modified":"2026-04-05T19:54:54","modified_gmt":"2026-04-05T22:54:54","slug":"bw-805-d3-com-pedestais-satin-white","status":"publish","type":"product","link":"https:\/\/hificlub.com.br\/loja\/produto\/bw-805-d3-com-pedestais-satin-white\/","title":{"rendered":"B&#038;W 805 d3 Satin White"},"content":{"rendered":"<p>O exclusivo 805 D3 \u00e9 o \u00fanico alto-falante do seu tamanho a apresentar o tweeter Diamond Dome, isolado em seu pr\u00f3prio conjunto de tweeter de corpo s\u00f3lido para obter imagens e clareza precisas.<\/p>\n<p>805 D3<br \/>\nO auge do desempenho permanente<\/p>\n<p>Revis\u00e3o dos alto-falantes de diamante de 3 d 805 d3 800<br \/>\nRevisto pelos especialistas<br \/>\n\u201cUm puro-sangue de excelente engenharia: sua transpar\u00eancia, capacidade din\u00e2mica, peso e controle s\u00e3o algo especial\u201d.<br \/>\n-Estere\u00f3filo<\/p>\n<p>\u201cEste alto-falante oferece regularmente momentos transcendentes em que voc\u00ea sente que est\u00e1 respirando o mesmo ar que os m\u00fasicos na grava\u00e7\u00e3o.\u201d<br \/>\n-CNet<\/p>\n<p>7 A 802 d3 800 alto-falantes diamantados s\u00e9rie diamante tweeter de corpo s\u00f3lido<br \/>\nOu\u00e7a pequenos detalhes em grande estilo<br \/>\nMontado em cima do gabinete principal, o tweeter de dome Diamond em sua carca\u00e7a de alum\u00ednio s\u00f3lido oferece espa\u00e7o, ambiente e imagem precisa do palco sonoro.<\/p>\n<p>Continuum 1360\u00d71530<br \/>\nSom verdadeiramente incr\u00edvel<br \/>\nAs vozes e os instrumentos s\u00e3o entregues com pureza e precis\u00e3o, gra\u00e7as ao suave e preciso driver de cone m\u00e9dio \/ baixo do Continuum \u2122.<\/p>\n<p>Alto-falantes de diamante de 7 d 805 d3 s\u00e9rie 800 flowport<br \/>\nEntrega suave<br \/>\nA porta de ventila\u00e7\u00e3o frontal do 805 D3 permite um peso excelente de um alto-falante t\u00e3o compacto, com a tecnologia Flowport \u2122 acelerando e suavizando o fluxo de ar para graves potentes sem distor\u00e7\u00e3o.<\/p>\n<p>Especifica\u00e7\u00f5es t\u00e9cnicas<br \/>\nRecursos t\u00e9cnicos Tweeter de<br \/>\ndiamante<br \/>\nBaixo do cone Continuum \u2122 m\u00e9dio<br \/>\nPlugue anti-resson\u00e2ncia Matriz otimizada<br \/>\nFlowport \u2122 Tweeter de corpo s\u00f3lido Tweeter-on-Top<\/p>\n<p>Descri\u00e7\u00e3o<br \/>\n2-way sistema de caixa ventilada<\/p>\n<p>Unidades de acionamento<br \/>\n1x c\u00fapula de diamante de alta frequ\u00eancia de<br \/>\n\u00f825 mm (1 pol.) 1x de \u00f8165 mm (6,5 pol) de n\u00edvel m\u00e9dio Continuum \u2122 baixo de cone<\/p>\n<p>Faixa de frequ\u00eancia<br \/>\n34Hz a 35kHz<\/p>\n<p>Resposta de frequ\u00eancia (+\/- 3dB do eixo de refer\u00eancia)<br \/>\n42Hz a 28kHz<\/p>\n<p>Sensibilidade (1m no eixo a 2,83Vrms)<br \/>\n88dB<\/p>\n<p>Distor\u00e7\u00e3o harm\u00f4nica<br \/>\n2\u00ba e 3\u00ba harm\u00f4nicos (90dB, 1m no eixo)<br \/>\n&lt;1% 70Hz \u2013 20kHz &lt;0,6% 120Hz \u2013 20kHz Nominal impedance (min) 8\u03a9 (minimum 4.6\u03a9) Pot\u00eancia recomendada do amplificador 50W \u2013 120W em 8\u03a9 no programa n\u00e3o cortado M\u00e1x. imped\u00e2ncia de cabo recomendada 0,1\u03a9 Dimens\u00f5es Altura: 424mm Largura: 238mm Profundidade: 345mm Peso l\u00edquido 12,6kg (28lb) Acabamentos do arm\u00e1rio Preto brilhante Branco acetinado Rosenut Prestige Grade termina Preto Cinza<\/p>\n","protected":false},"excerpt":{"rendered":"<p>O exclusivo 805 D3 \u00e9 o \u00fanico alto-falante do seu tamanho a apresentar o tweeter Diamond Dome, isolado em seu pr\u00f3prio conjunto de tweeter de corpo s\u00f3lido para obter imagens e clareza precisas. 805 D3 O auge do desempenho permanente Revis\u00e3o dos alto-falantes de diamante de 3 d 805 d3 800 Revisto pelos especialistas \u201cUm [&hellip;]<\/p>\n","protected":false},"featured_media":26251,"template":"","meta":{"_acf_changed":false},"product_brand":[],"product_cat":[19,25,17],"product_tag":[],"class_list":{"0":"post-26242","1":"product","2":"type-product","3":"status-publish","4":"has-post-thumbnail","6":"product_cat-bw","7":"product_cat-bookshelf","8":"product_cat-caixas","10":"first","11":"instock","12":"sold-individually","13":"shipping-taxable","14":"purchasable","15":"product-type-simple"},"acf":[],"aioseo_notices":[],"_links":{"self":[{"href":"https:\/\/hificlub.com.br\/loja\/wp-json\/wp\/v2\/product\/26242","targetHints":{"allow":["GET"]}}],"collection":[{"href":"https:\/\/hificlub.com.br\/loja\/wp-json\/wp\/v2\/product"}],"about":[{"href":"https:\/\/hificlub.com.br\/loja\/wp-json\/wp\/v2\/types\/product"}],"wp:featuredmedia":[{"embeddable":true,"href":"https:\/\/hificlub.com.br\/loja\/wp-json\/wp\/v2\/media\/26251"}],"wp:attachment":[{"href":"https:\/\/hificlub.com.br\/loja\/wp-json\/wp\/v2\/media?parent=26242"}],"wp:term":[{"taxonomy":"product_brand","embeddable":true,"href":"https:\/\/hificlub.com.br\/loja\/wp-json\/wp\/v2\/product_brand?post=26242"},{"taxonomy":"product_cat","embeddable":true,"href":"https:\/\/hificlub.com.br\/loja\/wp-json\/wp\/v2\/product_cat?post=26242"},{"taxonomy":"product_tag","embeddable":true,"href":"https:\/\/hificlub.com.br\/loja\/wp-json\/wp\/v2\/product_tag?post=26242"}],"curies":[{"name":"wp","href":"https:\/\/api.w.org\/{rel}","templated":true}]}}