{"id":2624,"date":"2023-10-17T20:01:57","date_gmt":"2023-10-17T23:01:57","guid":{"rendered":"https:\/\/hificlub.com.br\/loja2\/produto\/sonus-faber-guarneri-evolution\/"},"modified":"2026-04-18T04:26:09","modified_gmt":"2026-04-18T07:26:09","slug":"sonus-faber-guarneri-evolution","status":"publish","type":"product","link":"https:\/\/hificlub.com.br\/loja\/produto\/sonus-faber-guarneri-evolution\/","title":{"rendered":"SONUS FABER GUARNERI EVOLUTION"},"content":{"rendered":"<p>ESTADO 9\/10<\/p>\n<p><b>Descri\u00e7\u00e3o<\/b><\/p>\n<p>Externamente, o Guarneri Evolution \u00e9 um alto-falante compacto, bidirecional, montado em um suporte, embora aquele cuja apar\u00eancia s\u00e9ria sugira algo mais sob a pele.\u00a0De fato, o gabinete do Guarneri n\u00e3o \u00e9 tanto um arm\u00e1rio, mas uma combina\u00e7\u00e3o de estruturas complexas.\u00a0Uma moldura de madeira sobressalente incorporando uma \u00fanica bra\u00e7adeira lateral \u00e9 presa a um par de lados que s\u00e3o formados da maneira da maioria dos viol\u00f5es archtop (nota de rodap\u00e9 1): laminado de v\u00e1rias folhas finas de madeira e moldado em uma curva graciosa em uma prensa feita sob medida .\u00a0Esses elementos s\u00e3o fixados juntos com placas superiores e inferiores usinadas a partir de uma liga de alum\u00ednio patenteada chamada Avional, depois presas a uma estrutura traseira Avional, cujas bordas se estendem em um par de aletas que moldam o som.<\/p>\n<p>Como na lutheria, a orienta\u00e7\u00e3o do gr\u00e3o nas pe\u00e7as de madeira do Guarneri \u00e9 levada em considera\u00e7\u00e3o durante a montagem.\u00a0Da mesma forma, as t\u00e9cnicas de constru\u00e7\u00e3o s\u00e3o escolhidas para controlar &#8211; em vez de silenciar completamente &#8211; a energia ressonante dentro de v\u00e1rias partes do gabinete: um sistema de amortecedor de massa sintonizado que compreende uma haste de treli\u00e7a curta e grossa e um par conc\u00eantrico de discos de metal \u00e9 preso \u00e0 placa superior e ajustado para um grau preciso (e nem um pouco excessivo) de estanqueidade, enquanto folhas de amortecimento de modo restrito com peles de liga flex\u00edvel s\u00e3o aplicadas nos lados internos, juntamente com placas grossas de um material semelhante a l\u00e3 e feltro.\u00a0Peda\u00e7os mais finos deste \u00faltimo tamb\u00e9m s\u00e3o usados \u200b\u200bpara revestir uma porta reflexiva que est\u00e1 embutida no painel traseiro do Avional, enquanto outro tipo de folha de amortecimento oclui a garganta da porta, e ainda outro tipo de enchimento preenche a \u00e1rea abaixo.\u00a0Finalmente,<\/p>\n<p>O defletor \u00e9 feito de MDF de 1&#8243; de espessura, usinado com precis\u00e3o para incorporar chanfros do lado de fora e alguns refor\u00e7os estrat\u00e9gicos no interior. Cada superf\u00edcie externa do defletor \u00e9 coberta com uma fina camada de couro preto flex\u00edvel &#8211; at\u00e9 mesmo os revestimentos para o motorista Flanges. Disseram-me que o couro serve a dois prop\u00f3sitos: atenuar o ressalto de altas frequ\u00eancias perdidas e fornecer a ader\u00eancia certa e flex\u00edvel &#8211; uma \u00fanica arruela de press\u00e3o org\u00e2nica, se preferir &#8211; para os parafusos de cabe\u00e7a Torx que seguram os drivers Tendo removido e substitu\u00eddo eu mesmo um dos drivers de baixa frequ\u00eancia, posso atestar a \u00faltima fun\u00e7\u00e3o.<\/p>\n<p>Os dois drivers do Guarneri Evolution s\u00e3o projetados pela Sonus Faber e feitos sob medida para eles.\u00a0O driver de baixa frequ\u00eancia \u00e9 uma unidade ScanSpeak de 7&#8243; com uma borda de borracha muito macia e um cone preto de polpa semelhante a papel mach\u00ea. (Sonus Faber descreve o material do cone como &#8220;fibra de celulose seca ao ar e n\u00e3o prensada em tempo real. &#8221; A escassez de h\u00edfen na It\u00e1lia agora \u00e9 explicada.) O driver tem um hub central usinado (n\u00e3o posso cham\u00e1-lo de plugue de fase, pois n\u00e3o se projeta o suficiente no \u00e1pice do cone para impedir a propaga\u00e7\u00e3o de qualquer forma de onda) , um \u00edm\u00e3 muito robusto e uma estrutura de liga fundida. O driver de alta frequ\u00eancia, tamb\u00e9m muito bem feito, \u00e9 um tweeter de c\u00fapula de seda de 1&#8243; projetado pelo cofundador da Sonus Faber, Ragnar Lian, para ScanSpeak.\u00a0Incorpora uma c\u00e2mara de carga pr\u00f3pria, feita de pl\u00e1stico.<\/p>\n<p>A rede de crossover com fio fica na parte inferior do gabinete, aparentemente em contato direto com a placa Avional mais inferior (embora tamb\u00e9m pare\u00e7a haver uma estrutura de compensado ou MDF de algum tipo l\u00e1 embaixo).\u00a0Entre os elementos de crossover est\u00e3o cinco capacitores Mundorf M-Cap muito grandes e quatro indutores Jensen robustos, os \u00faltimos obscurecidos por uma cobertura de borracha.\u00a0Ao todo, a rede crossover ocupa uma boa parte do espa\u00e7o dentro do gabinete.\u00a0Fios tran\u00e7ados com isolamento de pl\u00e1stico transparente s\u00e3o usados \u200b\u200bpara conex\u00f5es onde condutores axiais n\u00e3o alcan\u00e7am, e os dois pares de conectores de alto-falantes &#8211; tamb\u00e9m fixados no painel traseiro do Avional &#8211; podem ser usados \u200b\u200bpara bicabeamento ou mesmo biamping, se desejado.\u00a0A frequ\u00eancia de cruzamento \u00e9 declarada como 2800 Hz, e a rede projetada por computador \u00e9 descrita como compreendendo inclina\u00e7\u00f5es compostas.<\/p>\n<p>O formato dos alto-falantes da linha Guarneri foi comparado por panfletos e impressos ao de um ala\u00fade.\u00a0N\u00e3o vejo bem a semelhan\u00e7a, a menos que a forma que se tem em mente seja a se\u00e7\u00e3o transversal do recinto, vista de cima: em si uma esp\u00e9cie de extens\u00e3o.\u00a0Mas n\u00e3o vou questionar a beleza absoluta das laterais de madeira dobradas do Guarneri Evolution, ou a efic\u00e1cia dessa forma em impedir a propaga\u00e7\u00e3o de ondas estacion\u00e1rias internas.\u00a0O rico laminado de okoume, uma madeira africana superficialmente semelhante ao mogno e comumente usada em camadas de qualidade marinha, \u00e9 incrustado com tiras finas de \u00e9bano e depois revestido com v\u00e1rias camadas de laca de nitrocelulose esfregadas \u00e0 m\u00e3o (como uma -what-al instrument), enquanto as pe\u00e7as Avional s\u00e3o todas banhadas em n\u00edquel rico e brilhante.<\/p>\n<p>O pedestal Evolution tamb\u00e9m \u00e9 muito mais sofisticado do que a m\u00e9dia no sentido est\u00e9tico, com uma base inferior angular de m\u00e1rmore italiano e um c\u00edrculo de cord\u00f5es el\u00e1sticos decorativos, presos na parte superior e inferior, que ecoam a grade remov\u00edvel decididamente estilo baleen do alto-falante.<\/p>\n<p><b>Especifica\u00e7\u00f5es:<\/b><\/p>\n<p>Alto-falante bidirecional, carregado na porta e montado em suporte.\u00a0Unidades de acionamento: tweeter de c\u00fapula de tecido de 1&#8243;, woofer de cone de polpa de 7&#8243;.\u00a0Frequ\u00eancia de cruzamento: 2800 Hz.\u00a0Faixa de frequ\u00eancia: 40Hz\u201330kHz.\u00a0Sensibilidade: 86dB\/W\/m.\u00a0Imped\u00e2ncia nominal: 4 ohms.\u00a0Manuseio de energia: 25\u2013200W, sem corte.<\/p>\n<p><b>Dimens\u00f5es:<\/b> 16,25&#8243; (410 mm) A por 9,25&#8243; (235 mm) L por 16,2&#8243; (412 mm) D. Peso: 40,8 lbs (18,5 kg).<\/p>\n","protected":false},"excerpt":{"rendered":"<p>ESTADO 9\/10 Descri\u00e7\u00e3o Externamente, o Guarneri Evolution \u00e9 um alto-falante compacto, bidirecional, montado em um suporte, embora aquele cuja apar\u00eancia s\u00e9ria sugira algo mais sob a pele.\u00a0De fato, o gabinete do Guarneri n\u00e3o \u00e9 tanto um arm\u00e1rio, mas uma combina\u00e7\u00e3o de estruturas complexas.\u00a0Uma moldura de madeira sobressalente incorporando uma \u00fanica bra\u00e7adeira lateral \u00e9 presa a [&hellip;]<\/p>\n","protected":false},"featured_media":42332,"template":"","meta":{"_acf_changed":false},"product_brand":[],"product_cat":[25,17,110],"product_tag":[],"class_list":{"0":"post-2624","1":"product","2":"type-product","3":"status-publish","4":"has-post-thumbnail","6":"product_cat-bookshelf","7":"product_cat-caixas","8":"product_cat-sonus-faber","10":"first","11":"instock","12":"sold-individually","13":"shipping-taxable","14":"purchasable","15":"product-type-simple"},"acf":[],"aioseo_notices":[],"_links":{"self":[{"href":"https:\/\/hificlub.com.br\/loja\/wp-json\/wp\/v2\/product\/2624","targetHints":{"allow":["GET"]}}],"collection":[{"href":"https:\/\/hificlub.com.br\/loja\/wp-json\/wp\/v2\/product"}],"about":[{"href":"https:\/\/hificlub.com.br\/loja\/wp-json\/wp\/v2\/types\/product"}],"wp:featuredmedia":[{"embeddable":true,"href":"https:\/\/hificlub.com.br\/loja\/wp-json\/wp\/v2\/media\/42332"}],"wp:attachment":[{"href":"https:\/\/hificlub.com.br\/loja\/wp-json\/wp\/v2\/media?parent=2624"}],"wp:term":[{"taxonomy":"product_brand","embeddable":true,"href":"https:\/\/hificlub.com.br\/loja\/wp-json\/wp\/v2\/product_brand?post=2624"},{"taxonomy":"product_cat","embeddable":true,"href":"https:\/\/hificlub.com.br\/loja\/wp-json\/wp\/v2\/product_cat?post=2624"},{"taxonomy":"product_tag","embeddable":true,"href":"https:\/\/hificlub.com.br\/loja\/wp-json\/wp\/v2\/product_tag?post=2624"}],"curies":[{"name":"wp","href":"https:\/\/api.w.org\/{rel}","templated":true}]}}