{"id":26020,"date":"2025-09-05T06:14:35","date_gmt":"2025-09-05T09:14:35","guid":{"rendered":"https:\/\/hificlub.com.br\/loja\/?post_type=product&#038;p=26020"},"modified":"2025-09-05T06:14:35","modified_gmt":"2025-09-05T09:14:35","slug":"rotel-rmb-1085-amplificador-multicanal-5x-100-watts","status":"publish","type":"product","link":"https:\/\/hificlub.com.br\/loja\/produto\/rotel-rmb-1085-amplificador-multicanal-5x-100-watts\/","title":{"rendered":"ROTEL RMB-1085 Amplificador Multicanal 5x 100 watts"},"content":{"rendered":"<h3><span dir=\"auto\">Introdu\u00e7\u00e3o ao Rotel RMB-1085<\/span><\/h3>\n<p><span dir=\"auto\">Poucas marcas s\u00e3o t\u00e3o conhecidas e associadas ao segmento de alta qualidade quanto a Rotel. <\/span><span dir=\"auto\">Eles t\u00eam reputa\u00e7\u00e3o de qualidade, pot\u00eancia e excelente est\u00e9tica. Fazia tempo que n\u00e3o faz\u00edamos uma an\u00e1lise da Rotel por aqui, ent\u00e3o ficamos todos animados quando eles demonstraram interesse em ter seu novo amplificador Classe D RMB-1085 analisado.<\/span><\/p>\n<h2 id=\"toc-h2-0\"><span dir=\"auto\">Qualidade de constru\u00e7\u00e3o<\/span><\/h2>\n<p><span dir=\"auto\">Ao abrir a caixa do RMB-1085, \u00e9 f\u00e1cil perceber que eles se preocupam em garantir que o amplificador chegue intacto. Embora os amplificadores &#8220;digitais&#8221; sejam notoriamente mais leves (porque s\u00e3o muito mais eficientes que os amplificadores tradicionais Classe A ou A\/B e n\u00e3o exigem os enormes dissipadores de calor normalmente encontrados em projetos de amplificadores lineares), ele ainda estava extremamente bem embalado. H\u00e1 uma capa de espuma superior e inferior que envolve completamente o amplificador, protegendo-o de todos os lados. Os cabos est\u00e3o escondidos na parte de tr\u00e1s, entre a espuma e a caixa (sem tocar no amplificador) e o amplificador est\u00e1 envolto em um saco pl\u00e1stico para ajudar a proteg\u00ea-lo das intemp\u00e9ries. O manual estava em cima do amplificador e estava preso firmemente o suficiente para que ainda estivesse perfeitamente centralizado na parte superior do amplificador quando removi a capa de espuma superior.<\/span><\/p>\n<p><span dir=\"auto\">O RMB-1085 \u00e9 um aparelho fino e relativamente leve (menos de 5,4 kg) que n\u00e3o tive problemas em manusear enquanto o movimentava. A parte frontal \u00e9 cinza-claro, com apenas um bot\u00e3o liga\/desliga e duas luzes. A luz azul indica energia e a vermelha indica algum tipo de falha quando o aparelho est\u00e1 ligado ou em modo de espera quando est\u00e1 desligado. Os \u00fanicos outros detalhes na parte frontal do aparelho s\u00e3o o logotipo e o n\u00famero do modelo da Rotel na parte frontal e um logotipo em relevo na parte superior. O aparelho tem menos de 7,5 cm de altura.<\/span><\/p>\n<p><span dir=\"auto\">A parte traseira da unidade possui cinco entradas estilo RCA e cinco conjuntos de conectores de 5 vias. N\u00e3o h\u00e1 entradas balanceadas para este amplificador. A parte traseira tamb\u00e9m possui um cabo de alimenta\u00e7\u00e3o remov\u00edvel, uma entrada e sa\u00edda de gatilho de 12 volts e uma chave liga\/desliga para o gatilho de 12 volts. O canal principal e o surround direito foram agrupados, assim como o canal principal e o surround esquerdo. A entrada e as sa\u00eddas do canal central estavam isoladas. O \u00fanico ponto preocupante aqui era que, com as entradas agrupadas, o positivo ficava sempre do lado de fora, com o negativo no centro, for\u00e7ando a troca da ordem dos cabos dos alto-falantes. A Rotel afirma que faz isso para reduzir a chance de curto-circuito do positivo para o negativo. O gatilho de 12 volts \u00e9 usado para ligar e desligar o amplificador automaticamente quando outro equipamento \u00e9 ligado. Definir a chave para &#8220;Desligado&#8221; garante que o amplificador seja ligado manualmente apenas enquanto, na posi\u00e7\u00e3o &#8220;Ligado&#8221;, o amplificador estiver buscando entrada da entrada do gatilho.<\/span><\/p>\n<p><span dir=\"auto\">Ao abrir o amplificador, podemos ver o qu\u00e3o compactos os amplificadores Classe D s\u00e3o. N\u00e3o encontramos a enorme fonte de alimenta\u00e7\u00e3o toroidal que vemos em amplificadores Classe A\/B. Em vez disso, h\u00e1 apenas tr\u00eas pequenas placas de circuito com dissipa\u00e7\u00e3o de calor m\u00ednima. A fonte de alimenta\u00e7\u00e3o \u00e9 do tipo SMPS com dois comutadores e a se\u00e7\u00e3o do amplificador consiste em tr\u00eas m\u00f3dulos de dois canais, um dos quais aparentemente n\u00e3o est\u00e1 sendo usado neste projeto. Embora eu entenda que amplificadores de 6 canais tendem a confundir as pessoas, a falta de uso deste sexto canal me parece um desperd\u00edcio. Claro, por US$ 400 a mais voc\u00ea pode comprar o RMB-1076, que ativa este sexto canal, adiciona a entrada e a sa\u00edda e tr\u00eas bot\u00f5es de n\u00edvel na parte frontal. O 1076 parece ser mais adequado para distribui\u00e7\u00e3o de \u00e1udio com o terminal de liga\u00e7\u00e3o e os controles de volume de qualidade inferior, mas estamos dispostos a apostar que os componentes internos s\u00e3o quase id\u00eanticos. A parte superior do RMB-1085 tem aberturas para resfriamento, mas n\u00e3o h\u00e1 ventoinha. Como os amplificadores chaveados s\u00e3o muito mais eficientes do que os modelos de amplificadores convencionais, isso era de se esperar.<\/span><\/p>\n<blockquote><p><strong><span dir=\"auto\">Sobre Amplificadores Classe D ou Chaveados e Fontes de Alimenta\u00e7\u00e3o SMPS<\/span><\/strong><br \/>\n<span dir=\"auto\">Amplificadores Classe D ou Chaveados s\u00e3o \u00e0s vezes erroneamente rotulados como &#8220;digitais&#8221;. Isso talvez se deva em parte ao &#8220;D&#8221; no nome. Na verdade, eles n\u00e3o s\u00e3o menos anal\u00f3gicos do que outros tipos de amplificadores, mas utilizam uma tipologia &#8220;ligado\/desligado&#8221; em vez de &#8220;conforme necess\u00e1rio&#8221; para amplificadores A\/B. Isso os torna muito mais eficientes, mas podem introduzir mais distor\u00e7\u00e3o do que outras tipologias de amplificadores. Inicialmente, os amplificadores chaveados n\u00e3o eram considerados muito \u00fateis para home theater, exceto para subwoofers, pois eram suscet\u00edveis \u00e0 n\u00e3o linearidade com base na imped\u00e2ncia do alto-falante. Nos \u00faltimos anos, os amplificadores chaveados afirmam ter superado essa limita\u00e7\u00e3o e, at\u00e9 agora, t\u00eam sido recebidos de forma relativamente positiva pela comunidade de home theater.<\/span><\/p>\n<p><span dir=\"auto\">As SMPS (fontes de alimenta\u00e7\u00e3o de modo comutado) s\u00e3o menores e mais eficientes do que as fontes de alimenta\u00e7\u00e3o lineares tradicionais, mas normalmente s\u00e3o mais ruidosas e t\u00eam menos espa\u00e7o livre. Os transformadores SMPS operam em frequ\u00eancias mais altas do que as fontes de alimenta\u00e7\u00e3o lineares, o que pode fazer com que o transformador seja muito menor. No entanto, eles tamb\u00e9m s\u00e3o mais desafiadores para produzir energia limpa para aplica\u00e7\u00f5es de \u00e1udio, raz\u00e3o pela qual geralmente s\u00e3o reservados para \u00e1udio de PC e automotivo ou qualquer aplica\u00e7\u00e3o onde espa\u00e7o, efici\u00eancia e custo sejam as tr\u00eas principais preocupa\u00e7\u00f5es.<\/span><\/p><\/blockquote>\n<p>&nbsp;<\/p>\n<p><b><span dir=\"auto\">Caracter\u00edsticas<\/span><\/b><br \/>\n<span dir=\"auto\">N\u00famero de canais: 5<\/span><br \/>\n<span dir=\"auto\">Pot\u00eancia nominal (watts por canal): 100 em 8 ohms, todos os canais acionados 180 em 4 ohms, todos os canais acionados<\/span><br \/>\n<span dir=\"auto\">Resposta de frequ\u00eancia: 20 Hz a 40 kHz (+\/\u2013 3 dB)<\/span><br \/>\n<span dir=\"auto\">Dimens\u00f5es (L x A x P, polegadas): 7,125 x 2,75 x 15,125<\/span><br \/>\n<span dir=\"auto\">Peso (libras): 11,9<\/span><\/p>\n","protected":false},"excerpt":{"rendered":"<p>Introdu\u00e7\u00e3o ao Rotel RMB-1085 Poucas marcas s\u00e3o t\u00e3o conhecidas e associadas ao segmento de alta qualidade quanto a Rotel. Eles t\u00eam reputa\u00e7\u00e3o de qualidade, pot\u00eancia e excelente est\u00e9tica. Fazia tempo que n\u00e3o faz\u00edamos uma an\u00e1lise da Rotel por aqui, ent\u00e3o ficamos todos animados quando eles demonstraram interesse em ter seu novo amplificador Classe D RMB-1085 [&hellip;]<\/p>\n","protected":false},"featured_media":26021,"template":"","meta":{"_acf_changed":false},"product_brand":[],"product_cat":[27,48,24],"product_tag":[],"class_list":{"0":"post-26020","1":"product","2":"type-product","3":"status-publish","4":"has-post-thumbnail","6":"product_cat-amplificador","7":"product_cat-multicanal","8":"product_cat-rotel","10":"first","11":"instock","12":"sold-individually","13":"shipping-taxable","14":"purchasable","15":"product-type-simple"},"acf":[],"aioseo_notices":[],"_links":{"self":[{"href":"https:\/\/hificlub.com.br\/loja\/wp-json\/wp\/v2\/product\/26020","targetHints":{"allow":["GET"]}}],"collection":[{"href":"https:\/\/hificlub.com.br\/loja\/wp-json\/wp\/v2\/product"}],"about":[{"href":"https:\/\/hificlub.com.br\/loja\/wp-json\/wp\/v2\/types\/product"}],"wp:featuredmedia":[{"embeddable":true,"href":"https:\/\/hificlub.com.br\/loja\/wp-json\/wp\/v2\/media\/26021"}],"wp:attachment":[{"href":"https:\/\/hificlub.com.br\/loja\/wp-json\/wp\/v2\/media?parent=26020"}],"wp:term":[{"taxonomy":"product_brand","embeddable":true,"href":"https:\/\/hificlub.com.br\/loja\/wp-json\/wp\/v2\/product_brand?post=26020"},{"taxonomy":"product_cat","embeddable":true,"href":"https:\/\/hificlub.com.br\/loja\/wp-json\/wp\/v2\/product_cat?post=26020"},{"taxonomy":"product_tag","embeddable":true,"href":"https:\/\/hificlub.com.br\/loja\/wp-json\/wp\/v2\/product_tag?post=26020"}],"curies":[{"name":"wp","href":"https:\/\/api.w.org\/{rel}","templated":true}]}}