{"id":25971,"date":"2025-08-30T22:57:56","date_gmt":"2025-08-31T01:57:56","guid":{"rendered":"https:\/\/hificlub.com.br\/loja\/?post_type=product&#038;p=25971"},"modified":"2026-04-16T15:00:01","modified_gmt":"2026-04-16T18:00:01","slug":"accuphase-dg-68-equalizador-digital-com-room-correction","status":"publish","type":"product","link":"https:\/\/hificlub.com.br\/loja\/produto\/accuphase-dg-68-equalizador-digital-com-room-correction\/","title":{"rendered":"ACCUPHASE DG-68  Equalizador Digital com Room Correction"},"content":{"rendered":"<p>O ACCUPHASE DG-68- \u00e9 um equalizador digital de alta tecnologia, que se destaca por ser um dos poucos processadores de sinal digital (DSP) de ponta projetados especificamente para audi\u00f3filos e amantes da alta fidelidade. Em vez de ser apenas um equalizador gr\u00e1fico, ele \u00e9 um <b>&#8220;Digital Voicing Equalizer&#8221;<\/b> que oferece uma abordagem sofisticada e precisa para corrigir problemas ac\u00fasticos de um ambiente de audi\u00e7\u00e3o e otimizar a resposta de frequ\u00eancia do sistema de \u00e1udio.<\/p>\n<p><strong>Caracter\u00edsticas Principais<\/strong><\/p>\n<p>Processamento de Sinal Digital (DSP) de Alta Precis\u00e3o: O DG-68 utiliza o mais recente processamento DSP para manipular o sinal de \u00e1udio de forma precisa e transparente. Ele opera com uma alta taxa de amostragem e profundidade de bits, garantindo que a qualidade sonora n\u00e3o seja comprometida durante o processo de equaliza\u00e7\u00e3o.<\/p>\n<p>Equaliza\u00e7\u00e3o Autom\u00e1tica e Manual: O grande diferencial do DG-68 \u00e9 a sua capacidade de realizar equaliza\u00e7\u00e3o autom\u00e1tica. Usando um microfone de medi\u00e7\u00e3o fornecido, o aparelho analisa a resposta de frequ\u00eancia da sala e do sistema de \u00e1udio e, em seguida, calcula e aplica as corre\u00e7\u00f5es necess\u00e1rias para obter uma curva de resposta ideal. Isso \u00e9 particularmente \u00fatil para corrigir picos e vales causados pela ac\u00fastica do ambiente, melhorando a clareza e o equil\u00edbrio tonal. Al\u00e9m disso, o usu\u00e1rio pode fazer ajustes manuais precisos, se desejar.<\/p>\n<p>Corre\u00e7\u00e3o de Fase e Equaliza\u00e7\u00e3o de Voz (Voicing Equalizer): O DG-68 n\u00e3o se limita a ajustar a amplitude (n\u00edvel de volume) das frequ\u00eancias. Ele tamb\u00e9m tem a capacidade de corrigir problemas de fase, o que \u00e9 crucial para uma imagem sonora e um palco sonoro precisos. A fun\u00e7\u00e3o Voicing Equalizer permite ao usu\u00e1rio ajustar a &#8220;curva de voz&#8221;, uma esp\u00e9cie de equaliza\u00e7\u00e3o param\u00e9trica de alta precis\u00e3o que pode moldar o som de forma muito granular.<\/p>\n<p>Visualiza\u00e7\u00e3o de Gr\u00e1ficos: O equalizador possui um display colorido de alta resolu\u00e7\u00e3o que mostra a curva de resposta de frequ\u00eancia em tempo real, tanto antes quanto depois da equaliza\u00e7\u00e3o. Isso permite ao usu\u00e1rio visualizar o impacto dos ajustes, facilitando a otimiza\u00e7\u00e3o.<\/p>\n<p>Conectividade e Flexibilidade: O DG-68 oferece uma variedade de entradas e sa\u00eddas digitais (coaxial, \u00f3ptica, USB) e anal\u00f3gicas (RCA, XLR), permitindo que ele seja facilmente integrado a qualquer sistema de \u00e1udio de alta fidelidade, seja ele totalmente digital ou com componentes anal\u00f3gicos.<\/p>\n<p>O Accuphase DG-68 \u00e9 muito mais do que um simples equalizador. \u00c9 uma ferramenta de precis\u00e3o para aprimorar o desempenho sonoro de um sistema de \u00e1udio, corrigindo as imperfei\u00e7\u00f5es da ac\u00fastica da sala e permitindo um controle refinado sobre o som. \u00c9 um equipamento para audi\u00f3filos que buscam o m\u00e1ximo em performance e controle sobre a sua experi\u00eancia de audi\u00e7\u00e3o.<\/p>\n<p>&nbsp;<\/p>\n<p><a href=\"https:\/\/www.stereophile.com\/content\/accuphase-dg-68-digital-voicing-equalizer-december-2021\" target=\"_blank\" rel=\"noopener\"><img loading=\"lazy\" decoding=\"async\" class=\"alignnone wp-image-22926\" src=\"https:\/\/hificlub.com.br\/loja\/wp-content\/uploads\/2025\/06\/Stereophile-award.jpg\" alt=\"\" width=\"352\" height=\"60\" \/><\/a><\/p>\n","protected":false},"excerpt":{"rendered":"<p>O ACCUPHASE DG-68- \u00e9 um equalizador digital de alta tecnologia, que se destaca por ser um dos poucos processadores de sinal digital (DSP) de ponta projetados especificamente para audi\u00f3filos e amantes da alta fidelidade. Em vez de ser apenas um equalizador gr\u00e1fico, ele \u00e9 um &#8220;Digital Voicing Equalizer&#8221; que oferece uma abordagem sofisticada e precisa [&hellip;]<\/p>\n","protected":false},"featured_media":25972,"template":"","meta":{"_acf_changed":false},"product_brand":[],"product_cat":[229,327,38],"product_tag":[],"class_list":{"0":"post-25971","1":"product","2":"type-product","3":"status-publish","4":"has-post-thumbnail","6":"product_cat-accuphase","7":"product_cat-equalizador","8":"product_cat-pre-amplificador","10":"first","11":"instock","12":"shipping-taxable","13":"purchasable","14":"product-type-simple"},"acf":[],"aioseo_notices":[],"_links":{"self":[{"href":"https:\/\/hificlub.com.br\/loja\/wp-json\/wp\/v2\/product\/25971","targetHints":{"allow":["GET"]}}],"collection":[{"href":"https:\/\/hificlub.com.br\/loja\/wp-json\/wp\/v2\/product"}],"about":[{"href":"https:\/\/hificlub.com.br\/loja\/wp-json\/wp\/v2\/types\/product"}],"wp:featuredmedia":[{"embeddable":true,"href":"https:\/\/hificlub.com.br\/loja\/wp-json\/wp\/v2\/media\/25972"}],"wp:attachment":[{"href":"https:\/\/hificlub.com.br\/loja\/wp-json\/wp\/v2\/media?parent=25971"}],"wp:term":[{"taxonomy":"product_brand","embeddable":true,"href":"https:\/\/hificlub.com.br\/loja\/wp-json\/wp\/v2\/product_brand?post=25971"},{"taxonomy":"product_cat","embeddable":true,"href":"https:\/\/hificlub.com.br\/loja\/wp-json\/wp\/v2\/product_cat?post=25971"},{"taxonomy":"product_tag","embeddable":true,"href":"https:\/\/hificlub.com.br\/loja\/wp-json\/wp\/v2\/product_tag?post=25971"}],"curies":[{"name":"wp","href":"https:\/\/api.w.org\/{rel}","templated":true}]}}