{"id":25955,"date":"2025-08-30T21:35:32","date_gmt":"2025-08-31T00:35:32","guid":{"rendered":"https:\/\/hificlub.com.br\/loja\/?post_type=product&#038;p=25955"},"modified":"2026-04-08T04:32:44","modified_gmt":"2026-04-08T07:32:44","slug":"accuphase-a-80-amplificador-de-potencia-stereo-classe-a-65-watts","status":"publish","type":"product","link":"https:\/\/hificlub.com.br\/loja\/produto\/accuphase-a-80-amplificador-de-potencia-stereo-classe-a-65-watts\/","title":{"rendered":"ACCUPHASE A-80  Amplificador Stereo Classe A   65 Watts"},"content":{"rendered":"<p>O Accuphase A-80 \u00e9 um amplificador de pot\u00eancia est\u00e9reo da renomada marca japonesa Accuphase, conhecida por seus equipamentos de \u00e1udio de alta fidelidade e constru\u00e7\u00e3o impec\u00e1vel. Lan\u00e7ado como uma vers\u00e3o est\u00e9reo do modelo de 50\u00ba anivers\u00e1rio da Accuphase, o A-300, o A-80 \u00e9 um amplificador de <b>Classe A<\/b> que se destaca por sua pot\u00eancia, tecnologia e qualidade sonora.<\/p>\n<p><strong>Caracter\u00edsticas Principais<\/strong><\/p>\n<p>Amplifica\u00e7\u00e3o em Classe A: Esta \u00e9 a caracter\u00edstica mais marcante do A-80. A opera\u00e7\u00e3o em Classe A garante que os transistores de sa\u00edda estejam sempre conduzindo corrente, mesmo na aus\u00eancia de sinal. Isso resulta em uma reprodu\u00e7\u00e3o de \u00e1udio extremamente pura, sem a distor\u00e7\u00e3o de chaveamento comum em outros tipos de amplificadores, oferecendo um som detalhado e suave.<\/p>\n<p>Pot\u00eancia Robusta: Apesar de ser um amplificador Classe A, que geralmente tem menor efici\u00eancia, o A-80 entrega uma pot\u00eancia consider\u00e1vel. Ele fornece 65W por canal em 8 ohms, mas sua pot\u00eancia dobra \u00e0 medida que a imped\u00e2ncia do alto-falante diminui (130W em 4 ohms, 260W em 2 ohms e 520W em 1 ohm). Essa capacidade de fornecer alta corrente o torna ideal para &#8220;casar&#8221; com uma ampla variedade de caixas ac\u00fasticas, mesmo as mais dif\u00edceis de &#8220;tocar&#8221;.<\/p>\n<p><b>Tecnologia Avan\u00e7ada:<\/b> A Accuphase incorporou diversas tecnologias de ponta no A-80 para otimizar o desempenho. Entre elas, destacam-se:<\/p>\n<p style=\"padding-left: 40px\">10 MOS-FETs de pot\u00eancia em configura\u00e7\u00e3o push-pull paralela: Essa configura\u00e7\u00e3o permite a entrega de alta corrente e pot\u00eancia.<\/p>\n<p style=\"padding-left: 40px\">Circuito de feedback de corrente: Ajuda a manter a estabilidade e a qualidade do sinal.<\/p>\n<p style=\"padding-left: 40px\">Alto fator de amortecimento (damping factor) de 1.000: Garante um excelente controle sobre os alto-falantes, especialmente nas frequ\u00eancias baixas.<\/p>\n<p style=\"padding-left: 40px\">Grandes capacitores de filtro (120.000 \u03bcF): Fornecem uma fonte de energia est\u00e1vel e limpa.<\/p>\n<p><b>Design e Constru\u00e7\u00e3o:<\/b> Como \u00e9 de costume na Accuphase, o A-80 \u00e9 um equipamento massivo e s\u00f3lido, com um acabamento em alum\u00ednio e p\u00e9s isolantes de ferro fundido. O famoso display com VU meters na frente n\u00e3o \u00e9 apenas elegante, mas tamb\u00e9m funcional, permitindo a visualiza\u00e7\u00e3o da sa\u00edda de pot\u00eancia em tempo real.<\/p>\n<p>O Accuphase A-80 \u00e9 um amplificador de refer\u00eancia, projetado para audi\u00f3filos que buscam a m\u00e1xima qualidade sonora. Ele combina a pureza e a musicalidade da opera\u00e7\u00e3o em Classe A com uma capacidade de pot\u00eancia e controle que o tornam vers\u00e1til e capaz de extrair o melhor de qualquer sistema de \u00e1udio de alta qualidade.<\/p>\n<p>&nbsp;<\/p>\n<p><a href=\"https:\/\/highfidelity.pl\/@main-1357&amp;lang=en\" target=\"_blank\" rel=\"noopener\"><img loading=\"lazy\" decoding=\"async\" class=\"alignnone wp-image-5388\" src=\"https:\/\/hificlub.com.br\/loja\/wp-content\/uploads\/2023\/11\/awards_high_fidelity_pl.png\" alt=\"\" width=\"224\" height=\"81\" srcset=\"https:\/\/hificlub.com.br\/loja\/wp-content\/uploads\/2023\/11\/awards_high_fidelity_pl.png 373w, https:\/\/hificlub.com.br\/loja\/wp-content\/uploads\/2023\/11\/awards_high_fidelity_pl-300x109.png 300w\" sizes=\"auto, (max-width: 224px) 100vw, 224px\" \/><\/a><\/p>\n","protected":false},"excerpt":{"rendered":"<p>O Accuphase A-80 \u00e9 um amplificador de pot\u00eancia est\u00e9reo da renomada marca japonesa Accuphase, conhecida por seus equipamentos de \u00e1udio de alta fidelidade e constru\u00e7\u00e3o impec\u00e1vel. Lan\u00e7ado como uma vers\u00e3o est\u00e9reo do modelo de 50\u00ba anivers\u00e1rio da Accuphase, o A-300, o A-80 \u00e9 um amplificador de Classe A que se destaca por sua pot\u00eancia, tecnologia [&hellip;]<\/p>\n","protected":false},"featured_media":25960,"template":"","meta":{"_acf_changed":false},"product_brand":[],"product_cat":[229,27,28],"product_tag":[],"class_list":{"0":"post-25955","1":"product","2":"type-product","3":"status-publish","4":"has-post-thumbnail","6":"product_cat-accuphase","7":"product_cat-amplificador","8":"product_cat-estereo","10":"first","11":"instock","12":"shipping-taxable","13":"purchasable","14":"product-type-simple"},"acf":[],"aioseo_notices":[],"_links":{"self":[{"href":"https:\/\/hificlub.com.br\/loja\/wp-json\/wp\/v2\/product\/25955","targetHints":{"allow":["GET"]}}],"collection":[{"href":"https:\/\/hificlub.com.br\/loja\/wp-json\/wp\/v2\/product"}],"about":[{"href":"https:\/\/hificlub.com.br\/loja\/wp-json\/wp\/v2\/types\/product"}],"wp:featuredmedia":[{"embeddable":true,"href":"https:\/\/hificlub.com.br\/loja\/wp-json\/wp\/v2\/media\/25960"}],"wp:attachment":[{"href":"https:\/\/hificlub.com.br\/loja\/wp-json\/wp\/v2\/media?parent=25955"}],"wp:term":[{"taxonomy":"product_brand","embeddable":true,"href":"https:\/\/hificlub.com.br\/loja\/wp-json\/wp\/v2\/product_brand?post=25955"},{"taxonomy":"product_cat","embeddable":true,"href":"https:\/\/hificlub.com.br\/loja\/wp-json\/wp\/v2\/product_cat?post=25955"},{"taxonomy":"product_tag","embeddable":true,"href":"https:\/\/hificlub.com.br\/loja\/wp-json\/wp\/v2\/product_tag?post=25955"}],"curies":[{"name":"wp","href":"https:\/\/api.w.org\/{rel}","templated":true}]}}