{"id":25950,"date":"2025-08-30T19:18:54","date_gmt":"2025-08-30T22:18:54","guid":{"rendered":"https:\/\/hificlub.com.br\/loja\/?post_type=product&#038;p=25950"},"modified":"2026-04-08T04:17:29","modified_gmt":"2026-04-08T07:17:29","slug":"accuphase-e-3000-amplificador-integrado-100-watts","status":"publish","type":"product","link":"https:\/\/hificlub.com.br\/loja\/produto\/accuphase-e-3000-amplificador-integrado-100-watts\/","title":{"rendered":"ACCUPHASE E-3000 Amplificador Integrado 100 watts"},"content":{"rendered":"<p><span dir=\"auto\">O amplificador integrado E-3000 surgiu da trajet\u00f3ria tra\u00e7ada pelas tecnologias utilizadas em equipamentos de ponta.<\/span><br \/>\n<span dir=\"auto\">Entre os elementos constituintes deste amplificador, os circuitos de controle de volume, de vital import\u00e2ncia, incorporam o AAVA, que<\/span><br \/>\n<span dir=\"auto\">utiliza o princ\u00edpio ANCC. A se\u00e7\u00e3o do amplificador de pot\u00eancia produz sinais balanceados com base no princ\u00edpio do amplificador de instrumenta\u00e7\u00e3o, criando simultaneamente um est\u00e1gio de sa\u00edda robusto por meio de transistores de pot\u00eancia push-pull triplos e paralelos, acionados em classe AB. Cada momento imerso na vibrante reprodu\u00e7\u00e3o do E-3000 \u00e9 inesquec\u00edvel.<\/span><\/p>\n<h2><span dir=\"auto\">Circuito de controle de volume AAVA<\/span><\/h2>\n<p><span dir=\"auto\">No cora\u00e7\u00e3o do E-3000 est\u00e1 o circuito de controle de volume AAVA (Amplificador Anal\u00f3gico Vari-gain Accuphase). Utilizando o princ\u00edpio ANCC (Circuito de Cancelamento de Ru\u00eddo Accuphase), esta tecnologia inovadora garante que os ajustes de volume mantenham a integridade sonora, proporcionando um sinal de \u00e1udio limpo e preciso em toda a sua extens\u00e3o. Esta escolha de design refor\u00e7a o compromisso da Accuphase em proporcionar uma experi\u00eancia auditiva superior.<\/span><\/p>\n<h2><span dir=\"auto\">Amplifica\u00e7\u00e3o Poderosa<\/span><\/h2>\n<p><span dir=\"auto\">O E-3000 n\u00e3o se limita a um circuito elegante; ele tamb\u00e9m ostenta uma pot\u00eancia de sa\u00edda formid\u00e1vel. Fornecendo 100 watts em 8 ohms e 150 watts em 4 ohms, este amplificador \u00e9 capaz de acionar uma ampla gama de alto-falantes com facilidade. O est\u00e1gio de amplifica\u00e7\u00e3o de pot\u00eancia \u00e9 configurado como um amplificador de instrumenta\u00e7\u00e3o, produzindo sinais balanceados que aprimoram a clareza e a fidelidade do \u00e1udio.<\/span><\/p>\n<h2><span dir=\"auto\">Tecnologia Avan\u00e7ada de Amplifica\u00e7\u00e3o de Pot\u00eancia<\/span><\/h2>\n<p><span dir=\"auto\">O amplificador utiliza uma configura\u00e7\u00e3o push-pull tripla e paralela, utilizando transistores de pot\u00eancia acionados no modo Classe AB. Essa arquitetura n\u00e3o s\u00f3 contribui para um est\u00e1gio de sa\u00edda robusto, como tamb\u00e9m garante um alto fator de amortecimento de 600. O alto fator de amortecimento melhora o controle sobre o movimento do alto-falante, resultando em uma resposta de graves mais precisa e maior precis\u00e3o sonora geral.<\/span><\/p>\n<h2><span dir=\"auto\">Sensoriamento Remoto Balanceado<\/span><\/h2>\n<p><span dir=\"auto\">Para aprimorar ainda mais seu desempenho, o E-3000 integra a tecnologia de sensoriamento remoto balanceado. Esse recurso aprimora ainda mais o fator de amortecimento, garantindo que o amplificador mantenha excelente controle sobre os alto-falantes conectados, independentemente da imped\u00e2ncia ou das condi\u00e7\u00f5es de carga.<\/span><\/p>\n<h2><span dir=\"auto\">Amplifica\u00e7\u00e3o de Feedback de Corrente<\/span><\/h2>\n<p><span dir=\"auto\">A topologia atual do circuito de amplifica\u00e7\u00e3o de feedback empregada no E-3000 garante excelentes caracter\u00edsticas de fase na faixa alta, prevenindo distor\u00e7\u00f5es e mantendo a integridade do sinal. Essa escolha de design \u00e9 crucial para proporcionar o som detalhado e din\u00e2mico que os audi\u00f3filos buscam.<\/span><\/p>\n<h2><span dir=\"auto\">Fonte de alimenta\u00e7\u00e3o robusta<\/span><\/h2>\n<p><span dir=\"auto\">O E-3000 \u00e9 alimentado por uma potente fonte de alimenta\u00e7\u00e3o, com um transformador robusto e capacitores de filtragem de alta tens\u00e3o e grande capacidade. Essa reserva de pot\u00eancia substancial garante que o amplificador possa lidar com passagens de \u00e1udio exigentes sem esfor\u00e7o, resultando em uma reprodu\u00e7\u00e3o sonora limpa e potente.<\/span><\/p>\n<h2><span dir=\"auto\">Circuito de Prote\u00e7\u00e3o Abrangente<\/span><\/h2>\n<p><span dir=\"auto\">Seguran\u00e7a e confiabilidade s\u00e3o primordiais em qualquer componente de \u00e1udio de alta qualidade. O E-3000 incorpora circuitos de prote\u00e7\u00e3o com chaves MOS-FET, protegendo o amplificador e os alto-falantes conectados contra poss\u00edveis danos devido a sobrecarga ou curto-circuito.<\/span><\/p>\n<h2><span dir=\"auto\">Controles de tom vers\u00e1teis<\/span><\/h2>\n<p><span dir=\"auto\">Para atender \u00e0s prefer\u00eancias pessoais de \u00e1udio, o E-3000 inclui controles de tom que utilizam filtros ativos de soma. Isso permite que os usu\u00e1rios personalizem o som de acordo com suas prefer\u00eancias, aprimorando a experi\u00eancia auditiva com base no gosto individual e na ac\u00fastica do ambiente.<\/span><\/p>\n<h2><span dir=\"auto\">Amortecimento de vibra\u00e7\u00e3o superior<\/span><\/h2>\n<p><span dir=\"auto\">A qualidade da constru\u00e7\u00e3o n\u00e3o \u00e9 negligenciada, j\u00e1 que o E-3000 possui isoladores de ferro fundido com alto teor de carbono, projetados para amortecimento superior de vibra\u00e7\u00f5es. Essa aten\u00e7\u00e3o aos detalhes minimiza a resson\u00e2ncia indesejada, permitindo uma reprodu\u00e7\u00e3o sonora mais pura.<\/span><\/p>\n<h2><span dir=\"auto\">Op\u00e7\u00f5es expans\u00edveis<\/span><\/h2>\n<p><span dir=\"auto\">Para quem busca personalizar ainda mais a configura\u00e7\u00e3o, o E-3000 inclui dois slots de expans\u00e3o para placas opcionais. Esse recurso permite que os usu\u00e1rios aprimorem as capacidades do amplificador, garantindo sua relev\u00e2ncia \u00e0 medida que a tecnologia de \u00e1udio evolui.<\/span><\/p>\n<p>&nbsp;<\/p>\n","protected":false},"excerpt":{"rendered":"<p>O amplificador integrado E-3000 surgiu da trajet\u00f3ria tra\u00e7ada pelas tecnologias utilizadas em equipamentos de ponta. Entre os elementos constituintes deste amplificador, os circuitos de controle de volume, de vital import\u00e2ncia, incorporam o AAVA, que utiliza o princ\u00edpio ANCC. A se\u00e7\u00e3o do amplificador de pot\u00eancia produz sinais balanceados com base no princ\u00edpio do amplificador de instrumenta\u00e7\u00e3o, [&hellip;]<\/p>\n","protected":false},"featured_media":25951,"template":"","meta":{"_acf_changed":false},"product_brand":[],"product_cat":[229,27,51],"product_tag":[],"class_list":{"0":"post-25950","1":"product","2":"type-product","3":"status-publish","4":"has-post-thumbnail","6":"product_cat-accuphase","7":"product_cat-amplificador","8":"product_cat-integrado","10":"first","11":"instock","12":"sold-individually","13":"shipping-taxable","14":"purchasable","15":"product-type-simple"},"acf":[],"aioseo_notices":[],"_links":{"self":[{"href":"https:\/\/hificlub.com.br\/loja\/wp-json\/wp\/v2\/product\/25950","targetHints":{"allow":["GET"]}}],"collection":[{"href":"https:\/\/hificlub.com.br\/loja\/wp-json\/wp\/v2\/product"}],"about":[{"href":"https:\/\/hificlub.com.br\/loja\/wp-json\/wp\/v2\/types\/product"}],"wp:featuredmedia":[{"embeddable":true,"href":"https:\/\/hificlub.com.br\/loja\/wp-json\/wp\/v2\/media\/25951"}],"wp:attachment":[{"href":"https:\/\/hificlub.com.br\/loja\/wp-json\/wp\/v2\/media?parent=25950"}],"wp:term":[{"taxonomy":"product_brand","embeddable":true,"href":"https:\/\/hificlub.com.br\/loja\/wp-json\/wp\/v2\/product_brand?post=25950"},{"taxonomy":"product_cat","embeddable":true,"href":"https:\/\/hificlub.com.br\/loja\/wp-json\/wp\/v2\/product_cat?post=25950"},{"taxonomy":"product_tag","embeddable":true,"href":"https:\/\/hificlub.com.br\/loja\/wp-json\/wp\/v2\/product_tag?post=25950"}],"curies":[{"name":"wp","href":"https:\/\/api.w.org\/{rel}","templated":true}]}}