{"id":25914,"date":"2025-08-29T11:32:37","date_gmt":"2025-08-29T14:32:37","guid":{"rendered":"https:\/\/hificlub.com.br\/loja\/?post_type=product&#038;p=25914"},"modified":"2026-03-03T22:15:13","modified_gmt":"2026-03-04T01:15:13","slug":"storm-cable-thunderstorm-cabo-speaker-bi-wired-banana-ouro-15m","status":"publish","type":"product","link":"https:\/\/hificlub.com.br\/loja\/produto\/storm-cable-thunderstorm-cabo-speaker-bi-wired-banana-ouro-15m\/","title":{"rendered":"STORM Cable Thunderstorm &#8211; Cabo Speaker Bi-Wired, Banana Ouro, 1,5m"},"content":{"rendered":"<p>Cabo h\u00edbrido bi-wired, para bicablagem ou biamplifica\u00e7\u00e3o \u2014 combina as caracter\u00edsticas de cabos espec\u00edficos para graves e agudos, trazendo graves melhores e mais profundos, e mais clareza e detalhamentos para os m\u00e9dios e agudos. Pode ser montado com terminais banana ou forquilha, banhados em ouro ou r\u00f3dio.<\/p>\n","protected":false},"excerpt":{"rendered":"<p>Cabo h\u00edbrido bi-wired, para bicablagem ou biamplifica\u00e7\u00e3o \u2014 combina as caracter\u00edsticas de cabos espec\u00edficos para graves e agudos, trazendo graves melhores e mais profundos, e mais clareza e detalhamentos para os m\u00e9dios e agudos. Pode ser montado com terminais banana ou forquilha, banhados em ouro ou r\u00f3dio.<\/p>\n","protected":false},"featured_media":25915,"template":"","meta":{"_acf_changed":false},"product_brand":[],"product_cat":[61,62,323],"product_tag":[],"class_list":{"0":"post-25914","1":"product","2":"type-product","3":"status-publish","4":"has-post-thumbnail","6":"product_cat-cabos","7":"product_cat-caixa","8":"product_cat-storm","10":"first","11":"instock","12":"sold-individually","13":"shipping-taxable","14":"purchasable","15":"product-type-simple"},"acf":[],"aioseo_notices":[],"_links":{"self":[{"href":"https:\/\/hificlub.com.br\/loja\/wp-json\/wp\/v2\/product\/25914","targetHints":{"allow":["GET"]}}],"collection":[{"href":"https:\/\/hificlub.com.br\/loja\/wp-json\/wp\/v2\/product"}],"about":[{"href":"https:\/\/hificlub.com.br\/loja\/wp-json\/wp\/v2\/types\/product"}],"wp:featuredmedia":[{"embeddable":true,"href":"https:\/\/hificlub.com.br\/loja\/wp-json\/wp\/v2\/media\/25915"}],"wp:attachment":[{"href":"https:\/\/hificlub.com.br\/loja\/wp-json\/wp\/v2\/media?parent=25914"}],"wp:term":[{"taxonomy":"product_brand","embeddable":true,"href":"https:\/\/hificlub.com.br\/loja\/wp-json\/wp\/v2\/product_brand?post=25914"},{"taxonomy":"product_cat","embeddable":true,"href":"https:\/\/hificlub.com.br\/loja\/wp-json\/wp\/v2\/product_cat?post=25914"},{"taxonomy":"product_tag","embeddable":true,"href":"https:\/\/hificlub.com.br\/loja\/wp-json\/wp\/v2\/product_tag?post=25914"}],"curies":[{"name":"wp","href":"https:\/\/api.w.org\/{rel}","templated":true}]}}