{"id":25910,"date":"2025-08-29T11:25:22","date_gmt":"2025-08-29T14:25:22","guid":{"rendered":"https:\/\/hificlub.com.br\/loja\/?post_type=product&#038;p=25910"},"modified":"2026-03-03T22:15:13","modified_gmt":"2026-03-04T01:15:13","slug":"storm-cable-cabo-speaker-banana-ouro-15m","status":"publish","type":"product","link":"https:\/\/hificlub.com.br\/loja\/produto\/storm-cable-cabo-speaker-banana-ouro-15m\/","title":{"rendered":"STORM Cable &#8211; Cabo Speaker, Banana Ouro, 1,5m"},"content":{"rendered":"<p>Cabo tran\u00e7ado, single wired \u2014 com caracter\u00edsticas de neutralidade e detalhamento em toda a extens\u00e3o de frenqu\u00eancias. M\u00e9dios e agudos definidos com graves profundos. Pode ser montado com terminais banana ou forquilha, banhados em ouro ou r\u00f3dio.<\/p>\n<p>\u200bEste foi nosso primeiro cabo a ter seu review publicado na revista AVMAG, em sua edi\u00e7\u00e3o 271, com 91 pontos na avalia\u00e7\u00e3o e recebendo o selo de Estado da Arte. Tamb\u00e9m figurou na edi\u00e7\u00e3o de melhores do anos em 2021.<\/p>\n<p>Al\u00e9m disso, foi incorporado ao conjunto de cabos de refer\u00eancia da editora, tendo sido utilizado em in\u00fameros testes de caixas e amplificadores desde ent\u00e3o.<\/p>\n","protected":false},"excerpt":{"rendered":"<p>Cabo tran\u00e7ado, single wired \u2014 com caracter\u00edsticas de neutralidade e detalhamento em toda a extens\u00e3o de frenqu\u00eancias. M\u00e9dios e agudos definidos com graves profundos. Pode ser montado com terminais banana ou forquilha, banhados em ouro ou r\u00f3dio. \u200bEste foi nosso primeiro cabo a ter seu review publicado na revista AVMAG, em sua edi\u00e7\u00e3o 271, com [&hellip;]<\/p>\n","protected":false},"featured_media":25911,"template":"","meta":{"_acf_changed":false},"product_brand":[],"product_cat":[61,62,323],"product_tag":[],"class_list":{"0":"post-25910","1":"product","2":"type-product","3":"status-publish","4":"has-post-thumbnail","6":"product_cat-cabos","7":"product_cat-caixa","8":"product_cat-storm","10":"first","11":"instock","12":"sold-individually","13":"shipping-taxable","14":"purchasable","15":"product-type-simple"},"acf":[],"aioseo_notices":[],"_links":{"self":[{"href":"https:\/\/hificlub.com.br\/loja\/wp-json\/wp\/v2\/product\/25910","targetHints":{"allow":["GET"]}}],"collection":[{"href":"https:\/\/hificlub.com.br\/loja\/wp-json\/wp\/v2\/product"}],"about":[{"href":"https:\/\/hificlub.com.br\/loja\/wp-json\/wp\/v2\/types\/product"}],"wp:featuredmedia":[{"embeddable":true,"href":"https:\/\/hificlub.com.br\/loja\/wp-json\/wp\/v2\/media\/25911"}],"wp:attachment":[{"href":"https:\/\/hificlub.com.br\/loja\/wp-json\/wp\/v2\/media?parent=25910"}],"wp:term":[{"taxonomy":"product_brand","embeddable":true,"href":"https:\/\/hificlub.com.br\/loja\/wp-json\/wp\/v2\/product_brand?post=25910"},{"taxonomy":"product_cat","embeddable":true,"href":"https:\/\/hificlub.com.br\/loja\/wp-json\/wp\/v2\/product_cat?post=25910"},{"taxonomy":"product_tag","embeddable":true,"href":"https:\/\/hificlub.com.br\/loja\/wp-json\/wp\/v2\/product_tag?post=25910"}],"curies":[{"name":"wp","href":"https:\/\/api.w.org\/{rel}","templated":true}]}}