{"id":25905,"date":"2025-08-29T11:18:24","date_gmt":"2025-08-29T14:18:24","guid":{"rendered":"https:\/\/hificlub.com.br\/loja\/?post_type=product&#038;p=25905"},"modified":"2026-03-03T22:15:14","modified_gmt":"2026-03-04T01:15:14","slug":"storm-cable-cabo-aes-ebu-digital-lightning","status":"publish","type":"product","link":"https:\/\/hificlub.com.br\/loja\/produto\/storm-cable-cabo-aes-ebu-digital-lightning\/","title":{"rendered":"STORM Cable &#8211; Cabo AES\/EBU Digital Lightning, 1,5m"},"content":{"rendered":"<p>Os cabos digitais AES\/EBU s\u00e3o a conex\u00e3o ideal para sistemas digitais de qualidade superior, utilizando dois canais para os sinal digital, aumentando a fidelidade e a amostragem, trazendo mais vida para o evento sonoro.<\/p>\n<p>Utilizam cabos digitais da mesma fam\u00edlia dos cabos RCA e XLR, com cabos alem\u00e3es de cobre puro de 24 AWG, dupla blindagem e isola\u00e7\u00e3o em PE espumado.<\/p>\n<p>Os plugs XLR s\u00e3o banhados em ouro e trava por mola, para uma conex\u00e3o segura e eficiente.Os cabos digitais AES\/EBU s\u00e3o a conex\u00e3o ideal para sistemas digitais de qualidade superior, utilizando dois canais para os sinal digital, aumentando a fidelidade e a amostragem, trazendo mais vida para o evento sonoro.<\/p>\n<p>Utilizam cabos digitais da mesma fam\u00edlia dos cabos RCA e XLR, com cabos alem\u00e3es de cobre puro de 24 AWG, dupla blindagem e isola\u00e7\u00e3o em PE espumado.<\/p>\n<p>Os plugs XLR s\u00e3o banhados em ouro e trava por mola, para uma conex\u00e3o segura e eficiente.<\/p>\n","protected":false},"excerpt":{"rendered":"<p>Os cabos digitais AES\/EBU s\u00e3o a conex\u00e3o ideal para sistemas digitais de qualidade superior, utilizando dois canais para os sinal digital, aumentando a fidelidade e a amostragem, trazendo mais vida para o evento sonoro. Utilizam cabos digitais da mesma fam\u00edlia dos cabos RCA e XLR, com cabos alem\u00e3es de cobre puro de 24 AWG, dupla [&hellip;]<\/p>\n","protected":false},"featured_media":25906,"template":"","meta":{"_acf_changed":false},"product_brand":[],"product_cat":[326,61,323],"product_tag":[],"class_list":{"0":"post-25905","1":"product","2":"type-product","3":"status-publish","4":"has-post-thumbnail","6":"product_cat-aes-ebu","7":"product_cat-cabos","8":"product_cat-storm","10":"first","11":"instock","12":"sold-individually","13":"shipping-taxable","14":"purchasable","15":"product-type-simple"},"acf":[],"aioseo_notices":[],"_links":{"self":[{"href":"https:\/\/hificlub.com.br\/loja\/wp-json\/wp\/v2\/product\/25905","targetHints":{"allow":["GET"]}}],"collection":[{"href":"https:\/\/hificlub.com.br\/loja\/wp-json\/wp\/v2\/product"}],"about":[{"href":"https:\/\/hificlub.com.br\/loja\/wp-json\/wp\/v2\/types\/product"}],"wp:featuredmedia":[{"embeddable":true,"href":"https:\/\/hificlub.com.br\/loja\/wp-json\/wp\/v2\/media\/25906"}],"wp:attachment":[{"href":"https:\/\/hificlub.com.br\/loja\/wp-json\/wp\/v2\/media?parent=25905"}],"wp:term":[{"taxonomy":"product_brand","embeddable":true,"href":"https:\/\/hificlub.com.br\/loja\/wp-json\/wp\/v2\/product_brand?post=25905"},{"taxonomy":"product_cat","embeddable":true,"href":"https:\/\/hificlub.com.br\/loja\/wp-json\/wp\/v2\/product_cat?post=25905"},{"taxonomy":"product_tag","embeddable":true,"href":"https:\/\/hificlub.com.br\/loja\/wp-json\/wp\/v2\/product_tag?post=25905"}],"curies":[{"name":"wp","href":"https:\/\/api.w.org\/{rel}","templated":true}]}}