{"id":25888,"date":"2025-08-28T17:54:02","date_gmt":"2025-08-28T20:54:02","guid":{"rendered":"https:\/\/hificlub.com.br\/loja\/?post_type=product&#038;p=25888"},"modified":"2026-03-03T22:15:14","modified_gmt":"2026-03-04T01:15:14","slug":"storm-cable-cabo-coaxial-digital-15m","status":"publish","type":"product","link":"https:\/\/hificlub.com.br\/loja\/produto\/storm-cable-cabo-coaxial-digital-15m\/","title":{"rendered":"STORM Cable &#8211; Cabo Coaxial Digital, 1,5m"},"content":{"rendered":"<p>Com o aumento do uso de streamers e fontes digitais, os cabos coaxiais tem ocupado um espa\u00e7o central em um n\u00famero crescente de sistemas. Esse cabo de cobre puro, tem a vantagem de possibilitar uma conex\u00e3o com bitrate maior que as conex\u00f5es \u00f3pticas e com menos ru\u00eddo que as USB.<\/p>\n<p>Com extens\u00e3o e detalhamento excelentes, este cabo \u00e9 a escolha perfeita para ouvintes exigentes que n\u00e3o abrem m\u00e3o do som mais quente do cobre.<br \/>\nOs conectores de fixa\u00e7\u00e3o por rosca banhados em ouro garantem uma conex\u00e3o segura e eficiente.<\/p>\n<p>\u200b\u200bTeve seu review publicado na edi\u00e7\u00e3o 274 da revista AVMAG, com 85 pontos na avalia\u00e7\u00e3o e recebendo o selo de Estado da Arte. Tamb\u00e9m figurou na edi\u00e7\u00e3o de melhores do anos em 2021.<\/p>\n","protected":false},"excerpt":{"rendered":"<p>Com o aumento do uso de streamers e fontes digitais, os cabos coaxiais tem ocupado um espa\u00e7o central em um n\u00famero crescente de sistemas. Esse cabo de cobre puro, tem a vantagem de possibilitar uma conex\u00e3o com bitrate maior que as conex\u00f5es \u00f3pticas e com menos ru\u00eddo que as USB. Com extens\u00e3o e detalhamento excelentes, [&hellip;]<\/p>\n","protected":false},"featured_media":25889,"template":"","meta":{"_acf_changed":false},"product_brand":[],"product_cat":[61,172,323],"product_tag":[],"class_list":{"0":"post-25888","1":"product","2":"type-product","3":"status-publish","4":"has-post-thumbnail","6":"product_cat-cabos","7":"product_cat-digital-cabos","8":"product_cat-storm","10":"first","11":"instock","12":"sold-individually","13":"shipping-taxable","14":"purchasable","15":"product-type-simple"},"acf":[],"aioseo_notices":[],"_links":{"self":[{"href":"https:\/\/hificlub.com.br\/loja\/wp-json\/wp\/v2\/product\/25888","targetHints":{"allow":["GET"]}}],"collection":[{"href":"https:\/\/hificlub.com.br\/loja\/wp-json\/wp\/v2\/product"}],"about":[{"href":"https:\/\/hificlub.com.br\/loja\/wp-json\/wp\/v2\/types\/product"}],"wp:featuredmedia":[{"embeddable":true,"href":"https:\/\/hificlub.com.br\/loja\/wp-json\/wp\/v2\/media\/25889"}],"wp:attachment":[{"href":"https:\/\/hificlub.com.br\/loja\/wp-json\/wp\/v2\/media?parent=25888"}],"wp:term":[{"taxonomy":"product_brand","embeddable":true,"href":"https:\/\/hificlub.com.br\/loja\/wp-json\/wp\/v2\/product_brand?post=25888"},{"taxonomy":"product_cat","embeddable":true,"href":"https:\/\/hificlub.com.br\/loja\/wp-json\/wp\/v2\/product_cat?post=25888"},{"taxonomy":"product_tag","embeddable":true,"href":"https:\/\/hificlub.com.br\/loja\/wp-json\/wp\/v2\/product_tag?post=25888"}],"curies":[{"name":"wp","href":"https:\/\/api.w.org\/{rel}","templated":true}]}}