{"id":25884,"date":"2025-08-28T17:50:04","date_gmt":"2025-08-28T20:50:04","guid":{"rendered":"https:\/\/hificlub.com.br\/loja\/?post_type=product&#038;p=25884"},"modified":"2026-03-03T22:15:14","modified_gmt":"2026-03-04T01:15:14","slug":"storm-cable-cabo-xlr-analogico-lightning-15m","status":"publish","type":"product","link":"https:\/\/hificlub.com.br\/loja\/produto\/storm-cable-cabo-xlr-analogico-lightning-15m\/","title":{"rendered":"STORM Cable &#8211; Cabo XLR anal\u00f3gico Lightning, 1,5m"},"content":{"rendered":"<p>Os cabos XLR anal\u00f3gicos da Linha Storm. Eles utilizam condutores da mesma fam\u00edlia dos cabos RCA, sendo cabos alem\u00e3es de cobre puro de 24 AWG, dupla blindagem e isola\u00e7\u00e3o em PE espumado, cujo coeficiente diel\u00e9trico \u00e9 quase o mesmo do Teflon. Como explicado no cabo RCA, essa caracter\u00edstica construtiva torna este cabo mais r\u00e1pido, com melhor ataque e extens\u00e3o nos agudos, sem perder o corpo e do\u00e7ura que o cobre proporciona.<\/p>\n<p>Os plugs XLR s\u00e3o banhados em ouro e trava por mola, para uma conex\u00e3o segura e eficiente.<\/p>\n<p>\u200b\u200bO modelo anterior tamb\u00e9m teve seu review publicado na edi\u00e7\u00e3o 272 da revista AVMAG, com 91 pontos na avalia\u00e7\u00e3o e recebendo o selo de Estado da Arte. Tamb\u00e9m figurou na edi\u00e7\u00e3o de melhores do anos em 2021.<\/p>\n<p>Leia o review completo aquiOs cabos XLR anal\u00f3gicos da Linha Storm. Eles utilizam condutores da mesma fam\u00edlia dos cabos RCA, sendo cabos alem\u00e3es de cobre puro de 24 AWG, dupla blindagem e isola\u00e7\u00e3o em PE espumado, cujo coeficiente diel\u00e9trico \u00e9 quase o mesmo do Teflon. Como explicado no cabo RCA, essa caracter\u00edstica construtiva torna este cabo mais r\u00e1pido, com melhor ataque e extens\u00e3o nos agudos, sem perder o corpo e do\u00e7ura que o cobre proporciona.<\/p>\n<p>Os plugs XLR s\u00e3o banhados em ouro e trava por mola, para uma conex\u00e3o segura e eficiente.<br \/>\n\u200b\u200bO modelo anterior tamb\u00e9m teve seu review publicado na edi\u00e7\u00e3o 272 da revista AVMAG, com 91 pontos na avalia\u00e7\u00e3o e recebendo o selo de Estado da Arte. Tamb\u00e9m figurou na edi\u00e7\u00e3o de melhores do anos em 2021.<\/p>\n<p><strong>Dispon\u00edvel em diversas metragens\u00a0<\/strong>(Consulte-nos para pre\u00e7os e disponibilidade.)<\/p>\n","protected":false},"excerpt":{"rendered":"<p>Os cabos XLR anal\u00f3gicos da Linha Storm. Eles utilizam condutores da mesma fam\u00edlia dos cabos RCA, sendo cabos alem\u00e3es de cobre puro de 24 AWG, dupla blindagem e isola\u00e7\u00e3o em PE espumado, cujo coeficiente diel\u00e9trico \u00e9 quase o mesmo do Teflon. Como explicado no cabo RCA, essa caracter\u00edstica construtiva torna este cabo mais r\u00e1pido, com [&hellip;]<\/p>\n","protected":false},"featured_media":25885,"template":"","meta":{"_acf_changed":false},"product_brand":[],"product_cat":[61,73,323],"product_tag":[],"class_list":{"0":"post-25884","1":"product","2":"type-product","3":"status-publish","4":"has-post-thumbnail","6":"product_cat-cabos","7":"product_cat-interconnect-xlr","8":"product_cat-storm","10":"first","11":"instock","12":"sold-individually","13":"shipping-taxable","14":"purchasable","15":"product-type-simple"},"acf":[],"aioseo_notices":[],"_links":{"self":[{"href":"https:\/\/hificlub.com.br\/loja\/wp-json\/wp\/v2\/product\/25884","targetHints":{"allow":["GET"]}}],"collection":[{"href":"https:\/\/hificlub.com.br\/loja\/wp-json\/wp\/v2\/product"}],"about":[{"href":"https:\/\/hificlub.com.br\/loja\/wp-json\/wp\/v2\/types\/product"}],"wp:featuredmedia":[{"embeddable":true,"href":"https:\/\/hificlub.com.br\/loja\/wp-json\/wp\/v2\/media\/25885"}],"wp:attachment":[{"href":"https:\/\/hificlub.com.br\/loja\/wp-json\/wp\/v2\/media?parent=25884"}],"wp:term":[{"taxonomy":"product_brand","embeddable":true,"href":"https:\/\/hificlub.com.br\/loja\/wp-json\/wp\/v2\/product_brand?post=25884"},{"taxonomy":"product_cat","embeddable":true,"href":"https:\/\/hificlub.com.br\/loja\/wp-json\/wp\/v2\/product_cat?post=25884"},{"taxonomy":"product_tag","embeddable":true,"href":"https:\/\/hificlub.com.br\/loja\/wp-json\/wp\/v2\/product_tag?post=25884"}],"curies":[{"name":"wp","href":"https:\/\/api.w.org\/{rel}","templated":true}]}}