{"id":25867,"date":"2025-08-28T17:14:52","date_gmt":"2025-08-28T20:14:52","guid":{"rendered":"https:\/\/hificlub.com.br\/loja\/?post_type=product&#038;p=25867"},"modified":"2025-08-30T17:04:08","modified_gmt":"2025-08-30T20:04:08","slug":"polk-audio-fxi-a6-caixa-surround-150-watts-par","status":"publish","type":"product","link":"https:\/\/hificlub.com.br\/loja\/produto\/polk-audio-fxi-a6-caixa-surround-150-watts-par\/","title":{"rendered":"POLK AUDIO FXi A6 &#8211; Caixa Surround, 150 Watts, (par)"},"content":{"rendered":"<p>A Polk Audio FXi A6 \u00e9 uma caixa ac\u00fastica surround de alta performance, ideal para sistemas de home theater, conhecida por sua flexibilidade de posicionamento e tecnologias que visam aprimorar a experi\u00eancia de som. <span class=\"citation-23 citation-end-23\">Ela faz parte da s\u00e9rie RTi da Polk Audio e \u00e9 projetada para preencher grandes espa\u00e7os com efeitos sonoros imersivos.<\/span><\/p>\n<p>A FXi A6 se destaca por seu design e recursos que a tornam uma excelente op\u00e7\u00e3o para \u00e1udio surround:<\/p>\n<p><b><span class=\"citation-22\">Design Bipolar\/Dipolar:<\/span><\/b><span class=\"citation-22\"> A principal caracter\u00edstica desta caixa \u00e9 a chave que permite alternar entre os modos <\/span><b><span class=\"citation-22\">bipolar<\/span><\/b><span class=\"citation-22\"> e <\/span><b><span class=\"citation-22\">dipolar<\/span><\/b><span class=\"citation-22 citation-end-22\">.<\/span> <span class=\"citation-21 citation-end-21\">No modo bipolar, os alto-falantes de cada caixa emitem som em fase, criando um campo sonoro mais focado e direcional.<\/span> J\u00e1 no modo dipolar, eles emitem som fora de fase, resultando em um campo sonoro mais difuso e ambiente, ideal para criar a sensa\u00e7\u00e3o de &#8220;som vindo de todos os lados&#8221; em filmes e m\u00fasicas multicanais.<\/p>\n<p><b><span class=\"citation-20\">Formato Trapezoidal:<\/span><\/b><span class=\"citation-20 citation-end-20\"> O gabinete tem um formato trapezoidal que direciona os drivers e tweeters em dire\u00e7\u00f5es opostas, otimizando a dispers\u00e3o do som e proporcionando uma imagem sonora mais realista e ampla.<\/span><\/p>\n<p><b>Tecnologia Dynamic Balance\u00ae:<\/b> Patenteada pela Polk, essa tecnologia utiliza imagens a laser para identificar e eliminar resson\u00e2ncias no driver e no sistema, garantindo um som mais limpo e com baixa distor\u00e7\u00e3o.<\/p>\n<p><b><span class=\"citation-19\">Tecnologia ARC\u00ae (Acoustic Resonance Control):<\/span><\/b><span class=\"citation-19 citation-end-19\"> O sistema ARC atua na supress\u00e3o da resson\u00e2ncia do gabinete, um problema comum que pode causar distor\u00e7\u00e3o, garantindo um som claro e natural.<\/span><\/p>\n<p><b>Posicionamento e Uso<\/b><\/p>\n<p>A flexibilidade de modos bipolar\/dipolar da FXi A6 a torna vers\u00e1til para diferentes configura\u00e7\u00f5es de home theater:<\/p>\n<ul>\n<li><b>Para Efeitos Difusos (Modo Dipolar):<\/b> Use este modo se as caixas estiverem nas paredes laterais, alinhadas com a posi\u00e7\u00e3o de audi\u00e7\u00e3o. Isso cria um campo sonoro mais amplo e envolvente.<\/li>\n<li><b>Para Efeitos Direcionais (Modo Bipolar):<\/b> Use este modo se as caixas estiverem na parede traseira, atr\u00e1s da posi\u00e7\u00e3o de audi\u00e7\u00e3o. Isso resulta em efeitos sonoros mais n\u00edtidos e localizados.<\/li>\n<\/ul>\n","protected":false},"excerpt":{"rendered":"<p>A Polk Audio FXi A6 \u00e9 uma caixa ac\u00fastica surround de alta performance, ideal para sistemas de home theater, conhecida por sua flexibilidade de posicionamento e tecnologias que visam aprimorar a experi\u00eancia de som. Ela faz parte da s\u00e9rie RTi da Polk Audio e \u00e9 projetada para preencher grandes espa\u00e7os com efeitos sonoros imersivos. A [&hellip;]<\/p>\n","protected":false},"featured_media":25868,"template":"","meta":{"_acf_changed":false},"product_brand":[],"product_cat":[281,17,197],"product_tag":[],"class_list":{"0":"post-25867","1":"product","2":"type-product","3":"status-publish","4":"has-post-thumbnail","6":"product_cat-caixa-surround","7":"product_cat-caixas","8":"product_cat-polk-audio","10":"first","11":"instock","12":"sold-individually","13":"shipping-taxable","14":"purchasable","15":"product-type-simple"},"acf":[],"aioseo_notices":[],"_links":{"self":[{"href":"https:\/\/hificlub.com.br\/loja\/wp-json\/wp\/v2\/product\/25867","targetHints":{"allow":["GET"]}}],"collection":[{"href":"https:\/\/hificlub.com.br\/loja\/wp-json\/wp\/v2\/product"}],"about":[{"href":"https:\/\/hificlub.com.br\/loja\/wp-json\/wp\/v2\/types\/product"}],"wp:featuredmedia":[{"embeddable":true,"href":"https:\/\/hificlub.com.br\/loja\/wp-json\/wp\/v2\/media\/25868"}],"wp:attachment":[{"href":"https:\/\/hificlub.com.br\/loja\/wp-json\/wp\/v2\/media?parent=25867"}],"wp:term":[{"taxonomy":"product_brand","embeddable":true,"href":"https:\/\/hificlub.com.br\/loja\/wp-json\/wp\/v2\/product_brand?post=25867"},{"taxonomy":"product_cat","embeddable":true,"href":"https:\/\/hificlub.com.br\/loja\/wp-json\/wp\/v2\/product_cat?post=25867"},{"taxonomy":"product_tag","embeddable":true,"href":"https:\/\/hificlub.com.br\/loja\/wp-json\/wp\/v2\/product_tag?post=25867"}],"curies":[{"name":"wp","href":"https:\/\/api.w.org\/{rel}","templated":true}]}}