{"id":25857,"date":"2025-08-27T11:20:08","date_gmt":"2025-08-27T14:20:08","guid":{"rendered":"https:\/\/hificlub.com.br\/loja\/?post_type=product&#038;p=25857"},"modified":"2026-03-03T22:15:15","modified_gmt":"2026-03-04T01:15:15","slug":"focal-stand-suporte-para-a-caixa-diablo-utopia-colour-evo","status":"publish","type":"product","link":"https:\/\/hificlub.com.br\/loja\/produto\/focal-stand-suporte-para-a-caixa-diablo-utopia-colour-evo\/","title":{"rendered":"FOCAL Stand &#8211; Suporte para a Caixa Diablo Utopia Colour Evo,"},"content":{"rendered":"<p>O suporte Diablo Utopia Colour Evo (60 cm de altura) permite que voc\u00ea posicione a caixa de som no melhor ponto da sala em rela\u00e7\u00e3o \u00e0 sua posi\u00e7\u00e3o de audi\u00e7\u00e3o. Seus enormes pinos de desacoplamento proporcionam melhor desacoplamento do ch\u00e3o, enquanto uma plataforma permite que a caixa de som seja ajustada horizontalmente. Por fim, com seu suporte de alum\u00ednio fosco e base preta, sua est\u00e9tica est\u00e1 em perfeita harmonia com a caixa de som.<\/p>\n","protected":false},"excerpt":{"rendered":"<p>O suporte Diablo Utopia Colour Evo (60 cm de altura) permite que voc\u00ea posicione a caixa de som no melhor ponto da sala em rela\u00e7\u00e3o \u00e0 sua posi\u00e7\u00e3o de audi\u00e7\u00e3o. Seus enormes pinos de desacoplamento proporcionam melhor desacoplamento do ch\u00e3o, enquanto uma plataforma permite que a caixa de som seja ajustada horizontalmente. Por fim, com [&hellip;]<\/p>\n","protected":false},"featured_media":25858,"template":"","meta":{"_acf_changed":false},"product_brand":[],"product_cat":[89,45,104],"product_tag":[],"class_list":{"0":"post-25857","1":"product","2":"type-product","3":"status-publish","4":"has-post-thumbnail","6":"product_cat-acessorios","7":"product_cat-focal","8":"product_cat-racks-e-pedestais","10":"first","11":"instock","12":"shipping-taxable","13":"product-type-simple"},"acf":[],"aioseo_notices":[],"_links":{"self":[{"href":"https:\/\/hificlub.com.br\/loja\/wp-json\/wp\/v2\/product\/25857","targetHints":{"allow":["GET"]}}],"collection":[{"href":"https:\/\/hificlub.com.br\/loja\/wp-json\/wp\/v2\/product"}],"about":[{"href":"https:\/\/hificlub.com.br\/loja\/wp-json\/wp\/v2\/types\/product"}],"wp:featuredmedia":[{"embeddable":true,"href":"https:\/\/hificlub.com.br\/loja\/wp-json\/wp\/v2\/media\/25858"}],"wp:attachment":[{"href":"https:\/\/hificlub.com.br\/loja\/wp-json\/wp\/v2\/media?parent=25857"}],"wp:term":[{"taxonomy":"product_brand","embeddable":true,"href":"https:\/\/hificlub.com.br\/loja\/wp-json\/wp\/v2\/product_brand?post=25857"},{"taxonomy":"product_cat","embeddable":true,"href":"https:\/\/hificlub.com.br\/loja\/wp-json\/wp\/v2\/product_cat?post=25857"},{"taxonomy":"product_tag","embeddable":true,"href":"https:\/\/hificlub.com.br\/loja\/wp-json\/wp\/v2\/product_tag?post=25857"}],"curies":[{"name":"wp","href":"https:\/\/api.w.org\/{rel}","templated":true}]}}