{"id":25842,"date":"2025-08-27T10:45:22","date_gmt":"2025-08-27T13:45:22","guid":{"rendered":"https:\/\/hificlub.com.br\/loja\/?post_type=product&#038;p=25842"},"modified":"2026-04-14T06:04:53","modified_gmt":"2026-04-14T09:04:53","slug":"pro-ject-tube-box-s2-pre-amplificador-phono","status":"publish","type":"product","link":"https:\/\/hificlub.com.br\/loja\/produto\/pro-ject-tube-box-s2-pre-amplificador-phono\/","title":{"rendered":"PRO-JECT Tube Box S2 &#8211; Pr\u00e9 Phono MM MC Black"},"content":{"rendered":"<p>O <b>Pro-Ject Tube Box S2<\/b> \u00e9 um pr\u00e9-amplificador fono (phono pre-amp) projetado para audi\u00f3filos que buscam melhorar a qualidade sonora de seus toca-discos, adicionando a suavidade e musicalidade caracter\u00edsticas das v\u00e1lvulas de v\u00e1cuo.<\/p>\n<p><strong>Box S2<\/strong> proporciona um som completo, relaxado e descontra\u00eddo, com m\u00e9dios exuberantes, exatamente como seria de se esperar de um pr\u00e9-amplificador phono valvulado de alta qualidade muito maior. Ele oferece suporte para c\u00e1psulas MM e MC e vem com diversas configura\u00e7\u00f5es de ganho que podem ser selecionadas no painel frontal. Cinco configura\u00e7\u00f5es de imped\u00e2ncia de entrada vari\u00e1veis \u200b\u200best\u00e3o dispon\u00edveis para se ajustar a qualquer c\u00e1psula MM; a configura\u00e7\u00e3o de imped\u00e2ncia de entrada de 47k ohms \u00e9 fixa e adequada para c\u00e1psulas MC de alto rendimento. O inv\u00f3lucro de alum\u00ednio\/metal \u00e9 adaptado \u00e0 nossa linha DS2 em termos de apar\u00eancia e protege contra vibra\u00e7\u00f5es e interfer\u00eancias eletromagn\u00e9ticas para um som superior.<\/p>\n<p>O Tube Box S2 se diferencia no mercado de pr\u00e9-amplificadores fono por sua constru\u00e7\u00e3o compacta e a inclus\u00e3o de v\u00e1lvulas. Ele atua como uma interface entre a c\u00e1psula do toca-discos (MM ou MC) e a entrada de linha de um amplificador ou receiver, amplificando o sinal fraco do toca-discos para um n\u00edvel compat\u00edvel com outros componentes de \u00e1udio.<\/p>\n<p><b>Tecnologia de V\u00e1lvulas:<\/b> A grande atra\u00e7\u00e3o do Tube Box S2 s\u00e3o as duas v\u00e1lvulas de v\u00e1cuo (ECC83 \/ 12AX7) que operam em uma etapa de sa\u00edda de circuito. As v\u00e1lvulas s\u00e3o conhecidas por adicionar uma &#8220;cor&#8221; sonora quente e natural, o que muitos audi\u00f3filos consideram ideal para a reprodu\u00e7\u00e3o de vinil.<\/p>\n<p><b>Compatibilidade com C\u00e1psulas (MM\/MC):<\/b> O pr\u00e9-amplificador \u00e9 compat\u00edvel tanto com c\u00e1psulas de \u00edm\u00e3 m\u00f3vel (Moving Magnet, MM) quanto com c\u00e1psulas de bobina m\u00f3vel (Moving Coil, MC). Ele possui um bot\u00e3o frontal para alternar entre os dois modos, e uma s\u00e9rie de chaves DIP na parte traseira para ajustes finos de ganho e imped\u00e2ncia, permitindo a otimiza\u00e7\u00e3o para diferentes tipos de c\u00e1psulas.<\/p>\n<p><b>Ajustes de Ganho e Imped\u00e2ncia:<\/b> A capacidade de ajustar a imped\u00e2ncia e o ganho \u00e9 crucial para extrair o melhor som de uma c\u00e1psula. O Tube Box S2 oferece m\u00faltiplas op\u00e7\u00f5es de ganho para c\u00e1psulas MC e MM, e sete configura\u00e7\u00f5es de imped\u00e2ncia para c\u00e1psulas MC. Isso permite um &#8220;casamento&#8221; preciso entre o pr\u00e9-amplificador e a c\u00e1psula.<\/p>\n<p><b>Filtro Subs\u00f4nico:<\/b> Ele possui um filtro subs\u00f4nico opcional (acionado por um bot\u00e3o na parte frontal) que ajuda a eliminar frequ\u00eancias de baix\u00edssima frequ\u00eancia geradas por imperfei\u00e7\u00f5es no vinil ou na leitura do bra\u00e7o, protegendo os alto-falantes e melhorando a clareza do \u00e1udio.<\/p>\n<p><b>Design e Constru\u00e7\u00e3o:<\/b> O chassi compacto e robusto em metal protege o circuito de vibra\u00e7\u00f5es e interfer\u00eancias eletromagn\u00e9ticas. As v\u00e1lvulas s\u00e3o vis\u00edveis atrav\u00e9s de uma pequena janela, o que adiciona um charme visual.<\/p>\n<p>O Tube Box S2 \u00e9 uma excelente escolha para quem deseja explorar o mundo das v\u00e1lvulas de v\u00e1cuo sem um alto investimento. Ele \u00e9 ideal para audi\u00f3filos que buscam:<\/p>\n<ul>\n<li><b>Musicalidade e calor:<\/b> O som caracter\u00edstico das v\u00e1lvulas adiciona uma dimens\u00e3o extra \u00e0 audi\u00e7\u00e3o de vinil.<\/li>\n<li><b>Flexibilidade:<\/b> A capacidade de ajustar o ganho e a imped\u00e2ncia o torna compat\u00edvel com uma vasta gama de c\u00e1psulas.<\/li>\n<li><b>Upgrade acess\u00edvel:<\/b> \u00c9 uma forma econ\u00f4mica de elevar a qualidade sonora de um toca-discos que possui um pr\u00e9-amplificador integrado ou que n\u00e3o tem um.<\/li>\n<\/ul>\n<p>&nbsp;<\/p>\n<p><a href=\"https:\/\/www.audioemotion.co.uk\/pro-ject-tube-box-s2-tube-phono-preamplifier-27373-p.asp?srsltid=AfmBOooj97JlMgHECjIMxoXqTNVUbjGAK6DqHzEKQBqm90jXEhSFjJd2\"><img loading=\"lazy\" decoding=\"async\" class=\"alignnone wp-image-25846\" src=\"https:\/\/hificlub.com.br\/loja\/wp-content\/uploads\/2025\/08\/Audio-emotion-award.png\" alt=\"\" width=\"131\" height=\"126\" \/> \u00a0 \u00a0 <\/a><a href=\"https:\/\/vinylrestart.com\/pro-ject-tube-box-s2-review\/\"><img loading=\"lazy\" decoding=\"async\" class=\"alignnone wp-image-25847\" src=\"https:\/\/hificlub.com.br\/loja\/wp-content\/uploads\/2025\/08\/Vinyl-Restart-award.png\" alt=\"\" width=\"330\" height=\"55\" \/><\/a><\/p>\n","protected":false},"excerpt":{"rendered":"<p>O Pro-Ject Tube Box S2 \u00e9 um pr\u00e9-amplificador fono (phono pre-amp) projetado para audi\u00f3filos que buscam melhorar a qualidade sonora de seus toca-discos, adicionando a suavidade e musicalidade caracter\u00edsticas das v\u00e1lvulas de v\u00e1cuo. Box S2 proporciona um som completo, relaxado e descontra\u00eddo, com m\u00e9dios exuberantes, exatamente como seria de se esperar de um pr\u00e9-amplificador phono [&hellip;]<\/p>\n","protected":false},"featured_media":25844,"template":"","meta":{"_acf_changed":false},"product_brand":[],"product_cat":[78,79,38,241],"product_tag":[],"class_list":{"0":"post-25842","1":"product","2":"type-product","3":"status-publish","4":"has-post-thumbnail","6":"product_cat-analogico-audio","7":"product_cat-pre-de-phono","8":"product_cat-pre-amplificador","9":"product_cat-project","11":"first","12":"instock","13":"sold-individually","14":"shipping-taxable","15":"purchasable","16":"product-type-simple"},"acf":[],"aioseo_notices":[],"_links":{"self":[{"href":"https:\/\/hificlub.com.br\/loja\/wp-json\/wp\/v2\/product\/25842","targetHints":{"allow":["GET"]}}],"collection":[{"href":"https:\/\/hificlub.com.br\/loja\/wp-json\/wp\/v2\/product"}],"about":[{"href":"https:\/\/hificlub.com.br\/loja\/wp-json\/wp\/v2\/types\/product"}],"wp:featuredmedia":[{"embeddable":true,"href":"https:\/\/hificlub.com.br\/loja\/wp-json\/wp\/v2\/media\/25844"}],"wp:attachment":[{"href":"https:\/\/hificlub.com.br\/loja\/wp-json\/wp\/v2\/media?parent=25842"}],"wp:term":[{"taxonomy":"product_brand","embeddable":true,"href":"https:\/\/hificlub.com.br\/loja\/wp-json\/wp\/v2\/product_brand?post=25842"},{"taxonomy":"product_cat","embeddable":true,"href":"https:\/\/hificlub.com.br\/loja\/wp-json\/wp\/v2\/product_cat?post=25842"},{"taxonomy":"product_tag","embeddable":true,"href":"https:\/\/hificlub.com.br\/loja\/wp-json\/wp\/v2\/product_tag?post=25842"}],"curies":[{"name":"wp","href":"https:\/\/api.w.org\/{rel}","templated":true}]}}