{"id":25807,"date":"2025-08-26T17:59:56","date_gmt":"2025-08-26T20:59:56","guid":{"rendered":"https:\/\/hificlub.com.br\/loja\/?post_type=product&#038;p=25807"},"modified":"2026-03-03T22:15:16","modified_gmt":"2026-03-04T01:15:16","slug":"focal-viva-utopia-colour-evo-caixa-central-de-3-vias","status":"publish","type":"product","link":"https:\/\/hificlub.com.br\/loja\/produto\/focal-viva-utopia-colour-evo-caixa-central-de-3-vias\/","title":{"rendered":"FOCAL VIVA UTOPIA COLOUR EVO &#8211; Caixa Central de 3 Vias,"},"content":{"rendered":"<p>Descubra a Viva Utopia Colour Evo, uma caixa ac\u00fastica de alta fidelidade de 3 vias, adequada para as configura\u00e7\u00f5es multicanal mais elaboradas. Sua originalidade: pode ser instalada verticalmente (Viva Utopia) ou horizontalmente (Viva Center Utopia). Esta caixa ac\u00fastica topo de linha \u00e9 perfeita tanto para home theater quanto para som est\u00e9reo.<\/p>\n<p><strong>Utopia excel\u00eancia<\/strong><\/p>\n<p>O viva utopia oferece uma s\u00e9rie de vantagens: m\u00e9dios extremamente n\u00edtidos, alta efici\u00eancia e pot\u00eancia, al\u00e9m de direcionalidade muito baixa no eixo horizontal para controle perfeito da fase e da imagem sonora.<\/p>\n<p><strong>Selecionar posi\u00e7\u00e3o<\/strong><\/p>\n<p>Com 1,30 m de altura quando instalada verticalmente, a viva utopia se acomoda majestosamente na sua sala de estar. Horizontalmente, esta caixa de som central \u00e9 montada em um suporte de alum\u00ednio com design elegante. Acabamento preto, branco ou cinza: a escolha \u00e9 sua.<\/p>\n<p><strong>Os melhores componentes<\/strong><\/p>\n<p>Os melhores componentes de sua gera\u00e7\u00e3o encontraram seu lugar junto com as melhores tecnologias focal (membrana &#8220;w&#8221;, tweeter de ber\u00edlio, motor power flower\u2122&#8230;) Para um som de alta fidelidade incompar\u00e1vel, atendendo \u00e0s expectativas dos audi\u00f3filos mais exigentes.<\/p>\n<p><strong>Uma escultura ac\u00fastica<\/strong><\/p>\n<p>Cada alto-falante \u00e9 integrado a um gabinete separado. Esses gabinetes formam a espinha dorsal do alto-falante e podem ser adaptados para o &#8220;tempo de foco&#8221;: o ajuste perfeito dos canais ao ponto de audi\u00e7\u00e3o.<\/p>\n<p>&nbsp;<\/p>\n","protected":false},"excerpt":{"rendered":"<p>Descubra a Viva Utopia Colour Evo, uma caixa ac\u00fastica de alta fidelidade de 3 vias, adequada para as configura\u00e7\u00f5es multicanal mais elaboradas. Sua originalidade: pode ser instalada verticalmente (Viva Utopia) ou horizontalmente (Viva Center Utopia). Esta caixa ac\u00fastica topo de linha \u00e9 perfeita tanto para home theater quanto para som est\u00e9reo. Utopia excel\u00eancia O viva [&hellip;]<\/p>\n","protected":false},"featured_media":25808,"template":"","meta":{"_acf_changed":false},"product_brand":[],"product_cat":[35,17,45],"product_tag":[],"class_list":{"0":"post-25807","1":"product","2":"type-product","3":"status-publish","4":"has-post-thumbnail","6":"product_cat-caixas-centrais","7":"product_cat-caixas","8":"product_cat-focal","10":"first","11":"instock","12":"shipping-taxable","13":"product-type-simple"},"acf":[],"aioseo_notices":[],"_links":{"self":[{"href":"https:\/\/hificlub.com.br\/loja\/wp-json\/wp\/v2\/product\/25807","targetHints":{"allow":["GET"]}}],"collection":[{"href":"https:\/\/hificlub.com.br\/loja\/wp-json\/wp\/v2\/product"}],"about":[{"href":"https:\/\/hificlub.com.br\/loja\/wp-json\/wp\/v2\/types\/product"}],"wp:featuredmedia":[{"embeddable":true,"href":"https:\/\/hificlub.com.br\/loja\/wp-json\/wp\/v2\/media\/25808"}],"wp:attachment":[{"href":"https:\/\/hificlub.com.br\/loja\/wp-json\/wp\/v2\/media?parent=25807"}],"wp:term":[{"taxonomy":"product_brand","embeddable":true,"href":"https:\/\/hificlub.com.br\/loja\/wp-json\/wp\/v2\/product_brand?post=25807"},{"taxonomy":"product_cat","embeddable":true,"href":"https:\/\/hificlub.com.br\/loja\/wp-json\/wp\/v2\/product_cat?post=25807"},{"taxonomy":"product_tag","embeddable":true,"href":"https:\/\/hificlub.com.br\/loja\/wp-json\/wp\/v2\/product_tag?post=25807"}],"curies":[{"name":"wp","href":"https:\/\/api.w.org\/{rel}","templated":true}]}}