{"id":25781,"date":"2025-08-26T12:10:42","date_gmt":"2025-08-26T15:10:42","guid":{"rendered":"https:\/\/hificlub.com.br\/loja\/?post_type=product&#038;p=25781"},"modified":"2026-03-03T22:15:16","modified_gmt":"2026-03-04T01:15:16","slug":"focal-diablo-utopia-color-evo-caixa-bookshelf-de-2-vias-e-bass-reflex-200-watts","status":"publish","type":"product","link":"https:\/\/hificlub.com.br\/loja\/produto\/focal-diablo-utopia-color-evo-caixa-bookshelf-de-2-vias-e-bass-reflex-200-watts\/","title":{"rendered":"FOCAL DIABLO UTOPIA COLOR EVO &#8211; Caixa Bookshelf de 2 Vias e Bass-reflex, 200 Watts"},"content":{"rendered":"<p>A Diablo Utopia Colour Evo \u00e9 a vis\u00e3o definitiva da caixa de som de estante de refer\u00eancia de alta qualidade, na mais pura tradi\u00e7\u00e3o da Focal. Inspirada na Grande Utopia, a Diablo Utopia oferece um woofer de 16,5 cm baseado no sistema Power Flower LDC (Low Dynamic Compression). Esta tecnologia patenteada produz graves ideais e defini\u00e7\u00e3o perfeita nos m\u00e9dios, tornando-a uma caixa de som de estante de alta qualidade excepcional.<\/p>\n<p><strong>O prazer do som hi-fi<\/strong><\/p>\n<p>Diablo utopia colour evo combina desempenho superlativo com estilo \u00fanico. Com 43 cm de altura, esta caixa ac\u00fastica compacta convida voc\u00ea a saborear os prazeres do som de alta fidelidade na faixa de graves, gra\u00e7as ao seu woofer\/m\u00e9dio alcance power flower\u2122 patenteado de 16,5 cm, praticamente insatur\u00e1vel, e ao ressonador integrado.<\/p>\n<p><strong>Tecnologias focais<\/strong><\/p>\n<p>Al\u00e9m do sistema power flower\u2122 ldc (low dynamic compression), a diablo incorpora as tecnologias de ponta da linha utopia: membrana &#8220;w&#8221;, tweeter de ber\u00edlio, estrutura gama antivibra\u00e7\u00e3o, filtragem opc para imagens 3d perfeitas&#8230; Todo o know-how da focal combinado.<\/p>\n<p><strong>Uma escultura ac\u00fastica<\/strong><\/p>\n<p>Cada caixa ac\u00fastica \u00e9 integrada a um gabinete separado. Esses gabinetes formam a espinha dorsal da caixa ac\u00fastica e permitem o &#8220;tempo de foco&#8221;: o ajuste perfeito dos canais ao ponto de audi\u00e7\u00e3o.<\/p>\n<p>&nbsp;<\/p>\n<p>&nbsp;<\/p>\n","protected":false},"excerpt":{"rendered":"<p>A Diablo Utopia Colour Evo \u00e9 a vis\u00e3o definitiva da caixa de som de estante de refer\u00eancia de alta qualidade, na mais pura tradi\u00e7\u00e3o da Focal. Inspirada na Grande Utopia, a Diablo Utopia oferece um woofer de 16,5 cm baseado no sistema Power Flower LDC (Low Dynamic Compression). Esta tecnologia patenteada produz graves ideais e [&hellip;]<\/p>\n","protected":false},"featured_media":25782,"template":"","meta":{"_acf_changed":false},"product_brand":[],"product_cat":[25,17,45],"product_tag":[],"class_list":{"0":"post-25781","1":"product","2":"type-product","3":"status-publish","4":"has-post-thumbnail","6":"product_cat-bookshelf","7":"product_cat-caixas","8":"product_cat-focal","10":"first","11":"instock","12":"shipping-taxable","13":"product-type-simple"},"acf":[],"aioseo_notices":[],"_links":{"self":[{"href":"https:\/\/hificlub.com.br\/loja\/wp-json\/wp\/v2\/product\/25781","targetHints":{"allow":["GET"]}}],"collection":[{"href":"https:\/\/hificlub.com.br\/loja\/wp-json\/wp\/v2\/product"}],"about":[{"href":"https:\/\/hificlub.com.br\/loja\/wp-json\/wp\/v2\/types\/product"}],"wp:featuredmedia":[{"embeddable":true,"href":"https:\/\/hificlub.com.br\/loja\/wp-json\/wp\/v2\/media\/25782"}],"wp:attachment":[{"href":"https:\/\/hificlub.com.br\/loja\/wp-json\/wp\/v2\/media?parent=25781"}],"wp:term":[{"taxonomy":"product_brand","embeddable":true,"href":"https:\/\/hificlub.com.br\/loja\/wp-json\/wp\/v2\/product_brand?post=25781"},{"taxonomy":"product_cat","embeddable":true,"href":"https:\/\/hificlub.com.br\/loja\/wp-json\/wp\/v2\/product_cat?post=25781"},{"taxonomy":"product_tag","embeddable":true,"href":"https:\/\/hificlub.com.br\/loja\/wp-json\/wp\/v2\/product_tag?post=25781"}],"curies":[{"name":"wp","href":"https:\/\/api.w.org\/{rel}","templated":true}]}}