{"id":25772,"date":"2025-08-26T11:40:48","date_gmt":"2025-08-26T14:40:48","guid":{"rendered":"https:\/\/hificlub.com.br\/loja\/?post_type=product&#038;p=25772"},"modified":"2026-03-03T22:15:16","modified_gmt":"2026-03-04T01:15:16","slug":"focal-scala-utopia-evo-caixa-torre-de-3-vias-500-watts","status":"publish","type":"product","link":"https:\/\/hificlub.com.br\/loja\/produto\/focal-scala-utopia-evo-caixa-torre-de-3-vias-500-watts\/","title":{"rendered":"FOCAL SCALA UTOPIA EVO &#8211; Caixa Torre de 3 Vias, 500 Watts"},"content":{"rendered":"<p>A Scala Utopia Evo impressiona pela sua incr\u00edvel musicalidade, tamanho compacto e facilidade de instala\u00e7\u00e3o. Como todas as caixas ac\u00fasticas da linha de excel\u00eancia Utopia, ela incorpora diversas tecnologias exclusivas da Focal, que criam um som de alta fidelidade excepcional para uma audi\u00e7\u00e3o incompar\u00e1vel.<\/p>\n<p><strong>3 caminhos para a excel\u00eancia<\/strong><\/p>\n<p>Gra\u00e7as aos seus compartimentos inovadores e definidos, o scala\u00a0pode ser bi-amplificado para uma personaliza\u00e7\u00e3o sonora ainda maior. ele incorpora diversas inova\u00e7\u00f5es da focal, incluindo a suspens\u00e3o surround tmd e o motor de circuito magn\u00e9tico nic no driver de m\u00e9dios. essas tecnologias reduzem a distor\u00e7\u00e3o e proporcionam m\u00e9dios detalhados e precisos, combinados com a musicalidade hist\u00f3rica do scala.<\/p>\n<p><strong>Uma Escultura Ac\u00fastica<\/strong><\/p>\n<p>Cada caixa ac\u00fastica \u00e9 integrada a um gabinete separado. esses gabinetes formam a espinha dorsal espetacular da caixa ac\u00fastica e permitem o &#8220;tempo de foco&#8221;, que permite o ajuste perfeito dos canais ao ponto de audi\u00e7\u00e3o, proporcionando a melhor experi\u00eancia sonora.<\/p>\n<p><strong>Os Melhores Componentes<\/strong><\/p>\n<p>Os melhores componentes de sua gera\u00e7\u00e3o chegaram \u00e0 linha utopia: cabos de fabrica\u00e7\u00e3o francesa, material ac\u00fastico interno mais denso no subwoofer, terminais duplos, crossovers separados&#8230;<\/p>\n<p>&nbsp;<\/p>\n<p><a href=\"https:\/\/www.ecoustics.com\/products\/focal-scala-utopia-evo\/\" target=\"_blank\" rel=\"noopener\"><img loading=\"lazy\" decoding=\"async\" class=\"alignnone wp-image-23863\" src=\"https:\/\/hificlub.com.br\/loja\/wp-content\/uploads\/2025\/07\/Eacoustics-award.jpg\" alt=\"\" width=\"232\" height=\"61\" \/><\/a>\u00a0 \u00a0 <a href=\"http:\/\/hometheaterreview.com\/from-engineering-to-euphony-the-focal-scala-utopia-evo\/\" target=\"_blank\" rel=\"noopener\"><img loading=\"lazy\" decoding=\"async\" class=\"alignnone wp-image-25169 size-full\" src=\"https:\/\/hificlub.com.br\/loja\/wp-content\/uploads\/2025\/08\/Home-Theater-Review-awards.png\" alt=\"\" width=\"310\" height=\"67\" srcset=\"https:\/\/hificlub.com.br\/loja\/wp-content\/uploads\/2025\/08\/Home-Theater-Review-awards.png 310w, https:\/\/hificlub.com.br\/loja\/wp-content\/uploads\/2025\/08\/Home-Theater-Review-awards-300x65.png 300w\" sizes=\"auto, (max-width: 310px) 100vw, 310px\" \/><\/a><\/p>\n","protected":false},"excerpt":{"rendered":"<p>A Scala Utopia Evo impressiona pela sua incr\u00edvel musicalidade, tamanho compacto e facilidade de instala\u00e7\u00e3o. Como todas as caixas ac\u00fasticas da linha de excel\u00eancia Utopia, ela incorpora diversas tecnologias exclusivas da Focal, que criam um som de alta fidelidade excepcional para uma audi\u00e7\u00e3o incompar\u00e1vel. 3 caminhos para a excel\u00eancia Gra\u00e7as aos seus compartimentos inovadores e [&hellip;]<\/p>\n","protected":false},"featured_media":25773,"template":"","meta":{"_acf_changed":false},"product_brand":[],"product_cat":[17,45,18],"product_tag":[],"class_list":{"0":"post-25772","1":"product","2":"type-product","3":"status-publish","4":"has-post-thumbnail","6":"product_cat-caixas","7":"product_cat-focal","8":"product_cat-torres","10":"first","11":"instock","12":"shipping-taxable","13":"product-type-simple"},"acf":[],"aioseo_notices":[],"_links":{"self":[{"href":"https:\/\/hificlub.com.br\/loja\/wp-json\/wp\/v2\/product\/25772","targetHints":{"allow":["GET"]}}],"collection":[{"href":"https:\/\/hificlub.com.br\/loja\/wp-json\/wp\/v2\/product"}],"about":[{"href":"https:\/\/hificlub.com.br\/loja\/wp-json\/wp\/v2\/types\/product"}],"wp:featuredmedia":[{"embeddable":true,"href":"https:\/\/hificlub.com.br\/loja\/wp-json\/wp\/v2\/media\/25773"}],"wp:attachment":[{"href":"https:\/\/hificlub.com.br\/loja\/wp-json\/wp\/v2\/media?parent=25772"}],"wp:term":[{"taxonomy":"product_brand","embeddable":true,"href":"https:\/\/hificlub.com.br\/loja\/wp-json\/wp\/v2\/product_brand?post=25772"},{"taxonomy":"product_cat","embeddable":true,"href":"https:\/\/hificlub.com.br\/loja\/wp-json\/wp\/v2\/product_cat?post=25772"},{"taxonomy":"product_tag","embeddable":true,"href":"https:\/\/hificlub.com.br\/loja\/wp-json\/wp\/v2\/product_tag?post=25772"}],"curies":[{"name":"wp","href":"https:\/\/api.w.org\/{rel}","templated":true}]}}