{"id":25760,"date":"2025-08-26T11:15:24","date_gmt":"2025-08-26T14:15:24","guid":{"rendered":"https:\/\/hificlub.com.br\/loja\/?post_type=product&#038;p=25760"},"modified":"2026-03-03T22:15:17","modified_gmt":"2026-03-04T01:15:17","slug":"focal-maestro-utopia-evo-caixa-torre-de-3-vias-600-watts","status":"publish","type":"product","link":"https:\/\/hificlub.com.br\/loja\/produto\/focal-maestro-utopia-evo-caixa-torre-de-3-vias-600-watts\/","title":{"rendered":"FOCAL MAESTRO UTOPIA EVO &#8211; Caixa Torre de 3 Vias, 600 Watts"},"content":{"rendered":"<p>Esta \u00e9 a caixa ac\u00fastica de ch\u00e3o de 3 vias, vers\u00e1til e f\u00e1cil de instalar, da linha Utopia. A se\u00e7\u00e3o de graves \u00e9 extremamente homog\u00eanea, mantendo sua din\u00e2mica e impacto. Gra\u00e7as \u00e0s inova\u00e7\u00f5es da Focal, os m\u00e9dios oferecem ainda mais precis\u00e3o. Bi-amplificada, como Grande Utopia e Stella, a Maestro pode ser usada para refinar a tipologia sonora de acordo com o timbre e a pot\u00eancia necess\u00e1rios. Feito sob medida, de forma simples.<\/p>\n<p><strong>3 Caminhos Para A Excel\u00eancia<\/strong><\/p>\n<div class=\"wysiwyg-content\">\n<p><span dir=\"auto\">O Maestro Utopia EM possui um driver de m\u00e9dio alcance &#8220;W&#8221; de 16,5 cm, dois drivers de graves &#8220;W&#8221; de 27 cm \u2014 um com tecnologia MDS (Magnetic Damping System) para adaptar os graves ao ambiente de audi\u00e7\u00e3o \u2014 e um tweeter de domo invertido IAL em ber\u00edlio puro para agudos sensacionais.<\/span><\/p>\n<p><strong>Uma escultura ac\u00fastica<\/strong><\/p>\n<p>Cada caixa ac\u00fastica \u00e9 integrada a um gabinete separado. Esses gabinetes formam a espinha dorsal espetacular da caixa ac\u00fastica e permitem o &#8220;tempo de foco&#8221;: o ajuste perfeito dos canais ao ponto de audi\u00e7\u00e3o para a experi\u00eancia definitiva.<\/p>\n<p><strong>Os melhores componentes<\/strong><\/p>\n<p>Os melhores componentes de sua gera\u00e7\u00e3o encontraram seu lugar na linha utopia: cabos de fabrica\u00e7\u00e3o francesa, material ac\u00fastico interno mais denso no subwoofer, blocos de terminais duplos, crossovers separados&#8230; Quando o know-how da focal est\u00e1 em a\u00e7\u00e3o&#8230;<\/p>\n<\/div>\n<p>&nbsp;<\/p>\n<p><a href=\"https:\/\/www.commandav.com\/focal-maestro-utopia-evo-speakers\/\" target=\"_blank\" rel=\"noopener\"><img loading=\"lazy\" decoding=\"async\" class=\"alignnone wp-image-25770 size-full\" src=\"https:\/\/hificlub.com.br\/loja\/wp-content\/uploads\/2025\/08\/Comand-performance-award.jpg\" alt=\"\" width=\"248\" height=\"44\" \/><\/a>\u00a0 \u00a0 <a href=\"https:\/\/www.stereophile.com\/content\/focal-maestro-utopia-evo-loudspeaker-measurements\" target=\"_blank\" rel=\"noopener\"><img loading=\"lazy\" decoding=\"async\" class=\"alignnone wp-image-22926\" src=\"https:\/\/hificlub.com.br\/loja\/wp-content\/uploads\/2025\/06\/Stereophile-award.jpg\" alt=\"\" width=\"252\" height=\"43\" \/><\/a><\/p>\n","protected":false},"excerpt":{"rendered":"<p>Esta \u00e9 a caixa ac\u00fastica de ch\u00e3o de 3 vias, vers\u00e1til e f\u00e1cil de instalar, da linha Utopia. A se\u00e7\u00e3o de graves \u00e9 extremamente homog\u00eanea, mantendo sua din\u00e2mica e impacto. Gra\u00e7as \u00e0s inova\u00e7\u00f5es da Focal, os m\u00e9dios oferecem ainda mais precis\u00e3o. Bi-amplificada, como Grande Utopia e Stella, a Maestro pode ser usada para refinar a [&hellip;]<\/p>\n","protected":false},"featured_media":25761,"template":"","meta":{"_acf_changed":false},"product_brand":[],"product_cat":[17,45,18],"product_tag":[],"class_list":{"0":"post-25760","1":"product","2":"type-product","3":"status-publish","4":"has-post-thumbnail","6":"product_cat-caixas","7":"product_cat-focal","8":"product_cat-torres","10":"first","11":"instock","12":"shipping-taxable","13":"product-type-simple"},"acf":[],"aioseo_notices":[],"_links":{"self":[{"href":"https:\/\/hificlub.com.br\/loja\/wp-json\/wp\/v2\/product\/25760","targetHints":{"allow":["GET"]}}],"collection":[{"href":"https:\/\/hificlub.com.br\/loja\/wp-json\/wp\/v2\/product"}],"about":[{"href":"https:\/\/hificlub.com.br\/loja\/wp-json\/wp\/v2\/types\/product"}],"wp:featuredmedia":[{"embeddable":true,"href":"https:\/\/hificlub.com.br\/loja\/wp-json\/wp\/v2\/media\/25761"}],"wp:attachment":[{"href":"https:\/\/hificlub.com.br\/loja\/wp-json\/wp\/v2\/media?parent=25760"}],"wp:term":[{"taxonomy":"product_brand","embeddable":true,"href":"https:\/\/hificlub.com.br\/loja\/wp-json\/wp\/v2\/product_brand?post=25760"},{"taxonomy":"product_cat","embeddable":true,"href":"https:\/\/hificlub.com.br\/loja\/wp-json\/wp\/v2\/product_cat?post=25760"},{"taxonomy":"product_tag","embeddable":true,"href":"https:\/\/hificlub.com.br\/loja\/wp-json\/wp\/v2\/product_tag?post=25760"}],"curies":[{"name":"wp","href":"https:\/\/api.w.org\/{rel}","templated":true}]}}