{"id":25664,"date":"2025-08-22T19:59:10","date_gmt":"2025-08-22T22:59:10","guid":{"rendered":"https:\/\/hificlub.com.br\/loja\/?post_type=product&#038;p=25664"},"modified":"2026-04-22T17:55:04","modified_gmt":"2026-04-22T20:55:04","slug":"revel-performa-c32-caixa-central-200-watts","status":"publish","type":"product","link":"https:\/\/hificlub.com.br\/loja\/produto\/revel-performa-c32-caixa-central-200-watts\/","title":{"rendered":"REVEL Performa C32 &#8211; Caixa Central, 200 Watts"},"content":{"rendered":"<p>A <b>Revel Performa C32<\/b> \u00e9 uma caixa de som central de alta fidelidade, parte da renomada s\u00e9rie Performa da Revel, uma marca americana conhecida por sua abordagem cient\u00edfica e rigorosa no design de alto-falantes.<\/p>\n<p>A principal fun\u00e7\u00e3o da C32 \u00e9 ser o canal central em um sistema de home theater, garantindo que os di\u00e1logos e os sons mais importantes da trilha sonora de filmes e s\u00e9ries sejam reproduzidos com clareza, precis\u00e3o e inteligibilidade.<\/p>\n<p><b>Design de 3 Vias:<\/b> Diferentemente de muitas caixas centrais de 2 vias, a C32 usa um design de 3 vias (woofers para graves, um driver dedicado para m\u00e9dios e um tweeter para agudos). Essa arquitetura \u00e9 crucial para uma reprodu\u00e7\u00e3o mais precisa, especialmente para a voz humana, pois o driver de m\u00e9dios dedicado lida com a faixa de frequ\u00eancia dos di\u00e1logos sem as distor\u00e7\u00f5es que podem ocorrer em designs de 2 vias.<\/p>\n<p><b>Tecnologia de Drivers:<\/b> A C32 incorpora drivers de alta qualidade, incluindo um tweeter de tit\u00e2nio de 1 polegada e cones de composto de micro-cer\u00e2mica (MCC) nos woofers e no driver de m\u00e9dios. Esses materiais s\u00e3o leves e r\u00edgidos, o que resulta em uma resposta r\u00e1pida e menor distor\u00e7\u00e3o.<\/p>\n<p><b>Som Neutro e Preciso:<\/b> A filosofia de design da Revel foca em um som neutro e preciso, o que significa que a C32 tem como objetivo reproduzir o \u00e1udio exatamente como ele foi gravado, sem colora\u00e7\u00f5es. Isso a torna ideal para audi\u00f3filos e entusiastas de cinema em casa que buscam uma experi\u00eancia sonora fiel \u00e0 inten\u00e7\u00e3o do diretor.<\/p>\n<p><b>Controles de N\u00edvel:<\/b> No painel traseiro, a C32 possui controles de compensa\u00e7\u00e3o de posicionamento, permitindo ajustar o som para diferentes ambientes e posicionamentos (por exemplo, dentro de um rack ou sobre um m\u00f3vel), otimizando a performance em diversas situa\u00e7\u00f5es.<\/p>\n<p>&nbsp;<\/p>\n<p><a href=\"https:\/\/www.soundandvision.com\/content\/revel-performa-surround-speaker-system-measurements\" target=\"_blank\" rel=\"noopener\"><img loading=\"lazy\" decoding=\"async\" class=\"alignnone wp-image-24795 \" src=\"https:\/\/hificlub.com.br\/loja\/wp-content\/uploads\/2024\/01\/Awards-Sound-Vision-16.jpg\" alt=\"\" width=\"209\" height=\"139\" \/><\/a><\/p>\n","protected":false},"excerpt":{"rendered":"<p>A Revel Performa C32 \u00e9 uma caixa de som central de alta fidelidade, parte da renomada s\u00e9rie Performa da Revel, uma marca americana conhecida por sua abordagem cient\u00edfica e rigorosa no design de alto-falantes. A principal fun\u00e7\u00e3o da C32 \u00e9 ser o canal central em um sistema de home theater, garantindo que os di\u00e1logos e [&hellip;]<\/p>\n","protected":false},"featured_media":25665,"template":"","meta":{"_acf_changed":false},"product_brand":[],"product_cat":[35,17,82],"product_tag":[],"class_list":{"0":"post-25664","1":"product","2":"type-product","3":"status-publish","4":"has-post-thumbnail","6":"product_cat-caixas-centrais","7":"product_cat-caixas","8":"product_cat-revel","10":"first","11":"instock","12":"sold-individually","13":"shipping-taxable","14":"purchasable","15":"product-type-simple"},"acf":[],"aioseo_notices":[],"_links":{"self":[{"href":"https:\/\/hificlub.com.br\/loja\/wp-json\/wp\/v2\/product\/25664","targetHints":{"allow":["GET"]}}],"collection":[{"href":"https:\/\/hificlub.com.br\/loja\/wp-json\/wp\/v2\/product"}],"about":[{"href":"https:\/\/hificlub.com.br\/loja\/wp-json\/wp\/v2\/types\/product"}],"wp:featuredmedia":[{"embeddable":true,"href":"https:\/\/hificlub.com.br\/loja\/wp-json\/wp\/v2\/media\/25665"}],"wp:attachment":[{"href":"https:\/\/hificlub.com.br\/loja\/wp-json\/wp\/v2\/media?parent=25664"}],"wp:term":[{"taxonomy":"product_brand","embeddable":true,"href":"https:\/\/hificlub.com.br\/loja\/wp-json\/wp\/v2\/product_brand?post=25664"},{"taxonomy":"product_cat","embeddable":true,"href":"https:\/\/hificlub.com.br\/loja\/wp-json\/wp\/v2\/product_cat?post=25664"},{"taxonomy":"product_tag","embeddable":true,"href":"https:\/\/hificlub.com.br\/loja\/wp-json\/wp\/v2\/product_tag?post=25664"}],"curies":[{"name":"wp","href":"https:\/\/api.w.org\/{rel}","templated":true}]}}