{"id":25647,"date":"2025-08-26T11:54:45","date_gmt":"2025-08-26T14:54:45","guid":{"rendered":"https:\/\/hificlub.com.br\/loja\/?post_type=product&#038;p=25647"},"modified":"2026-03-03T22:15:16","modified_gmt":"2026-03-04T01:15:16","slug":"storm-cable-cabo-de-forca-de-cobre-puro-15m","status":"publish","type":"product","link":"https:\/\/hificlub.com.br\/loja\/produto\/storm-cable-cabo-de-forca-de-cobre-puro-15m\/","title":{"rendered":"STORM Cable &#8211; Cabo de For\u00e7a de Cobre Puro, 1,5m"},"content":{"rendered":"<p>Cabos tran\u00e7ados, sem blindagem, com condutores alem\u00e3es de cobre de alta pureza com 6 mm\u00b2 por polo. Baixa capacit\u00e2ncia e indut\u00e2ncia. Um novo conceito de cabo de for\u00e7a, com mais corpo e extens\u00e3o. Plugs Furutech FI 11, com contatos em cobre puro ou banhados em ouro ou r\u00f3dio.<\/p>\n<p>\u200bTeve seu review publicado na edi\u00e7\u00e3o 289 da revista AVMAG, com 95 pontos na avalia\u00e7\u00e3o e recebendo o selo de Estado da Arte al\u00e9m de figurar na edi\u00e7\u00e3o de melhores do anos em 2022, quando recebeu tamb\u00e9m o selo de Escolha do Editor.<\/p>\n<p>Review completo https:\/\/clubedoaudio.com.br\/edicao-289\/teste-4-cabo-de-forca-virtual-reality-bolt-trancado\/https:\/\/clubedoaudio.com.br\/edicao-289\/teste-4-cabo-de-forca-virtual-reality-bolt-trancado\/<\/p>\n<p><strong>Dispon\u00edvel em diversas metragens <\/strong>(Consulte-nos para pre\u00e7os e disponibilidade.)<\/p>\n","protected":false},"excerpt":{"rendered":"<p>Cabos tran\u00e7ados, sem blindagem, com condutores alem\u00e3es de cobre de alta pureza com 6 mm\u00b2 por polo. Baixa capacit\u00e2ncia e indut\u00e2ncia. Um novo conceito de cabo de for\u00e7a, com mais corpo e extens\u00e3o. Plugs Furutech FI 11, com contatos em cobre puro ou banhados em ouro ou r\u00f3dio. \u200bTeve seu review publicado na edi\u00e7\u00e3o 289 [&hellip;]<\/p>\n","protected":false},"featured_media":25648,"template":"","meta":{"_acf_changed":false},"product_brand":[],"product_cat":[61,67,168,323],"product_tag":[],"class_list":{"0":"post-25647","1":"product","2":"type-product","3":"status-publish","4":"has-post-thumbnail","6":"product_cat-cabos","7":"product_cat-forca","8":"product_cat-marcas","9":"product_cat-storm","11":"first","12":"instock","13":"sold-individually","14":"shipping-taxable","15":"purchasable","16":"product-type-simple"},"acf":[],"aioseo_notices":[],"_links":{"self":[{"href":"https:\/\/hificlub.com.br\/loja\/wp-json\/wp\/v2\/product\/25647","targetHints":{"allow":["GET"]}}],"collection":[{"href":"https:\/\/hificlub.com.br\/loja\/wp-json\/wp\/v2\/product"}],"about":[{"href":"https:\/\/hificlub.com.br\/loja\/wp-json\/wp\/v2\/types\/product"}],"wp:featuredmedia":[{"embeddable":true,"href":"https:\/\/hificlub.com.br\/loja\/wp-json\/wp\/v2\/media\/25648"}],"wp:attachment":[{"href":"https:\/\/hificlub.com.br\/loja\/wp-json\/wp\/v2\/media?parent=25647"}],"wp:term":[{"taxonomy":"product_brand","embeddable":true,"href":"https:\/\/hificlub.com.br\/loja\/wp-json\/wp\/v2\/product_brand?post=25647"},{"taxonomy":"product_cat","embeddable":true,"href":"https:\/\/hificlub.com.br\/loja\/wp-json\/wp\/v2\/product_cat?post=25647"},{"taxonomy":"product_tag","embeddable":true,"href":"https:\/\/hificlub.com.br\/loja\/wp-json\/wp\/v2\/product_tag?post=25647"}],"curies":[{"name":"wp","href":"https:\/\/api.w.org\/{rel}","templated":true}]}}