{"id":25612,"date":"2025-08-21T21:23:18","date_gmt":"2025-08-22T00:23:18","guid":{"rendered":"https:\/\/hificlub.com.br\/loja\/?post_type=product&#038;p=25612"},"modified":"2026-03-03T22:15:17","modified_gmt":"2026-03-04T01:15:17","slug":"focal-100-iwsub8-amplificador-de-graves-de-alta-potencia-200-watts","status":"publish","type":"product","link":"https:\/\/hificlub.com.br\/loja\/produto\/focal-100-iwsub8-amplificador-de-graves-de-alta-potencia-200-watts\/","title":{"rendered":"FOCAL 100 IWSUB8 &#8211; Amplificador de Graves de Alta Pot\u00eancia, 200 Watts"},"content":{"rendered":"<p class=\"text-fluid-xl font-bold uppercase mb-4 md:mb-8\"><strong><span dir=\"auto\">Complementaridade<\/span><\/strong><\/p>\n<div class=\"wysiwyg-content\">\n<p><span dir=\"auto\">O amplificador foi projetado para funcionar em perfeita harmonia com um sistema de \u00e1udio e v\u00eddeo da S\u00e9rie 100, para criar um ambiente sonoro \u00fanico na casa.<\/span><\/p>\n<\/div>\n<p>Projetado para instala\u00e7\u00f5es integradas e mont\u00e1veis \u200b\u200bem rack, o Amplificador 100 IWSUB8 combina pot\u00eancia e alta prote\u00e7\u00e3o eletr\u00f4nica. Desenvolvido para funcionar em perfeita harmonia com o subwoofer passivo 100 IWSUB8, ele pode alimentar dois subwoofers 100 IWSUB8 conectados em paralelo.<\/p>\n<p>O Focal 100 IWSUB8 \u00e9 um subwoofer passivo projetado para ser completamente embutido na parede. Ele \u00e9 a solu\u00e7\u00e3o ideal para quem quer um som de alta qualidade e com graves potentes, mas sem comprometer o design ou o espa\u00e7o da sala.<\/p>\n<p>Por ser um subwoofer passivo, ele n\u00e3o tem um amplificador embutido e deve ser utilizado com um amplificador externo, como o <b>Focal 100 IWSUB8 Amplifier<\/b>, que foi desenvolvido especificamente para ele. Este amplificador consegue alimentar at\u00e9 dois subwoofers 100 IWSUB8 conectados em paralelo.<\/p>\n<p>Amplificador 100 IWSUB8 fornece 200 watts de pot\u00eancia e 150 watts de pot\u00eancia cont\u00ednua em 4 ohms, ao mesmo tempo em que oferece ampla prote\u00e7\u00e3o (controle din\u00e2mico de pot\u00eancia, prote\u00e7\u00e3o t\u00e9rmica e contra curto-circuito, prote\u00e7\u00e3o contra sobrecarga de corrente).<\/p>\n","protected":false},"excerpt":{"rendered":"<p>Complementaridade O amplificador foi projetado para funcionar em perfeita harmonia com um sistema de \u00e1udio e v\u00eddeo da S\u00e9rie 100, para criar um ambiente sonoro \u00fanico na casa. Projetado para instala\u00e7\u00f5es integradas e mont\u00e1veis \u200b\u200bem rack, o Amplificador 100 IWSUB8 combina pot\u00eancia e alta prote\u00e7\u00e3o eletr\u00f4nica. Desenvolvido para funcionar em perfeita harmonia com o subwoofer [&hellip;]<\/p>\n","protected":false},"featured_media":25617,"template":"","meta":{"_acf_changed":false},"product_brand":[],"product_cat":[27,31],"product_tag":[],"class_list":{"0":"post-25612","1":"product","2":"type-product","3":"status-publish","4":"has-post-thumbnail","6":"product_cat-amplificador","7":"product_cat-mono","9":"first","10":"instock","11":"sold-individually","12":"shipping-taxable","13":"purchasable","14":"product-type-simple"},"acf":[],"aioseo_notices":[],"_links":{"self":[{"href":"https:\/\/hificlub.com.br\/loja\/wp-json\/wp\/v2\/product\/25612","targetHints":{"allow":["GET"]}}],"collection":[{"href":"https:\/\/hificlub.com.br\/loja\/wp-json\/wp\/v2\/product"}],"about":[{"href":"https:\/\/hificlub.com.br\/loja\/wp-json\/wp\/v2\/types\/product"}],"wp:featuredmedia":[{"embeddable":true,"href":"https:\/\/hificlub.com.br\/loja\/wp-json\/wp\/v2\/media\/25617"}],"wp:attachment":[{"href":"https:\/\/hificlub.com.br\/loja\/wp-json\/wp\/v2\/media?parent=25612"}],"wp:term":[{"taxonomy":"product_brand","embeddable":true,"href":"https:\/\/hificlub.com.br\/loja\/wp-json\/wp\/v2\/product_brand?post=25612"},{"taxonomy":"product_cat","embeddable":true,"href":"https:\/\/hificlub.com.br\/loja\/wp-json\/wp\/v2\/product_cat?post=25612"},{"taxonomy":"product_tag","embeddable":true,"href":"https:\/\/hificlub.com.br\/loja\/wp-json\/wp\/v2\/product_tag?post=25612"}],"curies":[{"name":"wp","href":"https:\/\/api.w.org\/{rel}","templated":true}]}}