{"id":25602,"date":"2025-08-21T21:10:32","date_gmt":"2025-08-22T00:10:32","guid":{"rendered":"https:\/\/hificlub.com.br\/loja\/?post_type=product&#038;p=25602"},"modified":"2026-03-03T22:15:17","modified_gmt":"2026-03-04T01:15:17","slug":"focal-100-iwsub8-subwoofer-passivo-de-alta-potencia-200-watts","status":"publish","type":"product","link":"https:\/\/hificlub.com.br\/loja\/produto\/focal-100-iwsub8-subwoofer-passivo-de-alta-potencia-200-watts\/","title":{"rendered":"FOCAL 100 IWSUB8 &#8211; Subwoofer Passivo de Alta Pot\u00eancia, 200 Watts"},"content":{"rendered":"<p>O <b>Focal 100 IWSUB8<\/b> \u00e9 um subwoofer passivo, o que significa que ele n\u00e3o tem um amplificador embutido e precisa ser conectado a um amplificador externo para funcionar. Ele foi projetado para ser instalado dentro da parede (in-wall), tornando-se uma solu\u00e7\u00e3o de \u00e1udio discreta e de alto desempenho para home theaters e sistemas de som integrados.<\/p>\n<p>Ele \u00e9 ideal para quem busca graves potentes sem ocupar espa\u00e7o no ambiente. A Focal projetou um amplificador espec\u00edfico para ele, o <b>100 IWSUB8 Amplifier<\/b>, que pode alimentar at\u00e9 dois subwoofers deste modelo conectados em paralelo.<\/p>\n<p>&nbsp;<\/p>\n","protected":false},"excerpt":{"rendered":"<p>O Focal 100 IWSUB8 \u00e9 um subwoofer passivo, o que significa que ele n\u00e3o tem um amplificador embutido e precisa ser conectado a um amplificador externo para funcionar. Ele foi projetado para ser instalado dentro da parede (in-wall), tornando-se uma solu\u00e7\u00e3o de \u00e1udio discreta e de alto desempenho para home theaters e sistemas de som [&hellip;]<\/p>\n","protected":false},"featured_media":25605,"template":"","meta":{"_acf_changed":false},"product_brand":[],"product_cat":[17,45,36],"product_tag":[],"class_list":{"0":"post-25602","1":"product","2":"type-product","3":"status-publish","4":"has-post-thumbnail","6":"product_cat-caixas","7":"product_cat-focal","8":"product_cat-subwoofer","10":"first","11":"instock","12":"sold-individually","13":"shipping-taxable","14":"purchasable","15":"product-type-simple"},"acf":[],"aioseo_notices":[],"_links":{"self":[{"href":"https:\/\/hificlub.com.br\/loja\/wp-json\/wp\/v2\/product\/25602","targetHints":{"allow":["GET"]}}],"collection":[{"href":"https:\/\/hificlub.com.br\/loja\/wp-json\/wp\/v2\/product"}],"about":[{"href":"https:\/\/hificlub.com.br\/loja\/wp-json\/wp\/v2\/types\/product"}],"wp:featuredmedia":[{"embeddable":true,"href":"https:\/\/hificlub.com.br\/loja\/wp-json\/wp\/v2\/media\/25605"}],"wp:attachment":[{"href":"https:\/\/hificlub.com.br\/loja\/wp-json\/wp\/v2\/media?parent=25602"}],"wp:term":[{"taxonomy":"product_brand","embeddable":true,"href":"https:\/\/hificlub.com.br\/loja\/wp-json\/wp\/v2\/product_brand?post=25602"},{"taxonomy":"product_cat","embeddable":true,"href":"https:\/\/hificlub.com.br\/loja\/wp-json\/wp\/v2\/product_cat?post=25602"},{"taxonomy":"product_tag","embeddable":true,"href":"https:\/\/hificlub.com.br\/loja\/wp-json\/wp\/v2\/product_tag?post=25602"}],"curies":[{"name":"wp","href":"https:\/\/api.w.org\/{rel}","templated":true}]}}