{"id":25598,"date":"2025-08-21T21:01:37","date_gmt":"2025-08-22T00:01:37","guid":{"rendered":"https:\/\/hificlub.com.br\/loja\/?post_type=product&#038;p=25598"},"modified":"2026-03-03T22:15:17","modified_gmt":"2026-03-04T01:15:17","slug":"focal-sub-air-subwoofer-flat-bass-reflex-150-watts","status":"publish","type":"product","link":"https:\/\/hificlub.com.br\/loja\/produto\/focal-sub-air-subwoofer-flat-bass-reflex-150-watts\/","title":{"rendered":"FOCAL Sub Air &#8211; Subwoofer Flat Bass-reflex, 150 Watts"},"content":{"rendered":"<p>O som intenso e profundo do Sub Air complementa todos os sistemas 5.1. A tecnologia sem fio facilita a integra\u00e7\u00e3o em ambientes internos, eliminando todas as restri\u00e7\u00f5es causadas pelo comprimento do cabo. O design plano e compacto permite que voc\u00ea o instale em todos os tipos de espa\u00e7os.<\/p>\n<p>O Focal Sub Air \u00e9 um subwoofer (subgrave) ativo e sem fio, conhecido por seu design compacto e facilidade de integra\u00e7\u00e3o em ambientes de sala de estar ou home theater. O principal objetivo do aparelho \u00e9 oferecer graves potentes e profundos, complementando sistemas de som 5.1 e outros setups de \u00e1udio, sem a necessidade de cabos longos e vis\u00edveis.<\/p>\n<p>Caracter\u00edsticas e Especifica\u00e7\u00f5es Principais<\/p>\n<p><b>Design e Flexibilidade:<\/b> Com um formato fino e elegante, o Sub Air pode ser colocado de forma discreta no ch\u00e3o ou at\u00e9 mesmo montado na parede, o que o torna ideal para quem busca uma solu\u00e7\u00e3o de \u00e1udio que n\u00e3o ocupe muito espa\u00e7o. Ele est\u00e1 dispon\u00edvel nas cores preta e branca.<\/p>\n<p><b>Conex\u00e3o Sem Fio:<\/b> A grande vantagem do Sub Air \u00e9 a sua conectividade wireless. Ele vem com um transmissor discreto que se conecta ao seu receiver (receptor de \u00e1udio) ou amplificador. Isso elimina a necessidade de passar cabos pelo ambiente, dando mais liberdade na hora de posicionar o subwoofer. O alcance sem fio pode chegar a 15 metros em um ambiente interno.<\/p>\n<p><b>Desempenho de \u00c1udio:<\/b><\/p>\n<p><b>Driver:<\/b> Possui um alto-falante de 8 polegadas (21 cm) com cone de polpa de celulose.<\/p>\n<p><b>Amplificador:<\/b> Conta com um amplificador BASH integrado de 110 W (pot\u00eancia cont\u00ednua) e 150 W (pot\u00eancia de pico).<\/p>\n<p><b>Resposta de Frequ\u00eancia:<\/b> A resposta de frequ\u00eancia \u00e9 de 40 Hz a 200 Hz. A frequ\u00eancia de corte de graves (-6 dB) \u00e9 de 35 Hz.<\/p>\n<p><b>Funcionalidades:<\/b><\/p>\n<p><b>Auto On\/Off:<\/b> Ele liga automaticamente quando detecta um sinal de \u00e1udio e desliga quando n\u00e3o h\u00e1 som, o que ajuda na economia de energia.<\/p>\n<p><b>Ajustes:<\/b> Permite ajustes de volume, frequ\u00eancia de corte do crossover (de 50 Hz a 200 Hz) e fase (0 ou 180 graus), o que possibilita uma melhor adapta\u00e7\u00e3o com as caixas de som principais do seu sistema.<\/p>\n","protected":false},"excerpt":{"rendered":"<p>O som intenso e profundo do Sub Air complementa todos os sistemas 5.1. A tecnologia sem fio facilita a integra\u00e7\u00e3o em ambientes internos, eliminando todas as restri\u00e7\u00f5es causadas pelo comprimento do cabo. O design plano e compacto permite que voc\u00ea o instale em todos os tipos de espa\u00e7os. O Focal Sub Air \u00e9 um subwoofer [&hellip;]<\/p>\n","protected":false},"featured_media":25599,"template":"","meta":{"_acf_changed":false},"product_brand":[],"product_cat":[17,36],"product_tag":[],"class_list":{"0":"post-25598","1":"product","2":"type-product","3":"status-publish","4":"has-post-thumbnail","6":"product_cat-caixas","7":"product_cat-subwoofer","9":"first","10":"instock","11":"sold-individually","12":"shipping-taxable","13":"purchasable","14":"product-type-simple"},"acf":[],"aioseo_notices":[],"_links":{"self":[{"href":"https:\/\/hificlub.com.br\/loja\/wp-json\/wp\/v2\/product\/25598","targetHints":{"allow":["GET"]}}],"collection":[{"href":"https:\/\/hificlub.com.br\/loja\/wp-json\/wp\/v2\/product"}],"about":[{"href":"https:\/\/hificlub.com.br\/loja\/wp-json\/wp\/v2\/types\/product"}],"wp:featuredmedia":[{"embeddable":true,"href":"https:\/\/hificlub.com.br\/loja\/wp-json\/wp\/v2\/media\/25599"}],"wp:attachment":[{"href":"https:\/\/hificlub.com.br\/loja\/wp-json\/wp\/v2\/media?parent=25598"}],"wp:term":[{"taxonomy":"product_brand","embeddable":true,"href":"https:\/\/hificlub.com.br\/loja\/wp-json\/wp\/v2\/product_brand?post=25598"},{"taxonomy":"product_cat","embeddable":true,"href":"https:\/\/hificlub.com.br\/loja\/wp-json\/wp\/v2\/product_cat?post=25598"},{"taxonomy":"product_tag","embeddable":true,"href":"https:\/\/hificlub.com.br\/loja\/wp-json\/wp\/v2\/product_tag?post=25598"}],"curies":[{"name":"wp","href":"https:\/\/api.w.org\/{rel}","templated":true}]}}