{"id":25568,"date":"2025-08-21T17:40:43","date_gmt":"2025-08-21T20:40:43","guid":{"rendered":"https:\/\/hificlub.com.br\/loja\/?post_type=product&#038;p=25568"},"modified":"2026-03-03T22:15:18","modified_gmt":"2026-03-04T01:15:18","slug":"meze-poet-headphone-compacto-plano-magnetico","status":"publish","type":"product","link":"https:\/\/hificlub.com.br\/loja\/produto\/meze-poet-headphone-compacto-plano-magnetico\/","title":{"rendered":"MEZE Poet &#8211; Headphone Compacto, Plano-magn\u00e9tico"},"content":{"rendered":"<p><span dir=\"auto\">Apresentando a tecnologia de diafragma de ponta encontrada em nosso modelo ELITE, o Meze Audio POET \u00e9 um fone de ouvido compacto, plano-magn\u00e9tico e aberto que se destaca em todos os aspectos.<\/span><span class=\"Apple-converted-space\">\u00a0<\/span><\/p>\n<p><span dir=\"auto\">O Meze Audio POET acaricia seu paladar sonoro com vocais exuberantes e arejados, al\u00e9m de graves precisos e impactantes para um baixo equilibrado, com sua tonalidade natural delicadamente real\u00e7ada por sutis toques de brilho.<\/span><\/p>\n<p><span dir=\"auto\">Experimente um design de \u00faltima gera\u00e7\u00e3o que envolve voc\u00ea com conforto, completo com almofadas auriculares magn\u00e9ticas remov\u00edveis e um de nossos cabos de cobre tran\u00e7ados \u00e0 m\u00e3o de alta qualidade.<\/span><\/p>\n<p>O Po\u00ebt foi projetado com a filosofia da Meze em mente: oferecer uma experi\u00eancia sonora emocional e musical, em vez de um som puramente anal\u00edtico e neutro.<\/p>\n<ul>\n<li>Design e Conforto: O fone \u00e9 elogiado por seu design atemporal, elegante e de alta qualidade. A constru\u00e7\u00e3o utiliza materiais como magn\u00e9sio (para as conchas) e uma liga de tit\u00e2nio (para a tiara), resultando em um peso leve de apenas 350g, o que garante um conforto excepcional mesmo em sess\u00f5es de audi\u00e7\u00e3o prolongadas. As almofadas de ouvido magn\u00e9ticas s\u00e3o facilmente substitu\u00edveis.<\/li>\n<li>Assinatura Sonora: A assinatura sonora do Meze Po\u00ebt \u00e9 descrita como quente e musical, com foco em uma experi\u00eancia auditiva envolvente.\n<ul>\n<li>Graves: Os graves s\u00e3o controlados e focados, com um bom impacto, mas sem se aprofundar muito nas sub-frequ\u00eancias. Isso o torna menos ideal para g\u00eaneros com batidas intensas, como EDM ou hip-hop, mas excelente para m\u00fasica ac\u00fastica e cl\u00e1ssica.<\/li>\n<li>M\u00e9dios: Esta \u00e9 a grande for\u00e7a do Po\u00ebt. Os m\u00e9dios s\u00e3o encorpados, detalhados e levemente acentuados, o que faz com que os vocais e instrumentos ac\u00fasticos soem particularmente naturais e expressivos.<\/li>\n<li>Agudos: Os agudos s\u00e3o bem equilibrados, oferecendo brilho sem serem excessivamente penetrantes ou agressivos, proporcionando um som agrad\u00e1vel para longas sess\u00f5es.<\/li>\n<\/ul>\n<\/li>\n<li>Tecnologia: O fone utiliza o driver planar magn\u00e9tico Rinaro Isodynamic Hybrid Array MZ6, um design inovador que combina duas bobinas de voz para otimizar a distribui\u00e7\u00e3o do som em diferentes faixas de frequ\u00eancia, resultando em uma distor\u00e7\u00e3o harm\u00f4nica total (THD) inferior a 0,05%.<\/li>\n<\/ul>\n<p>&nbsp;<\/p>\n","protected":false},"excerpt":{"rendered":"<p>Apresentando a tecnologia de diafragma de ponta encontrada em nosso modelo ELITE, o Meze Audio POET \u00e9 um fone de ouvido compacto, plano-magn\u00e9tico e aberto que se destaca em todos os aspectos.\u00a0 O Meze Audio POET acaricia seu paladar sonoro com vocais exuberantes e arejados, al\u00e9m de graves precisos e impactantes para um baixo equilibrado, [&hellip;]<\/p>\n","protected":false},"featured_media":25569,"template":"","meta":{"_acf_changed":false},"product_brand":[],"product_cat":[89,107,270],"product_tag":[],"class_list":{"0":"post-25568","1":"product","2":"type-product","3":"status-publish","4":"has-post-thumbnail","6":"product_cat-acessorios","7":"product_cat-fones-de-ouvido","8":"product_cat-meze","10":"first","11":"instock","12":"sold-individually","13":"shipping-taxable","14":"purchasable","15":"product-type-simple"},"acf":[],"aioseo_notices":[],"_links":{"self":[{"href":"https:\/\/hificlub.com.br\/loja\/wp-json\/wp\/v2\/product\/25568","targetHints":{"allow":["GET"]}}],"collection":[{"href":"https:\/\/hificlub.com.br\/loja\/wp-json\/wp\/v2\/product"}],"about":[{"href":"https:\/\/hificlub.com.br\/loja\/wp-json\/wp\/v2\/types\/product"}],"wp:featuredmedia":[{"embeddable":true,"href":"https:\/\/hificlub.com.br\/loja\/wp-json\/wp\/v2\/media\/25569"}],"wp:attachment":[{"href":"https:\/\/hificlub.com.br\/loja\/wp-json\/wp\/v2\/media?parent=25568"}],"wp:term":[{"taxonomy":"product_brand","embeddable":true,"href":"https:\/\/hificlub.com.br\/loja\/wp-json\/wp\/v2\/product_brand?post=25568"},{"taxonomy":"product_cat","embeddable":true,"href":"https:\/\/hificlub.com.br\/loja\/wp-json\/wp\/v2\/product_cat?post=25568"},{"taxonomy":"product_tag","embeddable":true,"href":"https:\/\/hificlub.com.br\/loja\/wp-json\/wp\/v2\/product_tag?post=25568"}],"curies":[{"name":"wp","href":"https:\/\/api.w.org\/{rel}","templated":true}]}}