{"id":25562,"date":"2025-08-21T17:27:43","date_gmt":"2025-08-21T20:27:43","guid":{"rendered":"https:\/\/hificlub.com.br\/loja\/?post_type=product&#038;p=25562"},"modified":"2026-03-03T22:15:18","modified_gmt":"2026-03-04T01:15:18","slug":"meze-boom-mic-microfone-audio-omnidirecional","status":"publish","type":"product","link":"https:\/\/hificlub.com.br\/loja\/produto\/meze-boom-mic-microfone-audio-omnidirecional\/","title":{"rendered":"MEZE Boom Mic &#8211; Microfone Audio Omnidirecional"},"content":{"rendered":"<p>Transforme seus fones de ouvido em um headset premium para jogos ou trabalho! Este microfone omnidirecional destac\u00e1vel oferece clareza de voz natural com precis\u00e3o incompar\u00e1vel. Feito com materiais premium, incluindo uma capa de microfone de alum\u00ednio fresada em CNC e gravada a laser, e um bra\u00e7o flex\u00edvel e male\u00e1vel para o posicionamento ideal do microfone, ele incorpora a renomada qualidade de constru\u00e7\u00e3o e filosofia de design da Meze Audio. O clipe de controle possui controles de volume rotativos e silenciador integrados para f\u00e1cil acesso aos ajustes. Perfeito tanto para jogos quanto para trabalho remoto, a qualidade de som superior do microfone boom garante que voc\u00ea seja sempre<\/p>\n<p><strong>Fones de Ouvidos<\/strong><\/p>\n<p style=\"padding-left: 40px\">99 Cl\u00e1ssicos<br \/>\n99 NEO<br \/>\n105 AER<br \/>\n109 PR\u00d3<br \/>\nLIRIC 2\u00aa Gera\u00e7\u00e3o, LIRIC 1\u00aa Gera\u00e7\u00e3o<br \/>\nPOET<br \/>\nOutros fones de ouvido com entradas mono duplas de 3,5 mm<\/p>\n<p><strong>Fontes<\/strong><\/p>\n<p style=\"padding-left: 40px\">Sony PlayStation\u00ae 5<br \/>\nSony PlayStation\u00ae 4<br \/>\nSony PlayStation\u00ae Vita<br \/>\nMicrosoft Xbox Series X<br \/>\nMicrosoft Xbox Series S<br \/>\nMicrosoft Xbox One<br \/>\nNintendo Switch<br \/>\nPCs, notebooks, tablets, smartphones via conectores de \u00e1udio de 3,5 mm (1\/8&#8243;)<\/p>\n<p>&nbsp;<\/p>\n","protected":false},"excerpt":{"rendered":"<p>Transforme seus fones de ouvido em um headset premium para jogos ou trabalho! Este microfone omnidirecional destac\u00e1vel oferece clareza de voz natural com precis\u00e3o incompar\u00e1vel. Feito com materiais premium, incluindo uma capa de microfone de alum\u00ednio fresada em CNC e gravada a laser, e um bra\u00e7o flex\u00edvel e male\u00e1vel para o posicionamento ideal do microfone, [&hellip;]<\/p>\n","protected":false},"featured_media":25563,"template":"","meta":{"_acf_changed":false},"product_brand":[],"product_cat":[89,270,322],"product_tag":[],"class_list":{"0":"post-25562","1":"product","2":"type-product","3":"status-publish","4":"has-post-thumbnail","6":"product_cat-acessorios","7":"product_cat-meze","8":"product_cat-microfone","10":"first","11":"outofstock","12":"sold-individually","13":"shipping-taxable","14":"purchasable","15":"product-type-simple"},"acf":[],"aioseo_notices":[],"_links":{"self":[{"href":"https:\/\/hificlub.com.br\/loja\/wp-json\/wp\/v2\/product\/25562","targetHints":{"allow":["GET"]}}],"collection":[{"href":"https:\/\/hificlub.com.br\/loja\/wp-json\/wp\/v2\/product"}],"about":[{"href":"https:\/\/hificlub.com.br\/loja\/wp-json\/wp\/v2\/types\/product"}],"wp:featuredmedia":[{"embeddable":true,"href":"https:\/\/hificlub.com.br\/loja\/wp-json\/wp\/v2\/media\/25563"}],"wp:attachment":[{"href":"https:\/\/hificlub.com.br\/loja\/wp-json\/wp\/v2\/media?parent=25562"}],"wp:term":[{"taxonomy":"product_brand","embeddable":true,"href":"https:\/\/hificlub.com.br\/loja\/wp-json\/wp\/v2\/product_brand?post=25562"},{"taxonomy":"product_cat","embeddable":true,"href":"https:\/\/hificlub.com.br\/loja\/wp-json\/wp\/v2\/product_cat?post=25562"},{"taxonomy":"product_tag","embeddable":true,"href":"https:\/\/hificlub.com.br\/loja\/wp-json\/wp\/v2\/product_tag?post=25562"}],"curies":[{"name":"wp","href":"https:\/\/api.w.org\/{rel}","templated":true}]}}