{"id":25553,"date":"2025-08-21T12:17:42","date_gmt":"2025-08-21T15:17:42","guid":{"rendered":"https:\/\/hificlub.com.br\/loja\/?post_type=product&#038;p=25553"},"modified":"2026-03-03T22:15:19","modified_gmt":"2026-03-04T01:15:19","slug":"marantz-amp10-amplificador-de-16-canais-de-referencia-com-dolby-atmos-hdam-personalizado-200-watts-110v-ou-220v","status":"publish","type":"product","link":"https:\/\/hificlub.com.br\/loja\/produto\/marantz-amp10-amplificador-de-16-canais-de-referencia-com-dolby-atmos-hdam-personalizado-200-watts-110v-ou-220v\/","title":{"rendered":"MARANTZ AMP10 &#8211; Amplificador de 16 Canais de Refer\u00eancia com Dolby Atmos, HDAM Personalizado, 200 Watts, (110v ou 220v)"},"content":{"rendered":"<p>O <b>Marantz AMP 10<\/b> \u00e9 um amplificador de pot\u00eancia de refer\u00eancia, projetado para sistemas de home theater de ponta. Ele faz parte da linha de luxo da Marantz, sendo o parceiro ideal do processador <b>Marantz AV 10<\/b>. O objetivo do AMP 10 \u00e9 entregar uma pot\u00eancia massiva e um som de alta qualidade, garantindo a performance m\u00e1xima para as mais exigentes configura\u00e7\u00f5es de caixas ac\u00fasticas.<\/p>\n<div id=\"chat-history\" class=\"chat-history-scroll-container\">\n<div id=\"d2ac47db44fb718a\" class=\"conversation-container message-actions-hover-boundary ng-star-inserted\">\n<div>\n<div class=\"response-container ng-tns-c1788252462-63 response-container-with-gpi ng-star-inserted response-container-has-multiple-responses\">\n<div class=\"presented-response-container ng-tns-c1788252462-63\">\n<div class=\"response-container-content ng-tns-c1788252462-63\">\n<div class=\"response-content ng-tns-c1788252462-63\">\n<div id=\"model-response-message-contentr_d2ac47db44fb718a\" class=\"markdown markdown-main-panel enable-updated-hr-color\" dir=\"ltr\">\n<p>16 Canais de Amplifica\u00e7\u00e3o: O AMP 10 \u00e9 um dos poucos amplificadores do mercado que oferece 16 canais de amplifica\u00e7\u00e3o em uma \u00fanica unidade. Isso o torna ideal para sistemas de home theater complexos, com configura\u00e7\u00f5es de alto-falantes 9.2.6 ou 9.4.4.<\/p>\n<p><strong>Pot\u00eancia Robusta<\/strong><\/p>\n<p>200W por canal em 8\u03a9 (com 2 canais acionados).<\/p>\n<p>400W por canal em 4\u03a9 (com 2 canais acionados).<\/p>\n<p>Ele tamb\u00e9m oferece a op\u00e7\u00e3o de modo BTL (Bridge Tied Load), onde pode entregar 400W por canal em 8\u03a9 ao unir dois canais para alimentar uma \u00fanica caixa, o que \u00e9 perfeito para alto-falantes de baixo-efici\u00eancia ou para os canais frontais.<\/p>\n<p>Amplifica\u00e7\u00e3o Classe D: Para alcan\u00e7ar alta pot\u00eancia em um chassi relativamente compacto, o AMP 10 utiliza uma nova gera\u00e7\u00e3o de amplifica\u00e7\u00e3o Classe D. Essa tecnologia \u00e9 conhecida por sua efici\u00eancia energ\u00e9tica e baixa gera\u00e7\u00e3o de calor.<\/p>\n<p>Marantz HDAM-SA2: A Marantz incorporou sua tecnologia propriet\u00e1ria HDAM-SA2 (Hyper Dynamic Amplifier Module) na se\u00e7\u00e3o de pr\u00e9-amplifica\u00e7\u00e3o de entrada. Isso garante que o sinal seja processado com a aclamada &#8220;assinatura sonora&#8221; da Marantz \u2014 rica, musical e com palco sonoro amplo.<\/p>\n<p>Design de Refer\u00eancia: O amplificador possui um design industrial de luxo, com o cl\u00e1ssico &#8220;olho de boi&#8221; (porthole) da Marantz no centro, que mostra o n\u00edvel do sinal anal\u00f3gico. Seu chassi de cobre e painel frontal de alum\u00ednio e a\u00e7o refletem a qualidade de constru\u00e7\u00e3o premium.<\/p>\n<p>Conectividade: Ele oferece 16 entradas tanto balanceadas (XLR) quanto desbalanceadas (RCA), permitindo uma conex\u00e3o de alta performance e baixa interfer\u00eancia com o processador de \u00e1udio.<\/p>\n<p><strong>Desempenho Sonoro e Mercado<\/strong><\/p>\n<p>O Marantz AMP 10 \u00e9 considerado um produto de nicho para o mercado de \u00e1udio e v\u00eddeo de alt\u00edssima qualidade. An\u00e1lises e testes indicam que ele entrega um desempenho excepcional, com pot\u00eancia suficiente para &#8220;domar&#8221; qualquer caixa ac\u00fastica e reproduzir o \u00e1udio de filmes e m\u00fasicas com grande detalhe e dinamismo. Sua combina\u00e7\u00e3o de alta contagem de canais e pot\u00eancia de refer\u00eancia o coloca em uma categoria de amplificadores de ponta.<\/p>\n<\/div>\n<\/div>\n<\/div>\n<\/div>\n<\/div>\n<\/div>\n<\/div>\n<\/div>\n<p>&nbsp;<\/p>\n<p><a href=\"https:\/\/www.whathifi.com\/news\/marantz-amp-10-av-10-receivers-promise-to-deliver-the-pinnacle-of-home-cinema-performance\" target=\"_blank\" rel=\"noopener\"><img loading=\"lazy\" decoding=\"async\" class=\"alignnone wp-image-20966\" src=\"https:\/\/hificlub.com.br\/loja\/wp-content\/uploads\/2024\/01\/what-hifi-awards-9.png\" alt=\"\" width=\"227\" height=\"115\" srcset=\"https:\/\/hificlub.com.br\/loja\/wp-content\/uploads\/2024\/01\/what-hifi-awards-9.png 316w, https:\/\/hificlub.com.br\/loja\/wp-content\/uploads\/2024\/01\/what-hifi-awards-9-300x152.png 300w\" sizes=\"auto, (max-width: 227px) 100vw, 227px\" \/><\/a>\u00a0 \u00a0 <a href=\"https:\/\/www.audioholics.com\/amplifier-reviews\/marantz-amp-10-test-report\" target=\"_blank\" rel=\"noopener\"><img loading=\"lazy\" decoding=\"async\" class=\"alignnone wp-image-22732\" src=\"https:\/\/hificlub.com.br\/loja\/wp-content\/uploads\/2025\/06\/Audioholics.jpg\" alt=\"\" width=\"329\" height=\"125\" srcset=\"https:\/\/hificlub.com.br\/loja\/wp-content\/uploads\/2025\/06\/Audioholics.jpg 353w, https:\/\/hificlub.com.br\/loja\/wp-content\/uploads\/2025\/06\/Audioholics-300x114.jpg 300w\" sizes=\"auto, (max-width: 329px) 100vw, 329px\" \/><\/a><\/p>\n<div id=\"chat-history\" class=\"chat-history-scroll-container\">\n<div id=\"d2ac47db44fb718a\" class=\"conversation-container message-actions-hover-boundary ng-star-inserted\">\n<div>\n<div class=\"response-container ng-tns-c1788252462-63 response-container-with-gpi ng-star-inserted response-container-has-multiple-responses\">\n<div class=\"presented-response-container ng-tns-c1788252462-63\">\n<div class=\"response-container-content ng-tns-c1788252462-63\">\n<div class=\"response-content ng-tns-c1788252462-63\">\n<div id=\"model-response-message-contentr_d2ac47db44fb718a\" class=\"markdown markdown-main-panel enable-updated-hr-color\" dir=\"ltr\">\n<p>&nbsp;<\/p>\n<\/div>\n<\/div>\n<\/div>\n<\/div>\n<\/div>\n<\/div>\n<\/div>\n<\/div>\n","protected":false},"excerpt":{"rendered":"<p>O Marantz AMP 10 \u00e9 um amplificador de pot\u00eancia de refer\u00eancia, projetado para sistemas de home theater de ponta. Ele faz parte da linha de luxo da Marantz, sendo o parceiro ideal do processador Marantz AV 10. O objetivo do AMP 10 \u00e9 entregar uma pot\u00eancia massiva e um som de alta qualidade, garantindo a [&hellip;]<\/p>\n","protected":false},"featured_media":25554,"template":"","meta":{"_acf_changed":false},"product_brand":[],"product_cat":[27,92,48],"product_tag":[],"class_list":{"0":"post-25553","1":"product","2":"type-product","3":"status-publish","4":"has-post-thumbnail","6":"product_cat-amplificador","7":"product_cat-marantz","8":"product_cat-multicanal","10":"first","11":"instock","12":"sold-individually","13":"shipping-taxable","14":"purchasable","15":"product-type-simple"},"acf":[],"aioseo_notices":[],"_links":{"self":[{"href":"https:\/\/hificlub.com.br\/loja\/wp-json\/wp\/v2\/product\/25553","targetHints":{"allow":["GET"]}}],"collection":[{"href":"https:\/\/hificlub.com.br\/loja\/wp-json\/wp\/v2\/product"}],"about":[{"href":"https:\/\/hificlub.com.br\/loja\/wp-json\/wp\/v2\/types\/product"}],"wp:featuredmedia":[{"embeddable":true,"href":"https:\/\/hificlub.com.br\/loja\/wp-json\/wp\/v2\/media\/25554"}],"wp:attachment":[{"href":"https:\/\/hificlub.com.br\/loja\/wp-json\/wp\/v2\/media?parent=25553"}],"wp:term":[{"taxonomy":"product_brand","embeddable":true,"href":"https:\/\/hificlub.com.br\/loja\/wp-json\/wp\/v2\/product_brand?post=25553"},{"taxonomy":"product_cat","embeddable":true,"href":"https:\/\/hificlub.com.br\/loja\/wp-json\/wp\/v2\/product_cat?post=25553"},{"taxonomy":"product_tag","embeddable":true,"href":"https:\/\/hificlub.com.br\/loja\/wp-json\/wp\/v2\/product_tag?post=25553"}],"curies":[{"name":"wp","href":"https:\/\/api.w.org\/{rel}","templated":true}]}}