{"id":25525,"date":"2025-08-20T18:13:55","date_gmt":"2025-08-20T21:13:55","guid":{"rendered":"https:\/\/hificlub.com.br\/loja\/?post_type=product&#038;p=25525"},"modified":"2026-03-03T22:15:19","modified_gmt":"2026-03-04T01:15:19","slug":"focal-stand-suporte-compativel-com-as-caixas-centrais-theva-e-vestia","status":"publish","type":"product","link":"https:\/\/hificlub.com.br\/loja\/produto\/focal-stand-suporte-compativel-com-as-caixas-centrais-theva-e-vestia\/","title":{"rendered":"FOCAL Stand &#8211; Suporte Compat\u00edvel com as Caixas Centrais Theva e Vestia"},"content":{"rendered":"<p class=\"flex items-center justify-between\"><strong><span class=\"text-lg font-semibold\">O suporte Focal que valoriza o seu alto-falante<\/span><\/strong><\/p>\n<p class=\"flex items-center justify-between\">O estande do Theva Center e do Vestia Center foi projetado especificamente para elevar e mostrar esses palestrantes centrais do Home Cinema. O alto-falante \u00e9 fixado na base por meio de um sistema de parafusos que garante a estabilidade do produto e evita qualquer vibra\u00e7\u00e3o, para ainda mais prazer na escuta. O estande tamb\u00e9m \u00e9 inclinado para um palco sonoro ainda melhor.<\/p>\n","protected":false},"excerpt":{"rendered":"<p>O suporte Focal que valoriza o seu alto-falante O estande do Theva Center e do Vestia Center foi projetado especificamente para elevar e mostrar esses palestrantes centrais do Home Cinema. O alto-falante \u00e9 fixado na base por meio de um sistema de parafusos que garante a estabilidade do produto e evita qualquer vibra\u00e7\u00e3o, para ainda [&hellip;]<\/p>\n","protected":false},"featured_media":25531,"template":"","meta":{"_acf_changed":false},"product_brand":[],"product_cat":[89,45,104],"product_tag":[],"class_list":{"0":"post-25525","1":"product","2":"type-product","3":"status-publish","4":"has-post-thumbnail","6":"product_cat-acessorios","7":"product_cat-focal","8":"product_cat-racks-e-pedestais","10":"first","11":"instock","12":"sold-individually","13":"shipping-taxable","14":"purchasable","15":"product-type-simple"},"acf":[],"aioseo_notices":[],"_links":{"self":[{"href":"https:\/\/hificlub.com.br\/loja\/wp-json\/wp\/v2\/product\/25525","targetHints":{"allow":["GET"]}}],"collection":[{"href":"https:\/\/hificlub.com.br\/loja\/wp-json\/wp\/v2\/product"}],"about":[{"href":"https:\/\/hificlub.com.br\/loja\/wp-json\/wp\/v2\/types\/product"}],"wp:featuredmedia":[{"embeddable":true,"href":"https:\/\/hificlub.com.br\/loja\/wp-json\/wp\/v2\/media\/25531"}],"wp:attachment":[{"href":"https:\/\/hificlub.com.br\/loja\/wp-json\/wp\/v2\/media?parent=25525"}],"wp:term":[{"taxonomy":"product_brand","embeddable":true,"href":"https:\/\/hificlub.com.br\/loja\/wp-json\/wp\/v2\/product_brand?post=25525"},{"taxonomy":"product_cat","embeddable":true,"href":"https:\/\/hificlub.com.br\/loja\/wp-json\/wp\/v2\/product_cat?post=25525"},{"taxonomy":"product_tag","embeddable":true,"href":"https:\/\/hificlub.com.br\/loja\/wp-json\/wp\/v2\/product_tag?post=25525"}],"curies":[{"name":"wp","href":"https:\/\/api.w.org\/{rel}","templated":true}]}}