{"id":25513,"date":"2025-08-20T17:59:02","date_gmt":"2025-08-20T20:59:02","guid":{"rendered":"https:\/\/hificlub.com.br\/loja\/?post_type=product&#038;p=25513"},"modified":"2026-03-03T22:15:19","modified_gmt":"2026-03-04T01:15:19","slug":"focal-stand-suporte-compativel-com-as-caixas-theva-e-vestia-n1","status":"publish","type":"product","link":"https:\/\/hificlub.com.br\/loja\/produto\/focal-stand-suporte-compativel-com-as-caixas-theva-e-vestia-n1\/","title":{"rendered":"FOCAL Stand &#8211; Suporte Compat\u00edvel com as Caixas Theva e Vestia N1"},"content":{"rendered":"<header class=\"flex items-center justify-between\"><strong><span class=\"text-lg font-semibold\">O suporte Focal que valoriza o seu alto-falante<\/span><\/strong><\/p>\n<\/header>\n<p class=\"mt-4\">Com 215\/8\u201d (55cm) de altura, esses estandes foram projetados especificamente para elevar e mostrar os alto-falantes de alta fidelidade Theva N\u00b01 e Vestia N\u00b01. O alto-falante \u00e9 fixado ao suporte usando um sistema de parafuso que garante que ele seja est\u00e1vel e evite qualquer vibra\u00e7\u00e3o. Os estandes tamb\u00e9m s\u00e3o inclinados para o Time Alignment, conseguindo um palco sonoro focado mais no ouvinte.<\/p>\n","protected":false},"excerpt":{"rendered":"<p>O suporte Focal que valoriza o seu alto-falante Com 215\/8\u201d (55cm) de altura, esses estandes foram projetados especificamente para elevar e mostrar os alto-falantes de alta fidelidade Theva N\u00b01 e Vestia N\u00b01. O alto-falante \u00e9 fixado ao suporte usando um sistema de parafuso que garante que ele seja est\u00e1vel e evite qualquer vibra\u00e7\u00e3o. Os estandes [&hellip;]<\/p>\n","protected":false},"featured_media":25519,"template":"","meta":{"_acf_changed":false},"product_brand":[],"product_cat":[89,45,104],"product_tag":[],"class_list":{"0":"post-25513","1":"product","2":"type-product","3":"status-publish","4":"has-post-thumbnail","6":"product_cat-acessorios","7":"product_cat-focal","8":"product_cat-racks-e-pedestais","10":"first","11":"instock","12":"sold-individually","13":"shipping-taxable","14":"purchasable","15":"product-type-simple"},"acf":[],"aioseo_notices":[],"_links":{"self":[{"href":"https:\/\/hificlub.com.br\/loja\/wp-json\/wp\/v2\/product\/25513","targetHints":{"allow":["GET"]}}],"collection":[{"href":"https:\/\/hificlub.com.br\/loja\/wp-json\/wp\/v2\/product"}],"about":[{"href":"https:\/\/hificlub.com.br\/loja\/wp-json\/wp\/v2\/types\/product"}],"wp:featuredmedia":[{"embeddable":true,"href":"https:\/\/hificlub.com.br\/loja\/wp-json\/wp\/v2\/media\/25519"}],"wp:attachment":[{"href":"https:\/\/hificlub.com.br\/loja\/wp-json\/wp\/v2\/media?parent=25513"}],"wp:term":[{"taxonomy":"product_brand","embeddable":true,"href":"https:\/\/hificlub.com.br\/loja\/wp-json\/wp\/v2\/product_brand?post=25513"},{"taxonomy":"product_cat","embeddable":true,"href":"https:\/\/hificlub.com.br\/loja\/wp-json\/wp\/v2\/product_cat?post=25513"},{"taxonomy":"product_tag","embeddable":true,"href":"https:\/\/hificlub.com.br\/loja\/wp-json\/wp\/v2\/product_tag?post=25513"}],"curies":[{"name":"wp","href":"https:\/\/api.w.org\/{rel}","templated":true}]}}