{"id":25509,"date":"2025-08-20T17:41:38","date_gmt":"2025-08-20T20:41:38","guid":{"rendered":"https:\/\/hificlub.com.br\/loja\/?post_type=product&#038;p=25509"},"modified":"2026-03-03T22:15:19","modified_gmt":"2026-03-04T01:15:19","slug":"focal-theva-n1-caixa-bookshelf-100-watts-par","status":"publish","type":"product","link":"https:\/\/hificlub.com.br\/loja\/produto\/focal-theva-n1-caixa-bookshelf-100-watts-par\/","title":{"rendered":"FOCAL Theva N1 &#8211; Caixa Bookshelf, 100 Watts, (par)"},"content":{"rendered":"<p>A <b>Focal Theva N1<\/b> \u00e9 uma caixa ac\u00fastica bookshelf da nova linha Theva, projetada para ser uma op\u00e7\u00e3o compacta e vers\u00e1til que oferece a renomada qualidade de \u00e1udio da Focal. \u00c9 ideal para sistemas de som est\u00e9reo em ambientes menores ou como parte de um sistema de home theater mais completo.<\/p>\n<p>A Theva N1 foi projetada com a mesma tecnologia de ponta presente em modelos de maior porte da linha Theva, garantindo uma performance de \u00e1dio de alta fidelidade:<\/p>\n<ul>\n<li>Tweeter TNF de C\u00fapula Invertida: A Theva N1 utiliza o tweeter de c\u00fapula invertida de alum\u00ednio\/magn\u00e9sio da Focal. Esta tecnologia \u00e9 conhecida por sua baixa distor\u00e7\u00e3o e por oferecer agudos suaves e detalhados. A forma invertida da c\u00fapula melhora a dispers\u00e3o sonora, garantindo um palco sonoro mais est\u00e1vel, mesmo se o ouvinte n\u00e3o estiver na posi\u00e7\u00e3o de audi\u00e7\u00e3o ideal.<\/li>\n<li>Cone Slatefiber: O alto-falante de m\u00e9dio-grave de 6,5 polegadas (16,5 cm) utiliza o material Slatefiber, exclusivo da Focal. Feito de fibras de carbono recicladas e pol\u00edmero termopl\u00e1stico, esse material oferece uma combina\u00e7\u00e3o ideal de rigidez, leveza e amortecimento. O resultado \u00e9 um som din\u00e2mico, rico em detalhes e com graves precisos.<\/li>\n<li>Design Bass-Reflex: A caixa possui um duto de sintonia na parte traseira (bass-reflex), que ajuda a estender a resposta de graves e a adicionar mais &#8220;corpo&#8221; ao som, apesar do seu tamanho compacto.<\/li>\n<li>Acabamento e Constru\u00e7\u00e3o: A Focal Theva N1 tem um design moderno e elegante. O gabinete, feito em MDF, est\u00e1 dispon\u00edvel em v\u00e1rias cores (como Dark Wood, Light Wood e Black) com acabamento refinado. As grelhas magn\u00e9ticas permitem uma apar\u00eancia limpa e discreta, sem furos vis\u00edveis no painel frontal.<\/li>\n<\/ul>\n<p><b>Desempenho e Aplica\u00e7\u00f5es<\/b><\/p>\n<p>A Theva N1 \u00e9 uma caixa muito vers\u00e1til, sendo uma excelente escolha para:<\/p>\n<ul>\n<li>Sistemas Est\u00e9reo: Em ambientes menores a m\u00e9dios, ela pode ser usada como a \u00fanica caixa para um sistema est\u00e9reo de alta qualidade, oferecendo um som detalhado e envolvente para m\u00fasica.<\/li>\n<li>Home Theater: Ela tamb\u00e9m \u00e9 ideal como caixa frontal ou surround em um sistema de home theater, podendo ser combinada com outros modelos da linha Theva, como a caixa central Theva Center e as colunas Theva N3.<\/li>\n<\/ul>\n<p><strong>* O suporte n\u00e3o est\u00e1 incluso.<\/strong><\/p>\n<p><strong>* O suporte \u00e9 vendido separadamente.<\/strong><\/p>\n","protected":false},"excerpt":{"rendered":"<p>A Focal Theva N1 \u00e9 uma caixa ac\u00fastica bookshelf da nova linha Theva, projetada para ser uma op\u00e7\u00e3o compacta e vers\u00e1til que oferece a renomada qualidade de \u00e1udio da Focal. \u00c9 ideal para sistemas de som est\u00e9reo em ambientes menores ou como parte de um sistema de home theater mais completo. A Theva N1 foi [&hellip;]<\/p>\n","protected":false},"featured_media":25510,"template":"","meta":{"_acf_changed":false},"product_brand":[],"product_cat":[25,17,45],"product_tag":[],"class_list":{"0":"post-25509","1":"product","2":"type-product","3":"status-publish","4":"has-post-thumbnail","6":"product_cat-bookshelf","7":"product_cat-caixas","8":"product_cat-focal","10":"first","11":"instock","12":"sold-individually","13":"shipping-taxable","14":"purchasable","15":"product-type-simple"},"acf":[],"aioseo_notices":[],"_links":{"self":[{"href":"https:\/\/hificlub.com.br\/loja\/wp-json\/wp\/v2\/product\/25509","targetHints":{"allow":["GET"]}}],"collection":[{"href":"https:\/\/hificlub.com.br\/loja\/wp-json\/wp\/v2\/product"}],"about":[{"href":"https:\/\/hificlub.com.br\/loja\/wp-json\/wp\/v2\/types\/product"}],"wp:featuredmedia":[{"embeddable":true,"href":"https:\/\/hificlub.com.br\/loja\/wp-json\/wp\/v2\/media\/25510"}],"wp:attachment":[{"href":"https:\/\/hificlub.com.br\/loja\/wp-json\/wp\/v2\/media?parent=25509"}],"wp:term":[{"taxonomy":"product_brand","embeddable":true,"href":"https:\/\/hificlub.com.br\/loja\/wp-json\/wp\/v2\/product_brand?post=25509"},{"taxonomy":"product_cat","embeddable":true,"href":"https:\/\/hificlub.com.br\/loja\/wp-json\/wp\/v2\/product_cat?post=25509"},{"taxonomy":"product_tag","embeddable":true,"href":"https:\/\/hificlub.com.br\/loja\/wp-json\/wp\/v2\/product_tag?post=25509"}],"curies":[{"name":"wp","href":"https:\/\/api.w.org\/{rel}","templated":true}]}}