{"id":25481,"date":"2025-08-20T10:52:26","date_gmt":"2025-08-20T13:52:26","guid":{"rendered":"https:\/\/hificlub.com.br\/loja\/?post_type=product&#038;p=25481"},"modified":"2026-03-03T22:15:20","modified_gmt":"2026-03-04T01:15:20","slug":"focal-theva-n3-d-caixa-torre-de-3-vias-dolby-atmos","status":"publish","type":"product","link":"https:\/\/hificlub.com.br\/loja\/produto\/focal-theva-n3-d-caixa-torre-de-3-vias-dolby-atmos\/","title":{"rendered":"FOCAL Theva N3-D &#8211; Caixa Torre de 3 vias Dolby Atmos, 250 Watts, (par)"},"content":{"rendered":"<p>Theva N\u00b03-D \u00e9 o alto-falante de p\u00e9 no ch\u00e3o Dolby Atmos\u00ae de refer\u00eancia na faixa Theva. Ao combinar 3 canais frontais e um canal vertical que reflete as ondas sonoras no teto, o alto-falante cria um efeito espacial grandioso, reinventando a forma como a m\u00fasica e o cinema s\u00e3o vivenciados em casa e oferecendo uma experi\u00eancia sonora notavelmente imersiva. Com este Theva N\u00b03-D e seus efeitos Dolby Atmos\u00ae, a emo\u00e7\u00e3o est\u00e1 no cora\u00e7\u00e3o da sua sala de estar.<\/p>\n<p><b>Tecnologias:<\/b><\/p>\n<ul>\n<li><b><span class=\"citation-43\">Dolby Atmos Integrado<\/span><\/b><span class=\"citation-43\">: A principal caracter\u00edstica do modelo N3-D \u00e9 o m\u00f3dulo <\/span><b><span class=\"citation-43\">Dolby Atmos<\/span><\/b><span class=\"citation-43 citation-end-43\"> no topo da coluna.<\/span> <span class=\"citation-42\">Este m\u00f3dulo utiliza um <\/span><i><span class=\"citation-42\">driver<\/span><\/i><span class=\"citation-42 citation-end-42\"> de gama completa voltado para cima, que reflete o som no teto, criando uma dimens\u00e3o vertical no palco sonoro.<\/span> Isso permite que efeitos sonoros como chuva ou aeronaves sejam ouvidos &#8220;por cima&#8221;, proporcionando uma experi\u00eancia de cinema em casa mais realista e envolvente.<\/li>\n<li><b><span class=\"citation-41\">Drivers de Alta Qualidade<\/span><\/b><span class=\"citation-41 citation-end-41\">: A Theva N3-D \u00e9 equipada com tecnologias exclusivas da Focal:<\/span>\n<ul>\n<li><b><span class=\"citation-40\">Tweeter TNF<\/span><\/b><span class=\"citation-40 citation-end-40\">: Com c\u00fapula invertida de alum\u00ednio\/magn\u00e9sio, o tweeter TNF foi otimizado para reproduzir agudos suaves e detalhados.<\/span> A tecnologia de c\u00fapula invertida da Focal \u00e9 conhecida por sua baixa diretividade, garantindo um som mais consistente em toda a sala.<\/li>\n<li><b><span class=\"citation-39\">Cones Slatefiber<\/span><\/b><span class=\"citation-39 citation-end-39\">: O alto-falante de m\u00e9dio-grave e os dois woofers s\u00e3o feitos de cones Slatefiber.<\/span> Esse material, exclusivo da Focal, \u00e9 composto de fibras de carbono recicladas e pol\u00edmero termopl\u00e1stico. Essa combina\u00e7\u00e3o oferece uma excelente rigidez, amortecimento e leveza, resultando em um som din\u00e2mico, rico e equilibrado.<\/li>\n<\/ul>\n<\/li>\n<li><b>Design e Acabamento<\/b>: A coluna tem um design moderno e elegante. O gabinete, tipo bass-reflex, possui um acabamento refinado com pain\u00e9is frontais adicionais que conferem maior robustez. As grelhas s\u00e3o magn\u00e9ticas, o que facilita a remo\u00e7\u00e3o e protege os drivers. O design \u00e9 pensado para se integrar a ambientes cl\u00e1ssicos e modernos.<\/li>\n<\/ul>\n<p>&nbsp;<\/p>\n","protected":false},"excerpt":{"rendered":"<p>Theva N\u00b03-D \u00e9 o alto-falante de p\u00e9 no ch\u00e3o Dolby Atmos\u00ae de refer\u00eancia na faixa Theva. Ao combinar 3 canais frontais e um canal vertical que reflete as ondas sonoras no teto, o alto-falante cria um efeito espacial grandioso, reinventando a forma como a m\u00fasica e o cinema s\u00e3o vivenciados em casa e oferecendo uma [&hellip;]<\/p>\n","protected":false},"featured_media":25482,"template":"","meta":{"_acf_changed":false},"product_brand":[],"product_cat":[17,45,18],"product_tag":[],"class_list":{"0":"post-25481","1":"product","2":"type-product","3":"status-publish","4":"has-post-thumbnail","6":"product_cat-caixas","7":"product_cat-focal","8":"product_cat-torres","10":"first","11":"instock","12":"sold-individually","13":"shipping-taxable","14":"purchasable","15":"product-type-simple"},"acf":[],"aioseo_notices":[],"_links":{"self":[{"href":"https:\/\/hificlub.com.br\/loja\/wp-json\/wp\/v2\/product\/25481","targetHints":{"allow":["GET"]}}],"collection":[{"href":"https:\/\/hificlub.com.br\/loja\/wp-json\/wp\/v2\/product"}],"about":[{"href":"https:\/\/hificlub.com.br\/loja\/wp-json\/wp\/v2\/types\/product"}],"wp:featuredmedia":[{"embeddable":true,"href":"https:\/\/hificlub.com.br\/loja\/wp-json\/wp\/v2\/media\/25482"}],"wp:attachment":[{"href":"https:\/\/hificlub.com.br\/loja\/wp-json\/wp\/v2\/media?parent=25481"}],"wp:term":[{"taxonomy":"product_brand","embeddable":true,"href":"https:\/\/hificlub.com.br\/loja\/wp-json\/wp\/v2\/product_brand?post=25481"},{"taxonomy":"product_cat","embeddable":true,"href":"https:\/\/hificlub.com.br\/loja\/wp-json\/wp\/v2\/product_cat?post=25481"},{"taxonomy":"product_tag","embeddable":true,"href":"https:\/\/hificlub.com.br\/loja\/wp-json\/wp\/v2\/product_tag?post=25481"}],"curies":[{"name":"wp","href":"https:\/\/api.w.org\/{rel}","templated":true}]}}