{"id":25474,"date":"2025-08-20T10:24:05","date_gmt":"2025-08-20T13:24:05","guid":{"rendered":"https:\/\/hificlub.com.br\/loja\/?post_type=product&#038;p=25474"},"modified":"2026-04-30T21:13:32","modified_gmt":"2026-05-01T00:13:32","slug":"parasound-hca-1500a-amplificador-de-potencia-stereo-205-watts","status":"publish","type":"product","link":"https:\/\/hificlub.com.br\/loja\/produto\/parasound-hca-1500a-amplificador-de-potencia-stereo-205-watts\/","title":{"rendered":"PARASOUND HCA-1500A   Amplificador de Pot\u00eancia Stereo, 205 Watts"},"content":{"rendered":"<p>O <b>Parasound HCA-1500A<\/b> \u00e9 um amplificador de pot\u00eancia est\u00e9reo que se tornou um cl\u00e1ssico no mundo do \u00e1udio, aclamado por sua combina\u00e7\u00e3o de alta pot\u00eancia e qualidade de som a um pre\u00e7o acess\u00edvel para sua \u00e9poca. Ele foi produzido na d\u00e9cada de 1990 e faz parte da s\u00e9rie HCA (High Current Amplifier) da Parasound.<\/p>\n<p>O HCA-1500A \u00e9 elogiado por seu som neutro e transparente, com um palco sonoro amplo e uma excelente capacidade de extrair detalhes da m\u00fasica. Ele \u00e9 descrito como um amplificador que oferece um som suave, mas com um controle de graves &#8220;cir\u00fargico&#8221; e r\u00e1pido. Sua capacidade de &#8220;desaparecer&#8221; e permitir que a m\u00fasica flua sem colora\u00e7\u00e3o \u00e9 um dos seus pontos fortes. Muitos audi\u00f3filos o consideram uma excelente op\u00e7\u00e3o no mercado de segunda m\u00e3o, oferecendo uma performance que rivaliza com amplificadores muito mais caros.<\/p>\n<p>O HCA-1500A \u00e9 conhecido por suas especifica\u00e7\u00f5es robustas, que garantem que ele possa lidar com quase qualquer tipo de caixa ac\u00fastica.<\/p>\n<p><b><span class=\"citation-8\">Pot\u00eancia de Sa\u00edda:<\/span><\/b><span class=\"citation-8\"> Ele fornece <\/span><b><span class=\"citation-8\">205 watts por canal em 8\u03a9<\/span><\/b><span class=\"citation-8\"> e <\/span><b><span class=\"citation-8\">315 watts por canal em 4\u03a9<\/span><\/b><span class=\"citation-8 citation-end-8\">.<\/span> <span class=\"citation-7\">Em modo mono (bridged), pode entregar at\u00e9 <\/span><b><span class=\"citation-7\">630 watts em 8\u03a9<\/span><\/b><span class=\"citation-7 citation-end-7\">.<\/span> <span class=\"citation-6 citation-end-6\">Essa grande reserva de pot\u00eancia, combinada com uma alta capacidade de corrente de 60 amperes, assegura que o amplificador tenha um controle excepcional sobre os alto-falantes, especialmente nas frequ\u00eancias graves.<\/span><\/p>\n<p><b>Design de Circuito:<\/b> O amplificador utiliza uma topologia de circuito <b>Classe A\/AB<\/b>, operando em <b>Classe A<\/b> para os primeiros 10 watts, o que proporciona um som mais suave e livre de distor\u00e7\u00f5es em n\u00edveis de volume mais baixos. Para volumes mais altos, ele muda para a opera\u00e7\u00e3o <b>Classe AB<\/b> para fornecer a pot\u00eancia necess\u00e1ria. <span class=\"citation-5 citation-end-5\">A Parasound utilizou componentes de alta qualidade, como transformadores toroidais e transistores de sa\u00edda MOSFET.<\/span><\/p>\n<p><b>THX Ultra Certified:<\/b> O HCA-1500A foi um dos primeiros amplificadores a receber a certifica\u00e7\u00e3o <b>THX Ultra<\/b> da Lucasfilm. Essa certifica\u00e7\u00e3o garante que o amplificador \u00e9 capaz de reproduzir \u00e1udio com a din\u00e2mica, clareza e pot\u00eancia necess\u00e1rias para atingir os padr\u00f5es exigidos para cinemas de alta qualidade, o que \u00e9 uma prova de seu desempenho.<\/p>\n<p><b>Conectividade:<\/b> Possui entradas balanceadas (XLR) e desbalanceadas (RCA) para flexibilidade de conex\u00e3o com pr\u00e9-amplificadores.<\/p>\n<p>&nbsp;<\/p>\n","protected":false},"excerpt":{"rendered":"<p>O Parasound HCA-1500A \u00e9 um amplificador de pot\u00eancia est\u00e9reo que se tornou um cl\u00e1ssico no mundo do \u00e1udio, aclamado por sua combina\u00e7\u00e3o de alta pot\u00eancia e qualidade de som a um pre\u00e7o acess\u00edvel para sua \u00e9poca. Ele foi produzido na d\u00e9cada de 1990 e faz parte da s\u00e9rie HCA (High Current Amplifier) da Parasound. O [&hellip;]<\/p>\n","protected":false},"featured_media":25475,"template":"","meta":{"_acf_changed":false},"product_brand":[],"product_cat":[27,28,125],"product_tag":[],"class_list":{"0":"post-25474","1":"product","2":"type-product","3":"status-publish","4":"has-post-thumbnail","6":"product_cat-amplificador","7":"product_cat-estereo","8":"product_cat-parasound","10":"first","11":"instock","12":"sold-individually","13":"shipping-taxable","14":"purchasable","15":"product-type-simple"},"acf":[],"aioseo_notices":[],"_links":{"self":[{"href":"https:\/\/hificlub.com.br\/loja\/wp-json\/wp\/v2\/product\/25474","targetHints":{"allow":["GET"]}}],"collection":[{"href":"https:\/\/hificlub.com.br\/loja\/wp-json\/wp\/v2\/product"}],"about":[{"href":"https:\/\/hificlub.com.br\/loja\/wp-json\/wp\/v2\/types\/product"}],"wp:featuredmedia":[{"embeddable":true,"href":"https:\/\/hificlub.com.br\/loja\/wp-json\/wp\/v2\/media\/25475"}],"wp:attachment":[{"href":"https:\/\/hificlub.com.br\/loja\/wp-json\/wp\/v2\/media?parent=25474"}],"wp:term":[{"taxonomy":"product_brand","embeddable":true,"href":"https:\/\/hificlub.com.br\/loja\/wp-json\/wp\/v2\/product_brand?post=25474"},{"taxonomy":"product_cat","embeddable":true,"href":"https:\/\/hificlub.com.br\/loja\/wp-json\/wp\/v2\/product_cat?post=25474"},{"taxonomy":"product_tag","embeddable":true,"href":"https:\/\/hificlub.com.br\/loja\/wp-json\/wp\/v2\/product_tag?post=25474"}],"curies":[{"name":"wp","href":"https:\/\/api.w.org\/{rel}","templated":true}]}}