{"id":25410,"date":"2025-08-18T21:27:20","date_gmt":"2025-08-19T00:27:20","guid":{"rendered":"https:\/\/hificlub.com.br\/loja\/?post_type=product&#038;p=25410"},"modified":"2026-03-03T22:15:20","modified_gmt":"2026-03-04T01:15:20","slug":"kimber-kable-carbon-ci8-114cu-cabo-interconnect-rca-1-metro","status":"publish","type":"product","link":"https:\/\/hificlub.com.br\/loja\/produto\/kimber-kable-carbon-ci8-114cu-cabo-interconnect-rca-1-metro\/","title":{"rendered":"KIMBER KABLE Carbon CI8-114Cu &#8211; Cabo Interconnect RCA, 1 metro, (pair)"},"content":{"rendered":"<p>O vinil est\u00e1 quente outra vez. Dir\u00edamos que o vinil ainda \u00e9 o grande formato que sempre foi. Kimber Select Tonearm Katles traz o desempenho final para a fonte final. Seu toca-discos soar\u00e1 mais aberto e articulado. O compromisso din\u00e2mico \u00e9 o inimigo de todas as coisas anal\u00f3gicas e somente com o uso de nossa geometria de matriz restrita e o amortecimento el\u00e9trico e mec\u00e2nico do n\u00facleo X38R sua escuta pode realmente descobrir que \u00e9 groove novamente.<\/p>\n<p>Condutores tran\u00e7ados 8, 19.5AWG com uma transi\u00e7\u00e3o tran\u00e7ada sem costura para conectores RCA ou XLR direito e esquerdo. Uma interliga\u00e7\u00e3o anal\u00f3gica ideal para fontes, pr\u00e9-amplificadores e amplificadores. O pol\u00edmero de carbono eletrostaticamente dissipativo reduz o ru\u00eddo el\u00e9trico induzido mecanicamente e melhora a uniformidade do gradiente de tens\u00e3o dentro do diel\u00e9trico isolante. O carbono fornece um perfil de som natural sem ser excessivamente brilhante ou excessivamente escuro.<\/p>\n<p>&nbsp;<\/p>\n<p><a href=\"https:\/\/www.hifichoice.com\/content\/kimber-kable-debuts-carbon-interconnects\" target=\"_blank\" rel=\"noopener\"><img loading=\"lazy\" decoding=\"async\" class=\"alignnone wp-image-23068 size-full\" src=\"https:\/\/hificlub.com.br\/loja\/wp-content\/uploads\/2025\/06\/Hifi-Choice-award.jpg\" alt=\"\" width=\"353\" height=\"75\" srcset=\"https:\/\/hificlub.com.br\/loja\/wp-content\/uploads\/2025\/06\/Hifi-Choice-award.jpg 353w, https:\/\/hificlub.com.br\/loja\/wp-content\/uploads\/2025\/06\/Hifi-Choice-award-300x64.jpg 300w\" sizes=\"auto, (max-width: 353px) 100vw, 353px\" \/>\u00a0\u00a0\u00a0\u00a0 <\/a><a href=\"https:\/\/stereonet.com\/news\/kimber-kable-carbon-interconnect\" target=\"_blank\" rel=\"noopener\"><img loading=\"lazy\" decoding=\"async\" class=\"alignnone wp-image-22787\" src=\"https:\/\/hificlub.com.br\/loja\/wp-content\/uploads\/2025\/06\/StereoNet.jpg\" alt=\"\" width=\"302\" height=\"76\" srcset=\"https:\/\/hificlub.com.br\/loja\/wp-content\/uploads\/2025\/06\/StereoNet.jpg 358w, https:\/\/hificlub.com.br\/loja\/wp-content\/uploads\/2025\/06\/StereoNet-300x75.jpg 300w\" sizes=\"auto, (max-width: 302px) 100vw, 302px\" \/><\/a><\/p>\n","protected":false},"excerpt":{"rendered":"<p>O vinil est\u00e1 quente outra vez. Dir\u00edamos que o vinil ainda \u00e9 o grande formato que sempre foi. Kimber Select Tonearm Katles traz o desempenho final para a fonte final. Seu toca-discos soar\u00e1 mais aberto e articulado. O compromisso din\u00e2mico \u00e9 o inimigo de todas as coisas anal\u00f3gicas e somente com o uso de nossa [&hellip;]<\/p>\n","protected":false},"featured_media":25411,"template":"","meta":{"_acf_changed":false},"product_brand":[],"product_cat":[61,71,64],"product_tag":[],"class_list":{"0":"post-25410","1":"product","2":"type-product","3":"status-publish","4":"has-post-thumbnail","6":"product_cat-cabos","7":"product_cat-interconnect-rca","8":"product_cat-kimber","10":"first","11":"instock","12":"sold-individually","13":"shipping-taxable","14":"purchasable","15":"product-type-simple"},"acf":[],"aioseo_notices":[],"_links":{"self":[{"href":"https:\/\/hificlub.com.br\/loja\/wp-json\/wp\/v2\/product\/25410","targetHints":{"allow":["GET"]}}],"collection":[{"href":"https:\/\/hificlub.com.br\/loja\/wp-json\/wp\/v2\/product"}],"about":[{"href":"https:\/\/hificlub.com.br\/loja\/wp-json\/wp\/v2\/types\/product"}],"wp:featuredmedia":[{"embeddable":true,"href":"https:\/\/hificlub.com.br\/loja\/wp-json\/wp\/v2\/media\/25411"}],"wp:attachment":[{"href":"https:\/\/hificlub.com.br\/loja\/wp-json\/wp\/v2\/media?parent=25410"}],"wp:term":[{"taxonomy":"product_brand","embeddable":true,"href":"https:\/\/hificlub.com.br\/loja\/wp-json\/wp\/v2\/product_brand?post=25410"},{"taxonomy":"product_cat","embeddable":true,"href":"https:\/\/hificlub.com.br\/loja\/wp-json\/wp\/v2\/product_cat?post=25410"},{"taxonomy":"product_tag","embeddable":true,"href":"https:\/\/hificlub.com.br\/loja\/wp-json\/wp\/v2\/product_tag?post=25410"}],"curies":[{"name":"wp","href":"https:\/\/api.w.org\/{rel}","templated":true}]}}