{"id":25383,"date":"2025-08-18T10:13:57","date_gmt":"2025-08-18T13:13:57","guid":{"rendered":"https:\/\/hificlub.com.br\/loja\/?post_type=product&#038;p=25383"},"modified":"2026-03-03T22:15:21","modified_gmt":"2026-03-04T01:15:21","slug":"marantz-amp-20-amplificador-de-potencia-de-12-canais-com-hdam-exclusivo-200-watts","status":"publish","type":"product","link":"https:\/\/hificlub.com.br\/loja\/produto\/marantz-amp-20-amplificador-de-potencia-de-12-canais-com-hdam-exclusivo-200-watts\/","title":{"rendered":"MARANTZ AMP20 &#8211; Amplificador de Pot\u00eancia de 12 Canais com HDAM exclusivo, 110v, 200 Watts"},"content":{"rendered":"<div>\n<p>O AMP 20 \u00e9 um amplificador de 12 canais notavelmente potente e pode ser emparelhado com o AV 20 para criar um sistema de home theater de elite e n\u00edvel de refer\u00eancia.<\/p>\n<p><strong>Feito em Shirakawa, Jap\u00e3o<\/strong><\/p>\n<ul>\n<li>12 canais<\/li>\n<li>200 Watts por Canal<\/li>\n<li>HDAM exclusivo<\/li>\n<li>Amplificadores de comuta\u00e7\u00e3o personalizados<\/li>\n<li>Modos de sa\u00edda selecion\u00e1veis<\/li>\n<li>Desempenho m\u00e1ximo<\/li>\n<\/ul>\n<p>O AMP 20 combina alt\u00edssima pot\u00eancia de sa\u00edda e alta contagem de canais para criar um amplificador de refer\u00eancia de n\u00edvel mestre para o melhor desempenho em home theater. Quando combinado com o AV 20, os resultados s\u00e3o inesquec\u00edveis.<\/p>\n<p>A amplifica\u00e7\u00e3o Classe D desenvolvida sob medida pelo AMP 20 e a tecnologia refinada HDAM-SA2 criam a experi\u00eancia teatral mais incr\u00edvel poss\u00edvel na sua casa.<\/p>\n<p>Nosso Marantz Sound Master ajustou meticulosamente o AMP 20 para um desempenho incr\u00edvel com uma sele\u00e7\u00e3o cuidadosa de pe\u00e7as para criar um som excepcional em sua casa<\/p>\n<p>O AMP 20 oferece 12 canais de pot\u00eancia de comando em um \u00fanico gabinete, cada um com capacidade de 200 watts para operar em n\u00edveis extraordinariamente altos sem perda de fidelidade.<\/p>\n<p>Garanta o melhor desempenho poss\u00edvel do seu AMP 20 combinando-o com outros produtos Marantz, como o AV 20.<\/p>\n<p>* HDAM, ou <strong>High Definition Amplifier Module<\/strong>, \u00e9 uma tecnologia de circuito propriet\u00e1ria da Marantz que atua como um amplificador operacional (op-amp) de alta performance. Em vez de usar os op-amps gen\u00e9ricos e de baixo custo que muitos fabricantes de eletr\u00f4nicos utilizam, a Marantz desenvolveu o HDAM com componentes discretos e cuidadosamente selecionados, como transistores, resistores e capacitores. A principal raz\u00e3o para o desenvolvimento do HDAM \u00e9 a busca por uma reprodu\u00e7\u00e3o de \u00e1udio mais pura e detalhada.<\/p>\n<\/div>\n<div><\/div>\n<div><\/div>\n<div><a href=\"https:\/\/www.whathifi.com\/tv-home-cinema\/av-receivers\/marantz-unveils-its-latest-reference-av-amplifier-combo-and-theyre-set-to-outshine-the-award-winning-cinema-30\" target=\"_blank\" rel=\"noopener\"><img loading=\"lazy\" decoding=\"async\" class=\"alignnone wp-image-20966\" src=\"https:\/\/hificlub.com.br\/loja\/wp-content\/uploads\/2024\/01\/what-hifi-awards-9.png\" alt=\"\" width=\"237\" height=\"120\" srcset=\"https:\/\/hificlub.com.br\/loja\/wp-content\/uploads\/2024\/01\/what-hifi-awards-9.png 316w, https:\/\/hificlub.com.br\/loja\/wp-content\/uploads\/2024\/01\/what-hifi-awards-9-300x152.png 300w\" sizes=\"auto, (max-width: 237px) 100vw, 237px\" \/><\/a>\u00a0 \u00a0 <a href=\"https:\/\/www.audioholics.com\/av-preamp-processor-reviews\/marantz-av-20-amp-20\" target=\"_blank\" rel=\"noopener\"><img loading=\"lazy\" decoding=\"async\" class=\"alignnone wp-image-22732 size-full\" src=\"https:\/\/hificlub.com.br\/loja\/wp-content\/uploads\/2025\/06\/Audioholics.jpg\" alt=\"\" width=\"353\" height=\"134\" srcset=\"https:\/\/hificlub.com.br\/loja\/wp-content\/uploads\/2025\/06\/Audioholics.jpg 353w, https:\/\/hificlub.com.br\/loja\/wp-content\/uploads\/2025\/06\/Audioholics-300x114.jpg 300w\" sizes=\"auto, (max-width: 353px) 100vw, 353px\" \/><\/a><\/div>\n<div><\/div>\n<div><\/div>\n<div><\/div>\n","protected":false},"excerpt":{"rendered":"<p>O AMP 20 \u00e9 um amplificador de 12 canais notavelmente potente e pode ser emparelhado com o AV 20 para criar um sistema de home theater de elite e n\u00edvel de refer\u00eancia. Feito em Shirakawa, Jap\u00e3o 12 canais 200 Watts por Canal HDAM exclusivo Amplificadores de comuta\u00e7\u00e3o personalizados Modos de sa\u00edda selecion\u00e1veis Desempenho m\u00e1ximo O [&hellip;]<\/p>\n","protected":false},"featured_media":25384,"template":"","meta":{"_acf_changed":false},"product_brand":[],"product_cat":[27,92,48],"product_tag":[],"class_list":{"0":"post-25383","1":"product","2":"type-product","3":"status-publish","4":"has-post-thumbnail","6":"product_cat-amplificador","7":"product_cat-marantz","8":"product_cat-multicanal","10":"first","11":"instock","12":"sold-individually","13":"shipping-taxable","14":"purchasable","15":"product-type-simple"},"acf":[],"aioseo_notices":[],"_links":{"self":[{"href":"https:\/\/hificlub.com.br\/loja\/wp-json\/wp\/v2\/product\/25383","targetHints":{"allow":["GET"]}}],"collection":[{"href":"https:\/\/hificlub.com.br\/loja\/wp-json\/wp\/v2\/product"}],"about":[{"href":"https:\/\/hificlub.com.br\/loja\/wp-json\/wp\/v2\/types\/product"}],"wp:featuredmedia":[{"embeddable":true,"href":"https:\/\/hificlub.com.br\/loja\/wp-json\/wp\/v2\/media\/25384"}],"wp:attachment":[{"href":"https:\/\/hificlub.com.br\/loja\/wp-json\/wp\/v2\/media?parent=25383"}],"wp:term":[{"taxonomy":"product_brand","embeddable":true,"href":"https:\/\/hificlub.com.br\/loja\/wp-json\/wp\/v2\/product_brand?post=25383"},{"taxonomy":"product_cat","embeddable":true,"href":"https:\/\/hificlub.com.br\/loja\/wp-json\/wp\/v2\/product_cat?post=25383"},{"taxonomy":"product_tag","embeddable":true,"href":"https:\/\/hificlub.com.br\/loja\/wp-json\/wp\/v2\/product_tag?post=25383"}],"curies":[{"name":"wp","href":"https:\/\/api.w.org\/{rel}","templated":true}]}}