{"id":25342,"date":"2025-08-15T11:38:49","date_gmt":"2025-08-15T14:38:49","guid":{"rendered":"https:\/\/hificlub.com.br\/loja\/?post_type=product&#038;p=25342"},"modified":"2026-05-09T22:35:08","modified_gmt":"2026-05-10T01:35:08","slug":"vtl-s-400-series-ii-reference-amplificador-stereo-valvulado-300-watts","status":"publish","type":"product","link":"https:\/\/hificlub.com.br\/loja\/produto\/vtl-s-400-series-ii-reference-amplificador-stereo-valvulado-300-watts\/","title":{"rendered":"VTL S-400 Series II Reference &#8211; Amplificador Stereo Valvulado, 300 Watts"},"content":{"rendered":"<p><span dir=\"auto\">Desde o seu lan\u00e7amento em 2004, o amplificador S-400 Stereo Reference da VTL tem sido apreciado por amantes da m\u00fasica em todo o mundo como um amplificador valvulado de alta pot\u00eancia e alto desempenho, reconhecido pela sua facilidade de uso e pela representa\u00e7\u00e3o musical refinada e natural. A nova vers\u00e3o S\u00e9rie II do S-400 utiliza o mesmo circuito do seu irm\u00e3o maior, o amplificador monobloco Siegfried S\u00e9rie II Reference, num impressionante design de chassi \u00fanico. A inclus\u00e3o dos mais recentes avan\u00e7os de engenharia da VTL eleva o renomado desempenho sonoro do S-400 a patamares ainda mais elevados.<\/span><\/p>\n<p><span dir=\"auto\">Para a S\u00e9rie II, a VTL reformulou completamente todo o caminho do sinal. As atualiza\u00e7\u00f5es incluem um est\u00e1gio de entrada diferencial totalmente balanceado, que aciona um divisor de fase diferencial, e um est\u00e1gio de sa\u00edda push-pull de menor imped\u00e2ncia, com um transformador de sa\u00edda intercalado e acoplado, totalmente balanceado e aprimorado. Equipado com a mesma tecnologia &#8220;SmartTube&#8221; do Siegfried II, o S-400 utiliza polariza\u00e7\u00e3o autom\u00e1tica e detec\u00e7\u00e3o de falhas, tecnologia de fonte de alimenta\u00e7\u00e3o regulada com precis\u00e3o e controle RS-232 bidirecional, proporcionando flexibilidade e facilidade de uso incompar\u00e1veis.<\/span><\/p>\n<p><span dir=\"auto\">O S-400 S\u00e9rie II oferece ainda mais benef\u00edcios sonoros com um loop de feedback negativo mais curto, r\u00e1pido e totalmente balanceado, com zero feedback negativo global. O loop de feedback negativo elimina completamente o zumbido e n\u00e3o requer compensa\u00e7\u00e3o de capacitor para manter a integridade e as informa\u00e7\u00f5es cr\u00edticas da fase. O resultado \u00e9 um amplificador que permanece est\u00e1vel mesmo sob as cargas mais exigentes.<\/span><\/p>\n<p>Apresenta\u00e7\u00f5es:<\/p>\n<ul>\n<li><span dir=\"auto\">Circuito diferencial totalmente balanceado \u2013 sinal de entrada de termina\u00e7\u00e3o \u00fanica produz sinal balanceado na sa\u00edda<\/span><\/li>\n<li><span dir=\"auto\">Est\u00e1gios de entrada e driver diferenciais totalmente balanceados e redesenhados para maior oscila\u00e7\u00e3o de sinal, largura de banda e estabilidade<\/span><\/li>\n<li><span dir=\"auto\">Feedback negativo global zero<\/span><\/li>\n<li><span dir=\"auto\">Loop de feedback mais curto e r\u00e1pido para maior controle tonal sem mudan\u00e7a de fase.<\/span><\/li>\n<li><span dir=\"auto\">Melhor manuseio de cargas de alto-falantes para maior estabilidade do sinal.<\/span><\/li>\n<li><span dir=\"auto\">O amplificador \u00e9 incondicionalmente est\u00e1vel, sem necessidade de qualquer compensa\u00e7\u00e3o de capacitor.<\/span><\/li>\n<li><span dir=\"auto\">Nova fonte de corrente para maior integridade sonora no modo single-ended<\/span><\/li>\n<li><span dir=\"auto\">Est\u00e1gio de sa\u00edda de menor imped\u00e2ncia para melhor controle do alto-falante<\/span><\/li>\n<li><span dir=\"auto\">Intercala\u00e7\u00e3o e acoplamento dramaticamente aumentados no transformador de sa\u00edda de refer\u00eancia propriet\u00e1rio VTL balanceado, para maior largura de banda e toque zero<\/span><\/li>\n<li><span dir=\"auto\">Controle de feedback DF ajust\u00e1vel pelo usu\u00e1rio para variar a imped\u00e2ncia de sa\u00edda e o fator de amortecimento para correspond\u00eancia ideal com a carga do alto-falante<\/span><\/li>\n<li><span dir=\"auto\">Software controlado por microprocessador<\/span>\n<ul>\n<li><span dir=\"auto\">Tetrodo\/Triodo comut\u00e1vel<\/span><\/li>\n<li><span dir=\"auto\">Polariza\u00e7\u00e3o autom\u00e1tica, detec\u00e7\u00e3o de falhas<\/span><\/li>\n<li><span dir=\"auto\">Limita\u00e7\u00e3o de corrente de pico<\/span><\/li>\n<li><span dir=\"auto\">Fun\u00e7\u00e3o Standby Mute; com corrente de v\u00e1lvula reduzida para maior vida \u00fatil da v\u00e1lvula<\/span><\/li>\n<li><span dir=\"auto\">Controle RS-232 totalmente bidirecional<\/span><\/li>\n<\/ul>\n<\/li>\n<li><span dir=\"auto\">300 watts por canal no tetrodo; 150 watts por canal no triodo<\/span><\/li>\n<li><span dir=\"auto\">Utiliza doze tubos 6550 ou KT-88<\/span><\/li>\n<li><span dir=\"auto\">Placa e tela ajust\u00e1veis e reguladas com precis\u00e3o para ponto operacional est\u00e1vel; entrada regulada discreta e fornecimento de driver para maior resolu\u00e7\u00e3o e tonalidade do sinal<\/span><\/li>\n<li><span dir=\"auto\">Fornecimento de polariza\u00e7\u00e3o regulado com precis\u00e3o ajust\u00e1vel para maior resolu\u00e7\u00e3o de sinal e rejei\u00e7\u00e3o de ru\u00eddo e melhor isolamento de varia\u00e7\u00f5es de alimenta\u00e7\u00e3o de rede; o ponto de opera\u00e7\u00e3o de sa\u00edda n\u00e3o muda com flutua\u00e7\u00f5es de energia CA<\/span><\/li>\n<li><span dir=\"auto\">Sistema de detec\u00e7\u00e3o de falhas e Autobias aprimorado para operar em modo diferencial totalmente balanceado; o amplificador \u00e9 totalmente protegido contra falhas no tubo de sa\u00edda; n\u00e3o h\u00e1 necessidade de correspond\u00eancia precisa dos tubos de sa\u00edda<\/span><\/li>\n<li><span dir=\"auto\">Todas as tampas de \u00f3leo de prata premium Mundorf no caminho do sinal<\/span><\/li>\n<li><span dir=\"auto\">Desvio de filme dos capacitores de alimenta\u00e7\u00e3o para maior resolu\u00e7\u00e3o de HF<\/span><\/li>\n<li><span dir=\"auto\">Painel frontal de alum\u00ednio extrudado com apar\u00eancia luxuosa e moderna \u2013 op\u00e7\u00f5es preta e prata dispon\u00edveis<\/span><\/li>\n<li><span dir=\"auto\">Suprimentos de tela e B+ regulados com precis\u00e3o<\/span><\/li>\n<li><span dir=\"auto\">Constru\u00e7\u00e3o r\u00edgida e ventila\u00e7\u00e3o melhorada para menor temperatura operacional<\/span><\/li>\n<li><span dir=\"auto\">Atualiz\u00e1vel de f\u00e1brica a partir da S\u00e9rie I<\/span><\/li>\n<\/ul>\n<p>&nbsp;<\/p>\n<p><a href=\"https:\/\/www.stereophile.com\/content\/vtl-s-400-series-ii-reference-amp-stenheim-alumine-five-speakers-dcs-rossini-player-nordost\" target=\"_blank\" rel=\"noopener\"><img loading=\"lazy\" decoding=\"async\" class=\"alignnone wp-image-22926\" src=\"https:\/\/hificlub.com.br\/loja\/wp-content\/uploads\/2025\/06\/Stereophile-award.jpg\" alt=\"\" width=\"433\" height=\"74\" \/><\/a>\u00a0 \u00a0 <a href=\"https:\/\/www.theabsolutesound.com\/articles\/vtl-siegfried-reference-series-ii-monoblock\/\" target=\"_blank\" rel=\"noopener\"><img loading=\"lazy\" decoding=\"async\" class=\"alignnone wp-image-22935 \" src=\"https:\/\/hificlub.com.br\/loja\/wp-content\/uploads\/2025\/06\/The-absolute-sound-award.jpg\" alt=\"\" width=\"293\" height=\"73\" srcset=\"https:\/\/hificlub.com.br\/loja\/wp-content\/uploads\/2025\/06\/The-absolute-sound-award.jpg 325w, https:\/\/hificlub.com.br\/loja\/wp-content\/uploads\/2025\/06\/The-absolute-sound-award-300x75.jpg 300w\" sizes=\"auto, (max-width: 293px) 100vw, 293px\" \/><\/a><\/p>\n","protected":false},"excerpt":{"rendered":"<p>Desde o seu lan\u00e7amento em 2004, o amplificador S-400 Stereo Reference da VTL tem sido apreciado por amantes da m\u00fasica em todo o mundo como um amplificador valvulado de alta pot\u00eancia e alto desempenho, reconhecido pela sua facilidade de uso e pela representa\u00e7\u00e3o musical refinada e natural. A nova vers\u00e3o S\u00e9rie II do S-400 utiliza [&hellip;]<\/p>\n","protected":false},"featured_media":25343,"template":"","meta":{"_acf_changed":false},"product_brand":[],"product_cat":[27,28,30,320],"product_tag":[],"class_list":{"0":"post-25342","1":"product","2":"type-product","3":"status-publish","4":"has-post-thumbnail","6":"product_cat-amplificador","7":"product_cat-estereo","8":"product_cat-valvulado","9":"product_cat-vtl","11":"first","12":"instock","13":"sold-individually","14":"shipping-taxable","15":"purchasable","16":"product-type-simple"},"acf":[],"aioseo_notices":[],"_links":{"self":[{"href":"https:\/\/hificlub.com.br\/loja\/wp-json\/wp\/v2\/product\/25342","targetHints":{"allow":["GET"]}}],"collection":[{"href":"https:\/\/hificlub.com.br\/loja\/wp-json\/wp\/v2\/product"}],"about":[{"href":"https:\/\/hificlub.com.br\/loja\/wp-json\/wp\/v2\/types\/product"}],"wp:featuredmedia":[{"embeddable":true,"href":"https:\/\/hificlub.com.br\/loja\/wp-json\/wp\/v2\/media\/25343"}],"wp:attachment":[{"href":"https:\/\/hificlub.com.br\/loja\/wp-json\/wp\/v2\/media?parent=25342"}],"wp:term":[{"taxonomy":"product_brand","embeddable":true,"href":"https:\/\/hificlub.com.br\/loja\/wp-json\/wp\/v2\/product_brand?post=25342"},{"taxonomy":"product_cat","embeddable":true,"href":"https:\/\/hificlub.com.br\/loja\/wp-json\/wp\/v2\/product_cat?post=25342"},{"taxonomy":"product_tag","embeddable":true,"href":"https:\/\/hificlub.com.br\/loja\/wp-json\/wp\/v2\/product_tag?post=25342"}],"curies":[{"name":"wp","href":"https:\/\/api.w.org\/{rel}","templated":true}]}}