{"id":25329,"date":"2025-08-14T18:22:59","date_gmt":"2025-08-14T21:22:59","guid":{"rendered":"https:\/\/hificlub.com.br\/loja\/?post_type=product&#038;p=25329"},"modified":"2026-03-03T22:15:21","modified_gmt":"2026-03-04T01:15:21","slug":"focal-aria-s900-suporte-aria-para-caixa-xn1-par","status":"publish","type":"product","link":"https:\/\/hificlub.com.br\/loja\/produto\/focal-aria-s900-suporte-aria-para-caixa-xn1-par\/","title":{"rendered":"FOCAL Aria S900 &#8211; Suporte Aria para Caixa XN1, (par)"},"content":{"rendered":"<p>O Aria Evo XN\u00b01 possui p\u00e9s de 60,3 cm de altura. Eles elevam e real\u00e7am a caixa ac\u00fastica, que se fixa a uma placa de metal preto acetinado. Esses p\u00e9s de alum\u00ednio preto fosco incluem um passa-cabos para um acoplamento ideal e uma instala\u00e7\u00e3o discreta. Seu design e estabilidade s\u00e3o complementados por uma base elegante em vidro temperado preto brilhante.<\/p>\n<p>&nbsp;<\/p>\n","protected":false},"excerpt":{"rendered":"<p>O Aria Evo XN\u00b01 possui p\u00e9s de 60,3 cm de altura. Eles elevam e real\u00e7am a caixa ac\u00fastica, que se fixa a uma placa de metal preto acetinado. Esses p\u00e9s de alum\u00ednio preto fosco incluem um passa-cabos para um acoplamento ideal e uma instala\u00e7\u00e3o discreta. Seu design e estabilidade s\u00e3o complementados por uma base elegante [&hellip;]<\/p>\n","protected":false},"featured_media":25330,"template":"","meta":{"_acf_changed":false},"product_brand":[],"product_cat":[89,45,104],"product_tag":[],"class_list":{"0":"post-25329","1":"product","2":"type-product","3":"status-publish","4":"has-post-thumbnail","6":"product_cat-acessorios","7":"product_cat-focal","8":"product_cat-racks-e-pedestais","10":"first","11":"instock","12":"sold-individually","13":"shipping-taxable","14":"purchasable","15":"product-type-simple"},"acf":[],"aioseo_notices":[],"_links":{"self":[{"href":"https:\/\/hificlub.com.br\/loja\/wp-json\/wp\/v2\/product\/25329","targetHints":{"allow":["GET"]}}],"collection":[{"href":"https:\/\/hificlub.com.br\/loja\/wp-json\/wp\/v2\/product"}],"about":[{"href":"https:\/\/hificlub.com.br\/loja\/wp-json\/wp\/v2\/types\/product"}],"wp:featuredmedia":[{"embeddable":true,"href":"https:\/\/hificlub.com.br\/loja\/wp-json\/wp\/v2\/media\/25330"}],"wp:attachment":[{"href":"https:\/\/hificlub.com.br\/loja\/wp-json\/wp\/v2\/media?parent=25329"}],"wp:term":[{"taxonomy":"product_brand","embeddable":true,"href":"https:\/\/hificlub.com.br\/loja\/wp-json\/wp\/v2\/product_brand?post=25329"},{"taxonomy":"product_cat","embeddable":true,"href":"https:\/\/hificlub.com.br\/loja\/wp-json\/wp\/v2\/product_cat?post=25329"},{"taxonomy":"product_tag","embeddable":true,"href":"https:\/\/hificlub.com.br\/loja\/wp-json\/wp\/v2\/product_tag?post=25329"}],"curies":[{"name":"wp","href":"https:\/\/api.w.org\/{rel}","templated":true}]}}