{"id":25323,"date":"2025-08-14T18:12:07","date_gmt":"2025-08-14T21:12:07","guid":{"rendered":"https:\/\/hificlub.com.br\/loja\/?post_type=product&#038;p=25323"},"modified":"2026-03-03T22:15:21","modified_gmt":"2026-03-04T01:15:21","slug":"focal-aria-sr900-caixa-surround-120-watts","status":"publish","type":"product","link":"https:\/\/hificlub.com.br\/loja\/produto\/focal-aria-sr900-caixa-surround-120-watts\/","title":{"rendered":"FOCAL Aria SR900 &#8211; Caixa Surround, Black, 120 Watts, (par)"},"content":{"rendered":"<p><strong>Caixa surround bipolar de 2 vias Feito na Fran\u00e7a<\/strong><br \/>\nA Aria SR 900 \u00e9 uma caixa de som surround bipolar bidirecional que oferece todas as vantagens da linha Aria Evo X, incluindo a famosa membrana Flax. Combinada com duas caixas de som de ch\u00e3o, a Aria Evo X Center e o subwoofer Sub 1000 F, ela garante uma instala\u00e7\u00e3o de home theater 5.1 impec\u00e1vel.<\/p>\n<p><strong>Alta defini\u00e7\u00e3o de som<\/strong><br \/>\nO cone flax dos alto-falantes de 13 cm proporciona som natural, graves ricos e \u00f3tima defini\u00e7\u00e3o sonora. Os dois tweeters tnf da focal, com seu engenhoso guia de ondas para direcionalidade controlada, proporcionam precis\u00e3o, controle e agudos suaves.<\/p>\n<p><strong>F\u00e1cil instala\u00e7\u00e3o<\/strong><br \/>\nCom seu gabinete fino, a aria sr 900 \u00e9 uma caixa de som compacta e f\u00e1cil de instalar. Tamb\u00e9m \u00e9 f\u00e1cil de integrar, gra\u00e7as ao sistema de montagem polyfix incluso.<\/p>\n<p><strong>Design elegante<\/strong><br \/>\nDispon\u00edvel no acabamento black satin, o aria sr 900 combina discri\u00e7\u00e3o e eleg\u00e2ncia. Fornecido com a caixa ac\u00fastica, o suporte magn\u00e9tico em tecido garante uma integra\u00e7\u00e3o ideal e discreta em ambientes de conviv\u00eancia.<\/p>\n<p>&nbsp;<\/p>\n<p>&nbsp;<\/p>\n<p>&nbsp;<\/p>\n<p><a href=\"https:\/\/www.ecoustics.com\/products\/focal-aria-evo-x-loudspeakers\/\" target=\"_blank\" rel=\"noopener\"><img loading=\"lazy\" decoding=\"async\" class=\"alignnone wp-image-23031\" src=\"https:\/\/hificlub.com.br\/loja\/wp-content\/uploads\/2024\/08\/Ecoustics-award.jpg\" alt=\"\" width=\"238\" height=\"64\" \/><\/a>\u00a0 \u00a0 <a href=\"https:\/\/www.audioadvice.com\/blogs\/expert-advice\/focal-aria-evo-x-series-overview?srsltid=AfmBOorGXodMllofRitd9MucAoS1QHyLJtpsQHuNBp4-P9KQ3ps_ROLj\" target=\"_blank\" rel=\"noopener\"><img loading=\"lazy\" decoding=\"async\" class=\"alignnone wp-image-24231 size-full\" src=\"https:\/\/hificlub.com.br\/loja\/wp-content\/uploads\/2025\/07\/Audio-Advice-award.jpg\" alt=\"\" width=\"321\" height=\"80\" srcset=\"https:\/\/hificlub.com.br\/loja\/wp-content\/uploads\/2025\/07\/Audio-Advice-award.jpg 321w, https:\/\/hificlub.com.br\/loja\/wp-content\/uploads\/2025\/07\/Audio-Advice-award-300x75.jpg 300w\" sizes=\"auto, (max-width: 321px) 100vw, 321px\" \/><\/a><\/p>\n<p>&nbsp;<\/p>\n","protected":false},"excerpt":{"rendered":"<p>Caixa surround bipolar de 2 vias Feito na Fran\u00e7a A Aria SR 900 \u00e9 uma caixa de som surround bipolar bidirecional que oferece todas as vantagens da linha Aria Evo X, incluindo a famosa membrana Flax. Combinada com duas caixas de som de ch\u00e3o, a Aria Evo X Center e o subwoofer Sub 1000 F, [&hellip;]<\/p>\n","protected":false},"featured_media":25324,"template":"","meta":{"_acf_changed":false},"product_brand":[],"product_cat":[281,17,45],"product_tag":[],"class_list":{"0":"post-25323","1":"product","2":"type-product","3":"status-publish","4":"has-post-thumbnail","6":"product_cat-caixa-surround","7":"product_cat-caixas","8":"product_cat-focal","10":"first","11":"instock","12":"sold-individually","13":"shipping-taxable","14":"purchasable","15":"product-type-simple"},"acf":[],"aioseo_notices":[],"_links":{"self":[{"href":"https:\/\/hificlub.com.br\/loja\/wp-json\/wp\/v2\/product\/25323","targetHints":{"allow":["GET"]}}],"collection":[{"href":"https:\/\/hificlub.com.br\/loja\/wp-json\/wp\/v2\/product"}],"about":[{"href":"https:\/\/hificlub.com.br\/loja\/wp-json\/wp\/v2\/types\/product"}],"wp:featuredmedia":[{"embeddable":true,"href":"https:\/\/hificlub.com.br\/loja\/wp-json\/wp\/v2\/media\/25324"}],"wp:attachment":[{"href":"https:\/\/hificlub.com.br\/loja\/wp-json\/wp\/v2\/media?parent=25323"}],"wp:term":[{"taxonomy":"product_brand","embeddable":true,"href":"https:\/\/hificlub.com.br\/loja\/wp-json\/wp\/v2\/product_brand?post=25323"},{"taxonomy":"product_cat","embeddable":true,"href":"https:\/\/hificlub.com.br\/loja\/wp-json\/wp\/v2\/product_cat?post=25323"},{"taxonomy":"product_tag","embeddable":true,"href":"https:\/\/hificlub.com.br\/loja\/wp-json\/wp\/v2\/product_tag?post=25323"}],"curies":[{"name":"wp","href":"https:\/\/api.w.org\/{rel}","templated":true}]}}