{"id":25309,"date":"2025-08-14T17:59:08","date_gmt":"2025-08-14T20:59:08","guid":{"rendered":"https:\/\/hificlub.com.br\/loja\/?post_type=product&#038;p=25309"},"modified":"2026-03-03T22:15:21","modified_gmt":"2026-03-04T01:15:21","slug":"focal-aria-evo-xcc-caixa-central-200-watts","status":"publish","type":"product","link":"https:\/\/hificlub.com.br\/loja\/produto\/focal-aria-evo-xcc-caixa-central-200-watts\/","title":{"rendered":"FOCAL Aria Evo XCC &#8211; Caixa Central, 200 Watts"},"content":{"rendered":"<p><strong>Caixa central de 2 vias Feito na Fran\u00e7a<\/strong><\/p>\n<p>Esta caixa ac\u00fastica central \u00e9 o complemento perfeito para a linha Aria Evo X de caixas ac\u00fasticas de ch\u00e3o para instala\u00e7\u00e3o em home theater. Um cuidado especial foi tomado em seu design para combinar os timbres, garantindo uniformidade e coer\u00eancia sonora em todas as configura\u00e7\u00f5es. Inova\u00e7\u00f5es focais, tamanho compacto e acabamentos elegantes se unem nesta caixa ac\u00fastica t\u00e3o discreta quanto potente.<\/p>\n<p><strong>Pureza do som<\/strong><\/p>\n<p>Herdando o know-how da focal, os produtos da linha aria evo x integram tecnologias que est\u00e3o na origem do som expressivo de alta fidelidade. Patenteada pela focal, a membrana flax dos alto-falantes proporciona o som mais natural poss\u00edvel, trazendo inteligibilidade e al\u00edvio \u00e0s vozes.<\/p>\n<p><strong>Tecnologias focal<\/strong><\/p>\n<p>Outra inova\u00e7\u00e3o da focal: o tweeter tam apresenta equil\u00edbrio harm\u00f4nico perfeito e agudos detalhados. Ele \u00e9 complementado por um gabinete de mdf ultrarr\u00edgido para eliminar vibra\u00e7\u00f5es e uma porta traseira dupla para limitar a compress\u00e3o e liberar totalmente os graves.<\/p>\n<p><strong>Acabamentos atemporais<\/strong><\/p>\n<p>Design s\u00f3brio e materiais nobres caracterizam a caixa ac\u00fastica. Seus acabamentos em preto alto brilho, nogueira prime e verde musgo alto brilho, al\u00e9m do painel frontal com efeito couro, conferem personalidade e eleg\u00e2ncia a qualquer ambiente.<\/p>\n<p>&nbsp;<\/p>\n<p><a href=\"https:\/\/www.ecoustics.com\/products\/focal-aria-evo-x-loudspeakers\/\" target=\"_blank\" rel=\"noopener\"><img loading=\"lazy\" decoding=\"async\" class=\"alignnone wp-image-23031\" src=\"https:\/\/hificlub.com.br\/loja\/wp-content\/uploads\/2024\/08\/Ecoustics-award.jpg\" alt=\"\" width=\"238\" height=\"64\" \/><\/a>\u00a0 \u00a0 <a href=\"https:\/\/www.audioadvice.com\/blogs\/expert-advice\/focal-aria-evo-x-series-overview?srsltid=AfmBOorGXodMllofRitd9MucAoS1QHyLJtpsQHuNBp4-P9KQ3ps_ROLj\" target=\"_blank\" rel=\"noopener\"><img loading=\"lazy\" decoding=\"async\" class=\"alignnone wp-image-24231 size-full\" src=\"https:\/\/hificlub.com.br\/loja\/wp-content\/uploads\/2025\/07\/Audio-Advice-award.jpg\" alt=\"\" width=\"321\" height=\"80\" srcset=\"https:\/\/hificlub.com.br\/loja\/wp-content\/uploads\/2025\/07\/Audio-Advice-award.jpg 321w, https:\/\/hificlub.com.br\/loja\/wp-content\/uploads\/2025\/07\/Audio-Advice-award-300x75.jpg 300w\" sizes=\"auto, (max-width: 321px) 100vw, 321px\" \/><\/a><\/p>\n","protected":false},"excerpt":{"rendered":"<p>Caixa central de 2 vias Feito na Fran\u00e7a Esta caixa ac\u00fastica central \u00e9 o complemento perfeito para a linha Aria Evo X de caixas ac\u00fasticas de ch\u00e3o para instala\u00e7\u00e3o em home theater. Um cuidado especial foi tomado em seu design para combinar os timbres, garantindo uniformidade e coer\u00eancia sonora em todas as configura\u00e7\u00f5es. Inova\u00e7\u00f5es focais, [&hellip;]<\/p>\n","protected":false},"featured_media":25315,"template":"","meta":{"_acf_changed":false},"product_brand":[],"product_cat":[35,17,45],"product_tag":[],"class_list":{"0":"post-25309","1":"product","2":"type-product","3":"status-publish","4":"has-post-thumbnail","6":"product_cat-caixas-centrais","7":"product_cat-caixas","8":"product_cat-focal","10":"first","11":"instock","12":"sold-individually","13":"shipping-taxable","14":"purchasable","15":"product-type-simple"},"acf":[],"aioseo_notices":[],"_links":{"self":[{"href":"https:\/\/hificlub.com.br\/loja\/wp-json\/wp\/v2\/product\/25309","targetHints":{"allow":["GET"]}}],"collection":[{"href":"https:\/\/hificlub.com.br\/loja\/wp-json\/wp\/v2\/product"}],"about":[{"href":"https:\/\/hificlub.com.br\/loja\/wp-json\/wp\/v2\/types\/product"}],"wp:featuredmedia":[{"embeddable":true,"href":"https:\/\/hificlub.com.br\/loja\/wp-json\/wp\/v2\/media\/25315"}],"wp:attachment":[{"href":"https:\/\/hificlub.com.br\/loja\/wp-json\/wp\/v2\/media?parent=25309"}],"wp:term":[{"taxonomy":"product_brand","embeddable":true,"href":"https:\/\/hificlub.com.br\/loja\/wp-json\/wp\/v2\/product_brand?post=25309"},{"taxonomy":"product_cat","embeddable":true,"href":"https:\/\/hificlub.com.br\/loja\/wp-json\/wp\/v2\/product_cat?post=25309"},{"taxonomy":"product_tag","embeddable":true,"href":"https:\/\/hificlub.com.br\/loja\/wp-json\/wp\/v2\/product_tag?post=25309"}],"curies":[{"name":"wp","href":"https:\/\/api.w.org\/{rel}","templated":true}]}}