{"id":25302,"date":"2025-08-14T17:52:04","date_gmt":"2025-08-14T20:52:04","guid":{"rendered":"https:\/\/hificlub.com.br\/loja\/?post_type=product&#038;p=25302"},"modified":"2026-03-03T22:15:21","modified_gmt":"2026-03-04T01:15:21","slug":"focal-aria-evo-x-n1-caixa-torre-120-watts","status":"publish","type":"product","link":"https:\/\/hificlub.com.br\/loja\/produto\/focal-aria-evo-x-n1-caixa-torre-120-watts\/","title":{"rendered":"FOCAL Aria Evo XN1- Caixa Bookshelf, 120 Watts, (par)"},"content":{"rendered":"<p><strong>Caixa Bookshelf de 2 vias Feito na Fran\u00e7a<\/strong><\/p>\n<p>A caixa de som de estante bidirecional Aria Evo XN\u00b01 combina desempenho, materiais de qualidade e compacidade. Com 39 cm de altura, ela se adapta facilmente a ambientes como escrit\u00f3rios ou pequenas salas de estar, seja com ou sem suporte espec\u00edfico. Com seu diafragma Flax exclusivo e tweeter TAM, ela promete uma experi\u00eancia musical renovada em casa.<\/p>\n<p><strong>Som rico e natural<\/strong><\/p>\n<p>O driver de m\u00e9dios\/graves permite que voc\u00ea aprecie todas as qualidades da membrana flax, uma tecnologia exclusiva da focal feita de linho franc\u00eas e fonte de um som natural e sem distor\u00e7\u00e3o. Gra\u00e7as ao tweeter tam, outra inova\u00e7\u00e3o, os agudos s\u00e3o precisos e suaves.<\/p>\n<p><strong>Conhecimento focal<\/strong><\/p>\n<p>Da fabrica\u00e7\u00e3o dos alto-falantes ao design do gabinete, o know-how da focal est\u00e1 em a\u00e7\u00e3o: surround tmd para estabilizar o diafragma m\u00f3vel, uma placa especial ao redor do tweeter para uma melhor imagem sonora e paredes do gabinete n\u00e3o paralelas para eliminar vibra\u00e7\u00f5es<strong>.<\/strong><\/p>\n<p><strong>Acabamentos atemporais<\/strong><\/p>\n<p>Design s\u00f3brio e materiais nobres caracterizam a caixa ac\u00fastica. Seus acabamentos em preto alto brilho, nogueira prime e verde musgo alto brilho, al\u00e9m do painel frontal com efeito couro, conferem personalidade e eleg\u00e2ncia a qualquer ambiente.<\/p>\n<p>&nbsp;<\/p>\n<p><a href=\"https:\/\/www.ecoustics.com\/products\/focal-aria-evo-x-loudspeakers\/\" target=\"_blank\" rel=\"noopener\"><img loading=\"lazy\" decoding=\"async\" class=\"alignnone wp-image-23031\" src=\"https:\/\/hificlub.com.br\/loja\/wp-content\/uploads\/2024\/08\/Ecoustics-award.jpg\" alt=\"\" width=\"238\" height=\"64\" \/><\/a>\u00a0 \u00a0 <a href=\"https:\/\/www.audioadvice.com\/blogs\/expert-advice\/focal-aria-evo-x-series-overview?srsltid=AfmBOorGXodMllofRitd9MucAoS1QHyLJtpsQHuNBp4-P9KQ3ps_ROLj\" target=\"_blank\" rel=\"noopener\"><img loading=\"lazy\" decoding=\"async\" class=\"alignnone wp-image-24231 size-full\" src=\"https:\/\/hificlub.com.br\/loja\/wp-content\/uploads\/2025\/07\/Audio-Advice-award.jpg\" alt=\"\" width=\"321\" height=\"80\" srcset=\"https:\/\/hificlub.com.br\/loja\/wp-content\/uploads\/2025\/07\/Audio-Advice-award.jpg 321w, https:\/\/hificlub.com.br\/loja\/wp-content\/uploads\/2025\/07\/Audio-Advice-award-300x75.jpg 300w\" sizes=\"auto, (max-width: 321px) 100vw, 321px\" \/><\/a><\/p>\n","protected":false},"excerpt":{"rendered":"<p>Caixa Bookshelf de 2 vias Feito na Fran\u00e7a A caixa de som de estante bidirecional Aria Evo XN\u00b01 combina desempenho, materiais de qualidade e compacidade. Com 39 cm de altura, ela se adapta facilmente a ambientes como escrit\u00f3rios ou pequenas salas de estar, seja com ou sem suporte espec\u00edfico. Com seu diafragma Flax exclusivo e [&hellip;]<\/p>\n","protected":false},"featured_media":25310,"template":"","meta":{"_acf_changed":false},"product_brand":[],"product_cat":[25,17,45],"product_tag":[],"class_list":{"0":"post-25302","1":"product","2":"type-product","3":"status-publish","4":"has-post-thumbnail","6":"product_cat-bookshelf","7":"product_cat-caixas","8":"product_cat-focal","10":"first","11":"instock","12":"sold-individually","13":"shipping-taxable","14":"purchasable","15":"product-type-simple"},"acf":[],"aioseo_notices":[],"_links":{"self":[{"href":"https:\/\/hificlub.com.br\/loja\/wp-json\/wp\/v2\/product\/25302","targetHints":{"allow":["GET"]}}],"collection":[{"href":"https:\/\/hificlub.com.br\/loja\/wp-json\/wp\/v2\/product"}],"about":[{"href":"https:\/\/hificlub.com.br\/loja\/wp-json\/wp\/v2\/types\/product"}],"wp:featuredmedia":[{"embeddable":true,"href":"https:\/\/hificlub.com.br\/loja\/wp-json\/wp\/v2\/media\/25310"}],"wp:attachment":[{"href":"https:\/\/hificlub.com.br\/loja\/wp-json\/wp\/v2\/media?parent=25302"}],"wp:term":[{"taxonomy":"product_brand","embeddable":true,"href":"https:\/\/hificlub.com.br\/loja\/wp-json\/wp\/v2\/product_brand?post=25302"},{"taxonomy":"product_cat","embeddable":true,"href":"https:\/\/hificlub.com.br\/loja\/wp-json\/wp\/v2\/product_cat?post=25302"},{"taxonomy":"product_tag","embeddable":true,"href":"https:\/\/hificlub.com.br\/loja\/wp-json\/wp\/v2\/product_tag?post=25302"}],"curies":[{"name":"wp","href":"https:\/\/api.w.org\/{rel}","templated":true}]}}