{"id":25291,"date":"2025-08-14T12:05:35","date_gmt":"2025-08-14T15:05:35","guid":{"rendered":"https:\/\/hificlub.com.br\/loja\/?post_type=product&#038;p=25291"},"modified":"2026-03-03T22:15:22","modified_gmt":"2026-03-04T01:15:22","slug":"focal-aria-evo-xn3-caixa-torre-300-watts","status":"publish","type":"product","link":"https:\/\/hificlub.com.br\/loja\/produto\/focal-aria-evo-xn3-caixa-torre-300-watts\/","title":{"rendered":"FOCAL Aria Evo XN3 &#8211; Caixa Torre, 300 Watts, (par)"},"content":{"rendered":"<p>Esta caixa de som, com seu design refinado e elegante, se destaca da Aria Evo XN\u00b02 gra\u00e7as ao seu woofer adicional, que revela uma din\u00e2mica impressionante, e ao seu tamanho compacto. Projetada para todos os amantes da m\u00fasica, para audi\u00e7\u00e3o hi-fi, ela tamb\u00e9m explora todo o seu potencial de desempenho em uma instala\u00e7\u00e3o de home theater.<\/p>\n<p><strong>Membrana ic\u00f4nica<\/strong><\/p>\n<p>Patenteada e fabricada em nossas oficinas, a membrana flax em fibra de linho franc\u00eas atende a todos os crit\u00e9rios de um cone de alta fidelidade: leveza, rigidez e amortecimento. Oferece um som neutro e natural, reprodu\u00e7\u00e3o rica nos m\u00e9dios e ataques limpos nos graves, al\u00e9m de uma est\u00e9tica \u00fanica.<\/p>\n<p><strong>Agudos suaves<\/strong><\/p>\n<p>O tweeter tam de perfil &#8220;m&#8221; foi projetado para oferecer um amplo \u00e2ngulo de difus\u00e3o e maior defini\u00e7\u00e3o sonora, sem direcionalidade. Com tecnologia exclusiva da focal, proporciona equil\u00edbrio harm\u00f4nico impec\u00e1vel e agudos detalhados com grande clareza e precis\u00e3o.<\/p>\n<p><strong>Design atemporais<\/strong><\/p>\n<p>O aria evo xn\u00b03 possui um design fino e elegante. Os acabamentos em preto alto brilho, nogueira prime e verde musgo alto brilho, combinados com um painel frontal com efeito couro, conferem atemporalidade, modernidade e refinamento \u00e0 caixa ac\u00fastica.<\/p>\n<p>Acabamentos: Preto Alto Brilho, Verde musgo alto brilho, Noz Prime<\/p>\n<p>&nbsp;<\/p>\n<p><a href=\"https:\/\/www.audioholics.com\/tower-speaker-reviews\/focal2019s-aria-evo-x\" target=\"_blank\" rel=\"noopener\"><img loading=\"lazy\" decoding=\"async\" class=\"alignnone wp-image-22732 size-full\" src=\"https:\/\/hificlub.com.br\/loja\/wp-content\/uploads\/2025\/06\/Audioholics.jpg\" alt=\"\" width=\"353\" height=\"134\" srcset=\"https:\/\/hificlub.com.br\/loja\/wp-content\/uploads\/2025\/06\/Audioholics.jpg 353w, https:\/\/hificlub.com.br\/loja\/wp-content\/uploads\/2025\/06\/Audioholics-300x114.jpg 300w\" sizes=\"auto, (max-width: 353px) 100vw, 353px\" \/><\/a>\u00a0 \u00a0 <a href=\"https:\/\/www.whathifi.com\/reviews\/focal-aria-evo-x-no3\" target=\"_blank\" rel=\"noopener\"><img loading=\"lazy\" decoding=\"async\" class=\"alignnone wp-image-17983\" src=\"https:\/\/hificlub.com.br\/loja\/wp-content\/uploads\/2024\/09\/what-hifi-awards-1.png\" alt=\"\" width=\"213\" height=\"108\" srcset=\"https:\/\/hificlub.com.br\/loja\/wp-content\/uploads\/2024\/09\/what-hifi-awards-1.png 316w, https:\/\/hificlub.com.br\/loja\/wp-content\/uploads\/2024\/09\/what-hifi-awards-1-300x152.png 300w\" sizes=\"auto, (max-width: 213px) 100vw, 213px\" \/><\/a><\/p>\n","protected":false},"excerpt":{"rendered":"<p>Esta caixa de som, com seu design refinado e elegante, se destaca da Aria Evo XN\u00b02 gra\u00e7as ao seu woofer adicional, que revela uma din\u00e2mica impressionante, e ao seu tamanho compacto. Projetada para todos os amantes da m\u00fasica, para audi\u00e7\u00e3o hi-fi, ela tamb\u00e9m explora todo o seu potencial de desempenho em uma instala\u00e7\u00e3o de home [&hellip;]<\/p>\n","protected":false},"featured_media":25292,"template":"","meta":{"_acf_changed":false},"product_brand":[],"product_cat":[17,45,18],"product_tag":[],"class_list":{"0":"post-25291","1":"product","2":"type-product","3":"status-publish","4":"has-post-thumbnail","6":"product_cat-caixas","7":"product_cat-focal","8":"product_cat-torres","10":"first","11":"instock","12":"sold-individually","13":"shipping-taxable","14":"purchasable","15":"product-type-simple"},"acf":[],"aioseo_notices":[],"_links":{"self":[{"href":"https:\/\/hificlub.com.br\/loja\/wp-json\/wp\/v2\/product\/25291","targetHints":{"allow":["GET"]}}],"collection":[{"href":"https:\/\/hificlub.com.br\/loja\/wp-json\/wp\/v2\/product"}],"about":[{"href":"https:\/\/hificlub.com.br\/loja\/wp-json\/wp\/v2\/types\/product"}],"wp:featuredmedia":[{"embeddable":true,"href":"https:\/\/hificlub.com.br\/loja\/wp-json\/wp\/v2\/media\/25292"}],"wp:attachment":[{"href":"https:\/\/hificlub.com.br\/loja\/wp-json\/wp\/v2\/media?parent=25291"}],"wp:term":[{"taxonomy":"product_brand","embeddable":true,"href":"https:\/\/hificlub.com.br\/loja\/wp-json\/wp\/v2\/product_brand?post=25291"},{"taxonomy":"product_cat","embeddable":true,"href":"https:\/\/hificlub.com.br\/loja\/wp-json\/wp\/v2\/product_cat?post=25291"},{"taxonomy":"product_tag","embeddable":true,"href":"https:\/\/hificlub.com.br\/loja\/wp-json\/wp\/v2\/product_tag?post=25291"}],"curies":[{"name":"wp","href":"https:\/\/api.w.org\/{rel}","templated":true}]}}