{"id":25284,"date":"2025-08-14T11:47:36","date_gmt":"2025-08-14T14:47:36","guid":{"rendered":"https:\/\/hificlub.com.br\/loja\/?post_type=product&#038;p=25284"},"modified":"2026-03-03T22:15:22","modified_gmt":"2026-03-04T01:15:22","slug":"focal-aria-evo-xn4-caixa-torre-350-watts","status":"publish","type":"product","link":"https:\/\/hificlub.com.br\/loja\/produto\/focal-aria-evo-xn4-caixa-torre-350-watts\/","title":{"rendered":"FOCAL Aria Evo XN4 &#8211; Caixa Torre, 350 Watts, (par)"},"content":{"rendered":"<p>O Aria Evo XN\u00b04 representa um retorno \u00e0 ac\u00fastica aut\u00eantica. Apresenta um design que otimiza a reprodu\u00e7\u00e3o sonora: um tweeter TAM com perfil &#8220;M&#8221;, dois drivers de graves de 21 cm e um driver de m\u00e9dios com membrana Flax exclusiva, al\u00e9m de um sistema Bass-Reflex para maior profundidade sonora. \u00c9 o modelo perfeito para todos os amantes da m\u00fasica e caixas ac\u00fasticas com um visual moderno e refinado.<\/p>\n<p><strong>Um Som Rico E Natural<\/strong><\/p>\n<p>Com tecnologia Focal, a membrana Flax dos alto-falantes \u00e9 a fonte de um som extremamente natural, com reprodu\u00e7\u00e3o rica nos m\u00e9dios e excelente resposta de graves. O tweeter TAM proporciona agudos sedosos e um amplo \u00e2ngulo de dispers\u00e3o, gra\u00e7as ao seu exclusivo perfil &#8220;M&#8221;.<\/p>\n<p><strong>Design De Escolha<\/strong><\/p>\n<p>Fabricado na Fran\u00e7a, o Aria Evo XN\u00b04 apresenta um gabinete de MDF ultrarr\u00edgido para maior neutralidade, uma base de liga de alum\u00ednio para estabilidade no ch\u00e3o e um sistema multivoz para grande profundidade de som.<\/p>\n<p><strong>Acabamentos Meticulosos<\/strong><\/p>\n<p>Al\u00e9m do seu desempenho, a caixa ac\u00fastica revela um design meticuloso, que combina classicismo e modernidade para uma integra\u00e7\u00e3o perfeita em qualquer ambiente. Seus acabamentos em Preto Alto Brilho, Nogueira Prime e Verde Musgo Alto Brilho combinam com um painel frontal com efeito couro para oferecer ainda mais refinamento.<\/p>\n<p>Acabamentos: Preto Alto Brilho, Verde musgo alto brilho, Noz Prime<\/p>\n<p>&nbsp;<\/p>\n<p><a href=\"https:\/\/www.audioholics.com\/tower-speaker-reviews\/focal-aria-evo-x-no.4\"><img loading=\"lazy\" decoding=\"async\" class=\"alignnone size-full wp-image-22732\" src=\"https:\/\/hificlub.com.br\/loja\/wp-content\/uploads\/2025\/06\/Audioholics.jpg\" alt=\"\" width=\"353\" height=\"134\" data-wp-editing=\"1\" srcset=\"https:\/\/hificlub.com.br\/loja\/wp-content\/uploads\/2025\/06\/Audioholics.jpg 353w, https:\/\/hificlub.com.br\/loja\/wp-content\/uploads\/2025\/06\/Audioholics-300x114.jpg 300w\" sizes=\"auto, (max-width: 353px) 100vw, 353px\" \/>\u00a0\u00a0\u00a0\u00a0 <\/a><a href=\"https:\/\/www.whathifi.com\/news\/focals-aria-evo-x-speaker-range-could-be-the-stylish-home-cinema-solution-youve-been-searching-for\"><img loading=\"lazy\" decoding=\"async\" class=\"alignnone wp-image-20966\" src=\"https:\/\/hificlub.com.br\/loja\/wp-content\/uploads\/2024\/01\/what-hifi-awards-9.png\" alt=\"\" width=\"208\" height=\"105\" srcset=\"https:\/\/hificlub.com.br\/loja\/wp-content\/uploads\/2024\/01\/what-hifi-awards-9.png 316w, https:\/\/hificlub.com.br\/loja\/wp-content\/uploads\/2024\/01\/what-hifi-awards-9-300x152.png 300w\" sizes=\"auto, (max-width: 208px) 100vw, 208px\" \/><\/a><\/p>\n","protected":false},"excerpt":{"rendered":"<p>O Aria Evo XN\u00b04 representa um retorno \u00e0 ac\u00fastica aut\u00eantica. Apresenta um design que otimiza a reprodu\u00e7\u00e3o sonora: um tweeter TAM com perfil &#8220;M&#8221;, dois drivers de graves de 21 cm e um driver de m\u00e9dios com membrana Flax exclusiva, al\u00e9m de um sistema Bass-Reflex para maior profundidade sonora. \u00c9 o modelo perfeito para todos [&hellip;]<\/p>\n","protected":false},"featured_media":25288,"template":"","meta":{"_acf_changed":false},"product_brand":[],"product_cat":[17,45,18],"product_tag":[],"class_list":{"0":"post-25284","1":"product","2":"type-product","3":"status-publish","4":"has-post-thumbnail","6":"product_cat-caixas","7":"product_cat-focal","8":"product_cat-torres","10":"first","11":"instock","12":"sold-individually","13":"shipping-taxable","14":"purchasable","15":"product-type-simple"},"acf":[],"aioseo_notices":[],"_links":{"self":[{"href":"https:\/\/hificlub.com.br\/loja\/wp-json\/wp\/v2\/product\/25284","targetHints":{"allow":["GET"]}}],"collection":[{"href":"https:\/\/hificlub.com.br\/loja\/wp-json\/wp\/v2\/product"}],"about":[{"href":"https:\/\/hificlub.com.br\/loja\/wp-json\/wp\/v2\/types\/product"}],"wp:featuredmedia":[{"embeddable":true,"href":"https:\/\/hificlub.com.br\/loja\/wp-json\/wp\/v2\/media\/25288"}],"wp:attachment":[{"href":"https:\/\/hificlub.com.br\/loja\/wp-json\/wp\/v2\/media?parent=25284"}],"wp:term":[{"taxonomy":"product_brand","embeddable":true,"href":"https:\/\/hificlub.com.br\/loja\/wp-json\/wp\/v2\/product_brand?post=25284"},{"taxonomy":"product_cat","embeddable":true,"href":"https:\/\/hificlub.com.br\/loja\/wp-json\/wp\/v2\/product_cat?post=25284"},{"taxonomy":"product_tag","embeddable":true,"href":"https:\/\/hificlub.com.br\/loja\/wp-json\/wp\/v2\/product_tag?post=25284"}],"curies":[{"name":"wp","href":"https:\/\/api.w.org\/{rel}","templated":true}]}}