{"id":25264,"date":"2025-08-13T17:58:35","date_gmt":"2025-08-13T20:58:35","guid":{"rendered":"https:\/\/hificlub.com.br\/loja\/?post_type=product&#038;p=25264"},"modified":"2026-03-03T22:15:22","modified_gmt":"2026-03-04T01:15:22","slug":"reloop-125-antistatic-protection-sleeve-capa-de-protecao-antiestatica-de-125-conjunto-com-50-pecas","status":"publish","type":"product","link":"https:\/\/hificlub.com.br\/loja\/produto\/reloop-125-antistatic-protection-sleeve-capa-de-protecao-antiestatica-de-125-conjunto-com-50-pecas\/","title":{"rendered":"RELOOP 12,5&#8243; Antistatic Protection Sleeve &#8211; Capa de Prote\u00e7\u00e3o Antiest\u00e1tica para Discos de Vinil de 12,5&#8243; (conjunto com 50 pe\u00e7as)"},"content":{"rendered":"<p><span dir=\"auto\">Capas internas antiest\u00e1ticas para discos de vinil de 12&#8221;<\/span><\/p>\n<ul>\n<li><span dir=\"auto\">Evita carga est\u00e1tica<\/span><\/li>\n<li><span dir=\"auto\">Protege seu vinil<\/span><\/li>\n<\/ul>\n","protected":false},"excerpt":{"rendered":"<p>Capas internas antiest\u00e1ticas para discos de vinil de 12&#8221; Evita carga est\u00e1tica Protege seu vinil<\/p>\n","protected":false},"featured_media":25265,"template":"","meta":{"_acf_changed":false},"product_brand":[],"product_cat":[169,78,255],"product_tag":[],"class_list":{"0":"post-25264","1":"product","2":"type-product","3":"status-publish","4":"has-post-thumbnail","6":"product_cat-acessorios-analogico-audio","7":"product_cat-analogico-audio","8":"product_cat-reloop","10":"first","11":"instock","12":"sold-individually","13":"shipping-taxable","14":"purchasable","15":"product-type-simple"},"acf":[],"aioseo_notices":[],"_links":{"self":[{"href":"https:\/\/hificlub.com.br\/loja\/wp-json\/wp\/v2\/product\/25264","targetHints":{"allow":["GET"]}}],"collection":[{"href":"https:\/\/hificlub.com.br\/loja\/wp-json\/wp\/v2\/product"}],"about":[{"href":"https:\/\/hificlub.com.br\/loja\/wp-json\/wp\/v2\/types\/product"}],"wp:featuredmedia":[{"embeddable":true,"href":"https:\/\/hificlub.com.br\/loja\/wp-json\/wp\/v2\/media\/25265"}],"wp:attachment":[{"href":"https:\/\/hificlub.com.br\/loja\/wp-json\/wp\/v2\/media?parent=25264"}],"wp:term":[{"taxonomy":"product_brand","embeddable":true,"href":"https:\/\/hificlub.com.br\/loja\/wp-json\/wp\/v2\/product_brand?post=25264"},{"taxonomy":"product_cat","embeddable":true,"href":"https:\/\/hificlub.com.br\/loja\/wp-json\/wp\/v2\/product_cat?post=25264"},{"taxonomy":"product_tag","embeddable":true,"href":"https:\/\/hificlub.com.br\/loja\/wp-json\/wp\/v2\/product_tag?post=25264"}],"curies":[{"name":"wp","href":"https:\/\/api.w.org\/{rel}","templated":true}]}}